{"id":22438,"date":"2022-03-06T16:13:24","date_gmt":"2022-03-06T15:13:24","guid":{"rendered":"https:\/\/mgvpublications.com\/produkt\/efsane-bir-barbaros-romani\/"},"modified":"2022-03-08T22:58:12","modified_gmt":"2022-03-08T21:58:12","slug":"efsane-bir-barbaros-romani","status":"publish","type":"product","link":"https:\/\/mgvpublications.com\/de\/efsane-bir-barbaros-romani\/","title":{"rendered":"Efsane Bir Barbaros Roman\u0131"},"content":{"rendered":"<p>Yay\u0131n Tarihi: 20.08.2021<br \/>ISBN: 9786054683772<br \/>Dil: T\u00dcRK\u00c7E<br \/>Sayfa Say\u0131s\u0131: 392<br \/>Cilt Tipi: Karton Kapak<br \/>Ka\u011f\u0131t Cinsi: Kitap Ka\u011f\u0131d\u0131<br \/>Boyut: 13.5 x 19.5 cm<\/p>","protected":false},"excerpt":{"rendered":"<p>Efsaneler bazen denizden, Bazen a\u015fktan ve ate\u015ften gelirler. A\u015fktan ve ate\u015ften ve denizden gelenler, Bazen \u0131\u015f\u0131k olurlar ve b\u00fct\u00fcn zaman\u0131 ayd\u0131nlat\u0131rlar\u2026 Efsane kurmak kadar, efsaneyi yazmak da efsaneye d\u00e2hildir. Bir \u00e7a\u011f\u0131 haritalarda bulamazs\u0131n\u0131z. Derine, insana ve tarihin denizlerine a\u00e7\u0131lmak gerekir. Girdaplarda y\u00fcksek idealler saklanabilir. Bu kitapta \u0130stanbul, G\u0131rnata, Madrid, Roma ve Akdeniz; a\u015fk diliyle ku\u015fat\u0131ld\u0131. Akdeniz, a\u015fk kaleminin haritas\u0131yla yeniden \u00e7izildi. K\u0131l\u0131\u00e7 k\u0131l\u0131ca, cevher \u00e7eli\u011fe \u00e7arpt\u0131, varl\u0131k da yoklu\u011fa. Ve hep bir yol vard\u0131 kalplerden denizlere. Derin denizler, b\u00fcy\u00fck a\u015fklar i\u00e7in atlas olup dokundu. \u0130skender Pala, bir \u00e7a\u011f\u0131 ve o \u00e7a\u011f\u0131n efsanelerini dile d\u00f6kt\u00fc. Barbaros Hayreddin Pa\u015fa\u2019y\u0131&#8230; Sonra, bir g\u00fcl sepeti getirdi. Is\u0131r\u0131lm\u0131\u015f \u00fc\u00e7 elmay\u0131 anlatt\u0131.<\/p>","protected":false},"featured_media":22437,"template":"","meta":{"spay_email":""},"product_cat":[168],"product_tag":[],"item":[384],"acf":[],"_links":{"self":[{"href":"https:\/\/mgvpublications.com\/de\/wp-json\/wp\/v2\/product\/22438"}],"collection":[{"href":"https:\/\/mgvpublications.com\/de\/wp-json\/wp\/v2\/product"}],"about":[{"href":"https:\/\/mgvpublications.com\/de\/wp-json\/wp\/v2\/types\/product"}],"wp:featuredmedia":[{"embeddable":true,"href":"https:\/\/mgvpublications.com\/de\/wp-json\/wp\/v2\/media\/22437"}],"wp:attachment":[{"href":"https:\/\/mgvpublications.com\/de\/wp-json\/wp\/v2\/media?parent=22438"}],"wp:term":[{"taxonomy":"product_cat","embeddable":true,"href":"https:\/\/mgvpublications.com\/de\/wp-json\/wp\/v2\/product_cat?post=22438"},{"taxonomy":"product_tag","embeddable":true,"href":"https:\/\/mgvpublications.com\/de\/wp-json\/wp\/v2\/product_tag?post=22438"},{"taxonomy":"item","embeddable":true,"href":"https:\/\/mgvpublications.com\/de\/wp-json\/wp\/v2\/item?post=22438"}],"curies":[{"name":"wp","href":"https:\/\/api.w.org\/{rel}","templated":true}]}}