{"id":22436,"date":"2022-03-06T16:13:22","date_gmt":"2022-03-06T15:13:22","guid":{"rendered":"https:\/\/mgvpublications.com\/produkt\/kitab-i-ask\/"},"modified":"2022-03-08T22:58:12","modified_gmt":"2022-03-08T21:58:12","slug":"kitab-i-ask","status":"publish","type":"product","link":"https:\/\/mgvpublications.com\/de\/kitab-i-ask\/","title":{"rendered":"Kitab-\u0131 A\u015fk"},"content":{"rendered":"<p>Yay\u0131n Tarihi: 05.06.2020<br \/>ISBN: 9789752975989<br \/>Dil: T\u00dcRK\u00c7E<br \/>Sayfa Say\u0131s\u0131: 148<br \/>Cilt Tipi: Karton Kapak<br \/>Ka\u011f\u0131t Cinsi: Kitap Ka\u011f\u0131d\u0131<br \/>Boyut: 13.5 x 19.5 cm<\/p>","protected":false},"excerpt":{"rendered":"<p>Kit\u00e2b-\u0131 A\u015fk, b\u00fct\u00fcn bu kavram karga\u015fas\u0131 i\u00e7inde a\u015fk\u0131n katmanlar\u0131n\u0131, t\u00fcrlerini ve asaletini irdelemek, belki her d\u00fczeyden insan\u0131n g\u00f6nl\u00fcnde hissetti\u011fi, dima\u011f\u0131nda alg\u0131lad\u0131\u011f\u0131 ama asla net bi\u00e7imde tan\u0131mlayamad\u0131\u011f\u0131 duygular\u0131na a\u00e7\u0131kl\u0131k getirmek i\u00e7in d\u00fczenlendi. Kit\u00e2b-\u0131 A\u015fk\u2019\u0131n i\u00e7indeki yaz\u0131lar de\u011fi\u015fik zamanlarda ve farkl\u0131 zeminlerde kaleme al\u0131nm\u0131\u015f olmakla birlikte belli bir d\u00fczen ve b\u00fct\u00fcnl\u00fck i\u00e7inde bir araya getirilmi\u015ftir. Baz\u0131lar\u0131 farkl\u0131 kitaplar\u0131m\u0131zda yay\u0131nlanan bu deneme ve \u00f6yk\u00fcleri okurken b\u00fct\u00fcn varl\u0131\u011f\u0131m\u0131z\u0131 ve hatta varolu\u015fu ku\u015fatan a\u015fk\u0131n y\u00fczeysel, derin ve daha derin katmanlar\u0131nda k\u00fc\u00e7\u00fck yolculuklar yapacaks\u0131n\u0131z. Bu yolculuklar s\u0131ras\u0131nda, duygular\u0131n\u0131z\u0131n ger\u00e7ekte sizi nereye do\u011fru g\u00f6t\u00fcrd\u00fc\u011f\u00fc, aya\u011f\u0131n\u0131z\u0131 ba\u011flayan tensel arzulardan s\u0131yr\u0131l\u0131p platonik veya mecaz\u00ee a\u015fka do\u011fru kanatland\u0131\u011f\u0131n\u0131zda kendinizi yeniden ke\u015ffetmeye ba\u015flayaca\u011f\u0131n\u0131z noktay\u0131 da bulacaks\u0131n\u0131z. Oras\u0131, belki de sizin kendinizden vazge\u00e7ece\u011finiz noktad\u0131r. \u00c7\u00fcnk\u00fc can\u0131na sevgili isteyen ile sevgili i\u00e7in can isteyen aras\u0131nda hayat yolculu\u011funun ta kendisi gizlidir.<\/p>","protected":false},"featured_media":22435,"template":"","meta":{"spay_email":""},"product_cat":[168],"product_tag":[],"item":[384],"acf":[],"_links":{"self":[{"href":"https:\/\/mgvpublications.com\/de\/wp-json\/wp\/v2\/product\/22436"}],"collection":[{"href":"https:\/\/mgvpublications.com\/de\/wp-json\/wp\/v2\/product"}],"about":[{"href":"https:\/\/mgvpublications.com\/de\/wp-json\/wp\/v2\/types\/product"}],"wp:featuredmedia":[{"embeddable":true,"href":"https:\/\/mgvpublications.com\/de\/wp-json\/wp\/v2\/media\/22435"}],"wp:attachment":[{"href":"https:\/\/mgvpublications.com\/de\/wp-json\/wp\/v2\/media?parent=22436"}],"wp:term":[{"taxonomy":"product_cat","embeddable":true,"href":"https:\/\/mgvpublications.com\/de\/wp-json\/wp\/v2\/product_cat?post=22436"},{"taxonomy":"product_tag","embeddable":true,"href":"https:\/\/mgvpublications.com\/de\/wp-json\/wp\/v2\/product_tag?post=22436"},{"taxonomy":"item","embeddable":true,"href":"https:\/\/mgvpublications.com\/de\/wp-json\/wp\/v2\/item?post=22436"}],"curies":[{"name":"wp","href":"https:\/\/api.w.org\/{rel}","templated":true}]}}