{"id":22412,"date":"2022-03-06T16:12:33","date_gmt":"2022-03-06T15:12:33","guid":{"rendered":"https:\/\/mgvpublications.com\/produkt\/daha-da-kucukler-icin-su-acayip-balinalar\/"},"modified":"2022-03-08T22:58:09","modified_gmt":"2022-03-08T21:58:09","slug":"daha-da-kucukler-icin-su-acayip-balinalar","status":"publish","type":"product","link":"https:\/\/mgvpublications.com\/de\/daha-da-kucukler-icin-su-acayip-balinalar\/","title":{"rendered":"Daha da K\u00fc\u00e7\u00fckler \u0130\u00e7in \u015eu Acayip Balinalar"},"content":{"rendered":"<p>Yay\u0131n Tarihi: 09.10.2020<br \/>ISBN: 9786257151214<br \/>Dil: T\u00dcRK\u00c7E<br \/>Sayfa Say\u0131s\u0131: 48<br \/>Cilt Tipi: Karton Kapak<br \/>Ka\u011f\u0131t Cinsi: Kitap Ka\u011f\u0131d\u0131<br \/>Boyut: 22 x 21 cm<\/p>","protected":false},"excerpt":{"rendered":"<p>\u2013 Ar\u0131yorum! Ar\u0131yorum! Ama BAL\u0130NALARI bulam\u0131yorum! \u2013 Dikkatlice bakt\u0131n m\u0131? Belki g\u00f6z\u00fcnden ka\u00e7m\u0131\u015ft\u0131r. \u2013 Bir balina insan\u0131n g\u00f6z\u00fcnden nas\u0131l ka\u00e7abilir? \u2013 Hakl\u0131s\u0131n. \u00d6zellikle de arad\u0131\u011f\u0131n bir MAV\u0130 BAL\u0130NA ise! D\u00fc\u015f\u00fcnsene, hayvan\u0131n sadece dili bile, bir fil kadar a\u011f\u0131r! \u2013 Evet olacak i\u015f de\u011fil! Koskoca HAYVANLAR ANS\u0130KLOPED\u0130S\u0130\u2019nin BALIKLAR b\u00f6l\u00fcm\u00fcn\u00fc \u00fc\u00e7 kez ba\u015ftan sona tarad\u0131m, alt\u0131n\u0131 \u00fcst\u00fcne getirdim ama balinalarla ilgili hi\u00e7bir \u015fey bulamad\u0131m! Minnac\u0131k lepisteslere dair koskoca iki sayfa ay\u0131ran ansiklopedi, yery\u00fcz\u00fc yarat\u0131lal\u0131 ve hayvanlarla \u015fenlendirileli beri nefes al\u0131p vermi\u015f en b\u00fcy\u00fck canl\u0131 hakk\u0131nda bir sat\u0131r yazmaz m\u0131? \u2013 Hi\u00e7! Bir \u015fey sorabilir miyim? \u2013 Sor tabii. \u2013 Sen balinalar\u0131 nerede ar\u0131yorsun? \u2013 Nas\u0131l nerde? \u0130\u015fte burda! HAYVANLAR ANS\u0130KLOPED\u0130S\u0130\u2019nin BALIKLAR b\u00f6l\u00fcm\u00fcnde! \u2013 Bulamamana \u015fa\u015f\u0131rmamal\u0131! \u2013 Nedenmi\u015f? \u2013 Tamam, suda ya\u015f\u0131yorlar ve \u015fekil olarak da bal\u0131klara benziyorlar ama balinalar asl\u0131nda bal\u0131k de\u011fildir. Onlar memelilerin suda ya\u015fayan bal\u0131\u011f\u0131ms\u0131lar s\u0131n\u0131f\u0131ndand\u0131r! Bir balina, bir k\u00f6pekbal\u0131\u011f\u0131ndan ya da bir orkinostan \u00e7ok; bir file, bir suayg\u0131r\u0131na benzer&#8230; \u2013 Yok art\u0131k!<\/p>","protected":false},"featured_media":22411,"template":"","meta":{"spay_email":""},"product_cat":[1588],"product_tag":[],"item":[692],"acf":[],"_links":{"self":[{"href":"https:\/\/mgvpublications.com\/de\/wp-json\/wp\/v2\/product\/22412"}],"collection":[{"href":"https:\/\/mgvpublications.com\/de\/wp-json\/wp\/v2\/product"}],"about":[{"href":"https:\/\/mgvpublications.com\/de\/wp-json\/wp\/v2\/types\/product"}],"wp:featuredmedia":[{"embeddable":true,"href":"https:\/\/mgvpublications.com\/de\/wp-json\/wp\/v2\/media\/22411"}],"wp:attachment":[{"href":"https:\/\/mgvpublications.com\/de\/wp-json\/wp\/v2\/media?parent=22412"}],"wp:term":[{"taxonomy":"product_cat","embeddable":true,"href":"https:\/\/mgvpublications.com\/de\/wp-json\/wp\/v2\/product_cat?post=22412"},{"taxonomy":"product_tag","embeddable":true,"href":"https:\/\/mgvpublications.com\/de\/wp-json\/wp\/v2\/product_tag?post=22412"},{"taxonomy":"item","embeddable":true,"href":"https:\/\/mgvpublications.com\/de\/wp-json\/wp\/v2\/item?post=22412"}],"curies":[{"name":"wp","href":"https:\/\/api.w.org\/{rel}","templated":true}]}}