{"id":22408,"date":"2022-03-06T16:12:26","date_gmt":"2022-03-06T15:12:26","guid":{"rendered":"https:\/\/mgvpublications.com\/produkt\/huzunlu-tebessumler-2\/"},"modified":"2022-03-08T22:58:09","modified_gmt":"2022-03-08T21:58:09","slug":"huzunlu-tebessumler-2","status":"publish","type":"product","link":"https:\/\/mgvpublications.com\/de\/huzunlu-tebessumler-2\/","title":{"rendered":"H\u00fcz\u00fcnl\u00fc Tebess\u00fcmler 2"},"content":{"rendered":"<p>Yay\u0131n Tarihi: 18.01.2021<br \/>ISBN: 9786257151412<br \/>Dil: T\u00dcRK\u00c7E<br \/>Sayfa Say\u0131s\u0131: 96<br \/>Cilt Tipi: Karton Kapak<br \/>Ka\u011f\u0131t Cinsi: Kitap Ka\u011f\u0131d\u0131<br \/>Boyut: 13.5 x 21 cm<\/p>","protected":false},"excerpt":{"rendered":"<p>Sevdi\u011fimiz insanlara, onlar\u0131 sevmemize izin verdikleri i\u00e7in te\u015fekk\u00fcr etmeliyiz&#8230; * * * Bazen, ayak alt\u0131ndan \u00e7ekilmek gerekir. Hay\u0131r! Ezilmek korkusundan de\u011fil; kimse tak\u0131l\u0131p d\u00fc\u015fmesin diye&#8230; * * * \u201cSahip olmak\u201d ile \u201csahibi olmak\u201d aras\u0131nda b\u00fcy\u00fck fark vard\u0131r! \u00c7ocuklar\u0131n\u0131za, sahipleri olmad\u0131\u011f\u0131n\u0131z\u0131 unutmadan sahip olun&#8230; * * * \u0130nsan, hayat\u0131 boyunca; sahip olmak istedi\u011fi, sahip olmay\u0131 hayal etti\u011fi bir \u015feye, hi\u00e7 sahip olamad\u0131\u011f\u0131 halde, kaybetmi\u015f gibi ac\u0131 \u00e7ekebiliyor&#8230; * * * Hayallerim k\u0131r\u0131ld\u0131\u011f\u0131nda; k\u0131r\u0131lmad\u0131klar\u0131n\u0131 hayal eder, hi\u00e7 hayalim olmamas\u0131ndansa, s\u0131rt\u0131mda bir \u00e7uval dolusu k\u0131r\u0131k hayalle ya\u015famay\u0131 se\u00e7erim&#8230; Bu incecik kitab\u0131n, a\u00e7\u0131k s\u00f6yleyeyim samimiyetten ba\u015fka hi\u00e7bir iddias\u0131 yok. Fakat samimiyet de iddia ile ol(a)mayaca\u011f\u0131na g\u00f6re, demek, hi\u00e7bir iddias\u0131 yok. \u0130ddias\u0131 yok evet. Ama emin olun, hat\u0131ras\u0131 \u00e7ok&#8230;<\/p>","protected":false},"featured_media":22407,"template":"","meta":{"spay_email":""},"product_cat":[168],"product_tag":[],"item":[692],"acf":[],"_links":{"self":[{"href":"https:\/\/mgvpublications.com\/de\/wp-json\/wp\/v2\/product\/22408"}],"collection":[{"href":"https:\/\/mgvpublications.com\/de\/wp-json\/wp\/v2\/product"}],"about":[{"href":"https:\/\/mgvpublications.com\/de\/wp-json\/wp\/v2\/types\/product"}],"wp:featuredmedia":[{"embeddable":true,"href":"https:\/\/mgvpublications.com\/de\/wp-json\/wp\/v2\/media\/22407"}],"wp:attachment":[{"href":"https:\/\/mgvpublications.com\/de\/wp-json\/wp\/v2\/media?parent=22408"}],"wp:term":[{"taxonomy":"product_cat","embeddable":true,"href":"https:\/\/mgvpublications.com\/de\/wp-json\/wp\/v2\/product_cat?post=22408"},{"taxonomy":"product_tag","embeddable":true,"href":"https:\/\/mgvpublications.com\/de\/wp-json\/wp\/v2\/product_tag?post=22408"},{"taxonomy":"item","embeddable":true,"href":"https:\/\/mgvpublications.com\/de\/wp-json\/wp\/v2\/item?post=22408"}],"curies":[{"name":"wp","href":"https:\/\/api.w.org\/{rel}","templated":true}]}}