{"id":22400,"date":"2022-03-06T16:12:12","date_gmt":"2022-03-06T15:12:12","guid":{"rendered":"https:\/\/mgvpublications.com\/produkt\/daha-da-kucukler-icin-su-acayip-atmosfer\/"},"modified":"2022-03-08T22:58:05","modified_gmt":"2022-03-08T21:58:05","slug":"daha-da-kucukler-icin-su-acayip-atmosfer","status":"publish","type":"product","link":"https:\/\/mgvpublications.com\/de\/daha-da-kucukler-icin-su-acayip-atmosfer\/","title":{"rendered":"Daha Da K\u00fc\u00e7\u00fckler \u0130\u00e7in \u015eu Acayip Atmosfer"},"content":{"rendered":"<p>Yay\u0131n Tarihi: 06.11.2021<br \/>ISBN: 9786257151634<br \/>Dil: T\u00dcRK\u00c7E<br \/>Sayfa Say\u0131s\u0131: 48<br \/>Cilt Tipi: Karton Kapak<br \/>Ka\u011f\u0131t Cinsi: Kitap Ka\u011f\u0131d\u0131<br \/>Boyut: 22 x 21 cm<br \/>Di\u011fer \u00d6zellik: 5  Ya\u015f<\/p>","protected":false},"excerpt":{"rendered":"<p>D\u00dcNYA\u2019YI \u00e7epe\u00e7evre ku\u015fatan bu mavi g\u00f6k kubbe, yani atmosfer tabakas\u0131 sadece onu, G\u00fcne\u015f sistemindeki \u00f6teki gezegenlerden daha g\u00fczel ve al\u0131ml\u0131 yapmakla kalmaz, yery\u00fcz\u00fcnde; kelebeklerden fillere, mantarlardan sekoya a\u011fa\u00e7lar\u0131na kadar; tek h\u00fccreli, \u00e7ok h\u00fccreli, omurgal\u0131, omurgas\u0131z, yumurtadan \u00e7\u0131kan, annesinden do\u011fan, u\u00e7an, y\u00fczen, ko\u015fan ne kadar canl\u0131 varsa, hepsinin rahat\u00e7a ya\u015fayabilece\u011fi g\u00fcvenli bir yuva olmas\u0131n\u0131 sa\u011flar.<\/p>","protected":false},"featured_media":22399,"template":"","meta":{"spay_email":""},"product_cat":[1588],"product_tag":[],"item":[692],"acf":[],"_links":{"self":[{"href":"https:\/\/mgvpublications.com\/de\/wp-json\/wp\/v2\/product\/22400"}],"collection":[{"href":"https:\/\/mgvpublications.com\/de\/wp-json\/wp\/v2\/product"}],"about":[{"href":"https:\/\/mgvpublications.com\/de\/wp-json\/wp\/v2\/types\/product"}],"wp:featuredmedia":[{"embeddable":true,"href":"https:\/\/mgvpublications.com\/de\/wp-json\/wp\/v2\/media\/22399"}],"wp:attachment":[{"href":"https:\/\/mgvpublications.com\/de\/wp-json\/wp\/v2\/media?parent=22400"}],"wp:term":[{"taxonomy":"product_cat","embeddable":true,"href":"https:\/\/mgvpublications.com\/de\/wp-json\/wp\/v2\/product_cat?post=22400"},{"taxonomy":"product_tag","embeddable":true,"href":"https:\/\/mgvpublications.com\/de\/wp-json\/wp\/v2\/product_tag?post=22400"},{"taxonomy":"item","embeddable":true,"href":"https:\/\/mgvpublications.com\/de\/wp-json\/wp\/v2\/item?post=22400"}],"curies":[{"name":"wp","href":"https:\/\/api.w.org\/{rel}","templated":true}]}}