{"id":22398,"date":"2022-03-06T16:12:06","date_gmt":"2022-03-06T15:12:06","guid":{"rendered":"https:\/\/mgvpublications.com\/produkt\/daha-da-kucukler-icin-su-acayip-gezegenler\/"},"modified":"2022-03-08T22:58:05","modified_gmt":"2022-03-08T21:58:05","slug":"daha-da-kucukler-icin-su-acayip-gezegenler","status":"publish","type":"product","link":"https:\/\/mgvpublications.com\/de\/daha-da-kucukler-icin-su-acayip-gezegenler\/","title":{"rendered":"Daha Da K\u00fc\u00e7\u00fckler \u0130\u00e7in \u015eu Acayip Gezegenler"},"content":{"rendered":"<p>Yay\u0131n Tarihi: 06.11.2021<br \/>ISBN: 9786257151627<br \/>Dil: T\u00dcRK\u00c7E<br \/>Sayfa Say\u0131s\u0131: 48<br \/>Cilt Tipi: Karton Kapak<br \/>Ka\u011f\u0131t Cinsi: Kitap Ka\u011f\u0131d\u0131<br \/>Boyut: 22 x 21 cm<br \/>Di\u011fer \u00d6zellik: 5  Ya\u015f<\/p>","protected":false},"excerpt":{"rendered":"<p>Burada G\u00fcne\u015f, bu ihti\u015faml\u0131 yuvan\u0131n lambas\u0131 ve sobas\u0131; burada Ay, bu muhte\u015fem saray\u0131n bir gece kandilidir&#8230; Burada y\u0131ld\u0131zlar, her gece \u00fczerimizi \u00f6rten koyu lacivert kadifeden battaniyenin inciden s\u00fcsleridir&#8230; Burada her \u015fey insan i\u00e7in ve insana g\u00f6re yarat\u0131lm\u0131\u015ft\u0131r&#8230; Piknik mi yapmak istiyordunuz? Haydi \u00e7\u0131kar\u0131n yayg\u0131lar\u0131n\u0131z\u0131, kilimlerinizi ve serin \u015fu g\u00f6rkemli ceviz a\u011fa\u00e7lar\u0131n\u0131n alt\u0131na&#8230; Buras\u0131 D\u00fcnya\u2019d\u0131r, Rabbimizin rahmet eserleriyle ku\u015fat\u0131lm\u0131\u015f s\u0131ms\u0131cak ve \u015fip\u015firin bir yuvad\u0131r&#8230;<\/p>","protected":false},"featured_media":22397,"template":"","meta":{"spay_email":""},"product_cat":[1588],"product_tag":[],"item":[692],"acf":[],"_links":{"self":[{"href":"https:\/\/mgvpublications.com\/de\/wp-json\/wp\/v2\/product\/22398"}],"collection":[{"href":"https:\/\/mgvpublications.com\/de\/wp-json\/wp\/v2\/product"}],"about":[{"href":"https:\/\/mgvpublications.com\/de\/wp-json\/wp\/v2\/types\/product"}],"wp:featuredmedia":[{"embeddable":true,"href":"https:\/\/mgvpublications.com\/de\/wp-json\/wp\/v2\/media\/22397"}],"wp:attachment":[{"href":"https:\/\/mgvpublications.com\/de\/wp-json\/wp\/v2\/media?parent=22398"}],"wp:term":[{"taxonomy":"product_cat","embeddable":true,"href":"https:\/\/mgvpublications.com\/de\/wp-json\/wp\/v2\/product_cat?post=22398"},{"taxonomy":"product_tag","embeddable":true,"href":"https:\/\/mgvpublications.com\/de\/wp-json\/wp\/v2\/product_tag?post=22398"},{"taxonomy":"item","embeddable":true,"href":"https:\/\/mgvpublications.com\/de\/wp-json\/wp\/v2\/item?post=22398"}],"curies":[{"name":"wp","href":"https:\/\/api.w.org\/{rel}","templated":true}]}}