{"id":22392,"date":"2022-03-06T16:11:58","date_gmt":"2022-03-06T15:11:58","guid":{"rendered":"https:\/\/mgvpublications.com\/produkt\/anne-tabletimi-verir-misin\/"},"modified":"2022-03-08T22:58:05","modified_gmt":"2022-03-08T21:58:05","slug":"anne-tabletimi-verir-misin","status":"publish","type":"product","link":"https:\/\/mgvpublications.com\/de\/anne-tabletimi-verir-misin\/","title":{"rendered":"Anne Tabletimi Verir misin ?"},"content":{"rendered":"<p>Yay\u0131n Tarihi: 03.02.2022<br \/>ISBN: 9786057122810<br \/>Dil: T\u00dcRK\u00c7E<br \/>Sayfa Say\u0131s\u0131: 32<br \/>Cilt Tipi: Ciltli<br \/>Ka\u011f\u0131t Cinsi: Ku\u015fe Ka\u011f\u0131t<br \/>Boyut: 25 x 25 cm<\/p>","protected":false},"excerpt":{"rendered":"<p>Yusuf, tabletiyle oynuyor. Oynarken annesiyle baz\u0131 sorunlar ya\u015f\u0131yor. Haydi, Yusuf\u2019un maceralar\u0131n\u0131 okumaya ba\u015flayal\u0131m! Bakal\u0131m neler oluyor? Beni ve sana bu kitab\u0131 okuyan\u0131 dikkatle dinle. G\u00fczel okumalar! Ben, Kumru.<\/p>","protected":false},"featured_media":22391,"template":"","meta":{"spay_email":""},"product_cat":[172],"product_tag":[],"item":[1431],"acf":[],"_links":{"self":[{"href":"https:\/\/mgvpublications.com\/de\/wp-json\/wp\/v2\/product\/22392"}],"collection":[{"href":"https:\/\/mgvpublications.com\/de\/wp-json\/wp\/v2\/product"}],"about":[{"href":"https:\/\/mgvpublications.com\/de\/wp-json\/wp\/v2\/types\/product"}],"wp:featuredmedia":[{"embeddable":true,"href":"https:\/\/mgvpublications.com\/de\/wp-json\/wp\/v2\/media\/22391"}],"wp:attachment":[{"href":"https:\/\/mgvpublications.com\/de\/wp-json\/wp\/v2\/media?parent=22392"}],"wp:term":[{"taxonomy":"product_cat","embeddable":true,"href":"https:\/\/mgvpublications.com\/de\/wp-json\/wp\/v2\/product_cat?post=22392"},{"taxonomy":"product_tag","embeddable":true,"href":"https:\/\/mgvpublications.com\/de\/wp-json\/wp\/v2\/product_tag?post=22392"},{"taxonomy":"item","embeddable":true,"href":"https:\/\/mgvpublications.com\/de\/wp-json\/wp\/v2\/item?post=22392"}],"curies":[{"name":"wp","href":"https:\/\/api.w.org\/{rel}","templated":true}]}}