{"id":22390,"date":"2022-03-06T16:11:52","date_gmt":"2022-03-06T15:11:52","guid":{"rendered":"https:\/\/mgvpublications.com\/produkt\/anne-beni-anla-yusuf-duygularini-ifade-ediyor\/"},"modified":"2022-03-08T22:58:05","modified_gmt":"2022-03-08T21:58:05","slug":"anne-beni-anla-yusuf-duygularini-ifade-ediyor","status":"publish","type":"product","link":"https:\/\/mgvpublications.com\/de\/anne-beni-anla-yusuf-duygularini-ifade-ediyor\/","title":{"rendered":"Anne Beni Anla \/ Yusuf Duygular\u0131n\u0131 \u0130fade Ediyor"},"content":{"rendered":"<p>Yay\u0131n Tarihi: 08.09.2021<br \/>ISBN: 9786051836706<br \/>Dil: T\u00dcRK\u00c7E<br \/>Sayfa Say\u0131s\u0131: 28<br \/>Cilt Tipi: Ciltli<br \/>Ka\u011f\u0131t Cinsi: Ku\u015fe Ka\u011f\u0131t<br \/>Boyut: 25 x 25 cm<br \/>\u00c7izer: Nida Yi\u011fitler<\/p>","protected":false},"excerpt":{"rendered":"<p>Yusuf\u2019u arkada\u015flar\u0131 oyuna almak istemedi. Yusuf, bu olumsuz duygular\u0131yla nas\u0131l ba\u015f edebildi? Annesi ile \u201cparmak duygu oyunu\u201d oynayarak kendisini tekrar iyi hissetti. Nas\u0131l m\u0131? \u00d6\u011frenmek istersen, beni ve sana bu kitab\u0131 okuyan\u0131 dikkatlice dinle. G\u00fczel okumalar!<\/p>","protected":false},"featured_media":22389,"template":"","meta":{"spay_email":""},"product_cat":[172],"product_tag":[],"item":[1431],"acf":[],"_links":{"self":[{"href":"https:\/\/mgvpublications.com\/de\/wp-json\/wp\/v2\/product\/22390"}],"collection":[{"href":"https:\/\/mgvpublications.com\/de\/wp-json\/wp\/v2\/product"}],"about":[{"href":"https:\/\/mgvpublications.com\/de\/wp-json\/wp\/v2\/types\/product"}],"wp:featuredmedia":[{"embeddable":true,"href":"https:\/\/mgvpublications.com\/de\/wp-json\/wp\/v2\/media\/22389"}],"wp:attachment":[{"href":"https:\/\/mgvpublications.com\/de\/wp-json\/wp\/v2\/media?parent=22390"}],"wp:term":[{"taxonomy":"product_cat","embeddable":true,"href":"https:\/\/mgvpublications.com\/de\/wp-json\/wp\/v2\/product_cat?post=22390"},{"taxonomy":"product_tag","embeddable":true,"href":"https:\/\/mgvpublications.com\/de\/wp-json\/wp\/v2\/product_tag?post=22390"},{"taxonomy":"item","embeddable":true,"href":"https:\/\/mgvpublications.com\/de\/wp-json\/wp\/v2\/item?post=22390"}],"curies":[{"name":"wp","href":"https:\/\/api.w.org\/{rel}","templated":true}]}}