{"id":22388,"date":"2022-03-06T16:11:51","date_gmt":"2022-03-06T15:11:51","guid":{"rendered":"https:\/\/mgvpublications.com\/produkt\/anne-okulumu-seviyorum-yusuf-okul-korkusunu-yeniyor\/"},"modified":"2022-03-08T22:58:05","modified_gmt":"2022-03-08T21:58:05","slug":"anne-okulumu-seviyorum-yusuf-okul-korkusunu-yeniyor","status":"publish","type":"product","link":"https:\/\/mgvpublications.com\/de\/anne-okulumu-seviyorum-yusuf-okul-korkusunu-yeniyor\/","title":{"rendered":"Anne Okulumu Seviyorum Yusuf Okul Korkusunu Yeniyor"},"content":{"rendered":"<p>Yay\u0131n Tarihi: 03.02.2022<br \/>ISBN: 9786057122803<br \/>Dil: T\u00dcRK\u00c7E<br \/>Sayfa Say\u0131s\u0131: 28<br \/>Cilt Tipi: Karton Kapak<br \/>Ka\u011f\u0131t Cinsi: Ku\u015fe Ka\u011f\u0131t<br \/>Boyut: 25 x 25 cm<\/p>","protected":false},"excerpt":{"rendered":"<p>Yusuf biraz heyecanl\u0131. \u0130lk defa okula gidiyor. Neler d\u00fc\u015f\u00fcn\u00fcyor? Neler hissediyor? Neler oluyor? Ve okuluna al\u0131\u015fabiliyor mu? Merak ettiysen, haydi sana bu kitab\u0131 okuyan\u0131 dikkatlice dinle. G\u00fczel okumalar! Ben, Kumru.<\/p>","protected":false},"featured_media":22387,"template":"","meta":{"spay_email":""},"product_cat":[172],"product_tag":[],"item":[1431],"acf":[],"_links":{"self":[{"href":"https:\/\/mgvpublications.com\/de\/wp-json\/wp\/v2\/product\/22388"}],"collection":[{"href":"https:\/\/mgvpublications.com\/de\/wp-json\/wp\/v2\/product"}],"about":[{"href":"https:\/\/mgvpublications.com\/de\/wp-json\/wp\/v2\/types\/product"}],"wp:featuredmedia":[{"embeddable":true,"href":"https:\/\/mgvpublications.com\/de\/wp-json\/wp\/v2\/media\/22387"}],"wp:attachment":[{"href":"https:\/\/mgvpublications.com\/de\/wp-json\/wp\/v2\/media?parent=22388"}],"wp:term":[{"taxonomy":"product_cat","embeddable":true,"href":"https:\/\/mgvpublications.com\/de\/wp-json\/wp\/v2\/product_cat?post=22388"},{"taxonomy":"product_tag","embeddable":true,"href":"https:\/\/mgvpublications.com\/de\/wp-json\/wp\/v2\/product_tag?post=22388"},{"taxonomy":"item","embeddable":true,"href":"https:\/\/mgvpublications.com\/de\/wp-json\/wp\/v2\/item?post=22388"}],"curies":[{"name":"wp","href":"https:\/\/api.w.org\/{rel}","templated":true}]}}