{"id":22386,"date":"2022-03-06T16:11:44","date_gmt":"2022-03-06T15:11:44","guid":{"rendered":"https:\/\/mgvpublications.com\/produkt\/anne-bence-anlasabiliriz-yusuf-guzelce-soyluyor\/"},"modified":"2022-03-08T22:58:04","modified_gmt":"2022-03-08T21:58:04","slug":"anne-bence-anlasabiliriz-yusuf-guzelce-soyluyor","status":"publish","type":"product","link":"https:\/\/mgvpublications.com\/de\/anne-bence-anlasabiliriz-yusuf-guzelce-soyluyor\/","title":{"rendered":"Anne Bence Anla\u015fabiliriz Yusuf G\u00fczelce S\u00f6yl\u00fcyor"},"content":{"rendered":"<p>Yay\u0131n Tarihi: 08.09.2021<br \/>ISBN: 9786051836713<br \/>Dil: T\u00dcRK\u00c7E<br \/>Sayfa Say\u0131s\u0131: 28<br \/>Cilt Tipi: Ciltli<br \/>Ka\u011f\u0131t Cinsi: Ku\u015fe Ka\u011f\u0131t<br \/>Boyut: 25 x 25 cm<br \/>\u00c7izer: Nida Yi\u011fitler<\/p>","protected":false},"excerpt":{"rendered":"<p>Yusuf babas\u0131 ile al\u0131\u015fveri\u015fe gidiyor ve isteklerini tutturmadan g\u00fczelce s\u00f6yl\u00fcyor. Bakal\u0131m neler oluyor? Haydi bu kitab\u0131 sana okuyan\u0131 iyi dinlemeye ba\u015fla! Keyifli okumalar.<\/p>","protected":false},"featured_media":22385,"template":"","meta":{"spay_email":""},"product_cat":[172],"product_tag":[],"item":[1431],"acf":[],"_links":{"self":[{"href":"https:\/\/mgvpublications.com\/de\/wp-json\/wp\/v2\/product\/22386"}],"collection":[{"href":"https:\/\/mgvpublications.com\/de\/wp-json\/wp\/v2\/product"}],"about":[{"href":"https:\/\/mgvpublications.com\/de\/wp-json\/wp\/v2\/types\/product"}],"wp:featuredmedia":[{"embeddable":true,"href":"https:\/\/mgvpublications.com\/de\/wp-json\/wp\/v2\/media\/22385"}],"wp:attachment":[{"href":"https:\/\/mgvpublications.com\/de\/wp-json\/wp\/v2\/media?parent=22386"}],"wp:term":[{"taxonomy":"product_cat","embeddable":true,"href":"https:\/\/mgvpublications.com\/de\/wp-json\/wp\/v2\/product_cat?post=22386"},{"taxonomy":"product_tag","embeddable":true,"href":"https:\/\/mgvpublications.com\/de\/wp-json\/wp\/v2\/product_tag?post=22386"},{"taxonomy":"item","embeddable":true,"href":"https:\/\/mgvpublications.com\/de\/wp-json\/wp\/v2\/item?post=22386"}],"curies":[{"name":"wp","href":"https:\/\/api.w.org\/{rel}","templated":true}]}}