{"id":22382,"date":"2022-03-06T16:11:37","date_gmt":"2022-03-06T15:11:37","guid":{"rendered":"https:\/\/mgvpublications.com\/produkt\/yusuf-huzurlu-bir-uykuya-daliyor-yusufun-maceralari-pedagojik-egitim-hikayeleri-seti-2\/"},"modified":"2022-03-08T22:58:03","modified_gmt":"2022-03-08T21:58:03","slug":"yusuf-huzurlu-bir-uykuya-daliyor-yusufun-maceralari-pedagojik-egitim-hikayeleri-seti-2","status":"publish","type":"product","link":"https:\/\/mgvpublications.com\/de\/yusuf-huzurlu-bir-uykuya-daliyor-yusufun-maceralari-pedagojik-egitim-hikayeleri-seti-2\/","title":{"rendered":"Yusuf Huzurlu Bir Uykuya Dal\u0131yor \/ Yusuf\u2019un Maceralar\u0131 &#8211; Pedagojik E\u011fitim Hikayeleri Seti 2"},"content":{"rendered":"<p>Yay\u0131n Tarihi: 05.04.2021<br \/>ISBN: 9786057463340<br \/>Dil: T\u00dcRK\u00c7E<br \/>Sayfa Say\u0131s\u0131: 24<br \/>Cilt Tipi: Karton Kapak<br \/>Ka\u011f\u0131t Cinsi: Ku\u015fe Ka\u011f\u0131t<br \/>Boyut: 22 x 20.3 cm<br \/>\u00c7izer: Nida Yi\u011fitler<\/p>","protected":false},"excerpt":{"rendered":"<p>Yusuf, kitab\u0131 dinleyerek ve ona sar\u0131larak huzurlu bir uykuya dal\u0131yor. Bakal\u0131m neler oluyor? Haydi beni ve bu kitab\u0131 sana okuyan\u0131 dikkatle dinle! G\u00fczel okumalar! -Kumru<\/p>","protected":false},"featured_media":22381,"template":"","meta":{"spay_email":""},"product_cat":[172],"product_tag":[],"item":[1085],"acf":[],"_links":{"self":[{"href":"https:\/\/mgvpublications.com\/de\/wp-json\/wp\/v2\/product\/22382"}],"collection":[{"href":"https:\/\/mgvpublications.com\/de\/wp-json\/wp\/v2\/product"}],"about":[{"href":"https:\/\/mgvpublications.com\/de\/wp-json\/wp\/v2\/types\/product"}],"wp:featuredmedia":[{"embeddable":true,"href":"https:\/\/mgvpublications.com\/de\/wp-json\/wp\/v2\/media\/22381"}],"wp:attachment":[{"href":"https:\/\/mgvpublications.com\/de\/wp-json\/wp\/v2\/media?parent=22382"}],"wp:term":[{"taxonomy":"product_cat","embeddable":true,"href":"https:\/\/mgvpublications.com\/de\/wp-json\/wp\/v2\/product_cat?post=22382"},{"taxonomy":"product_tag","embeddable":true,"href":"https:\/\/mgvpublications.com\/de\/wp-json\/wp\/v2\/product_tag?post=22382"},{"taxonomy":"item","embeddable":true,"href":"https:\/\/mgvpublications.com\/de\/wp-json\/wp\/v2\/item?post=22382"}],"curies":[{"name":"wp","href":"https:\/\/api.w.org\/{rel}","templated":true}]}}