{"id":22376,"date":"2022-03-06T16:11:28","date_gmt":"2022-03-06T15:11:28","guid":{"rendered":"https:\/\/mgvpublications.com\/produkt\/hadislerle-nasihatler-1-2-cilt-cep-boy\/"},"modified":"2022-06-10T13:19:46","modified_gmt":"2022-06-10T11:19:46","slug":"hadislerle-nasihatler-1-2-cilt-cep-boy","status":"publish","type":"product","link":"https:\/\/mgvpublications.com\/de\/hadislerle-nasihatler-1-2-cilt-cep-boy\/","title":{"rendered":"Hadislerle Nasihatler 1-2 Cilt (Cep Boy)"},"content":{"rendered":"<p>Yay\u0131n Tarihi: 19.09.2017<br \/>ISBN: 9789752420199<br \/>Dil: T\u00dcRK\u00c7E<br \/>Sayfa Say\u0131s\u0131: 944<br \/>Cilt Tipi: Karton Kapak<br \/>Ka\u011f\u0131t Cinsi: 1. Hm. Ka\u011f\u0131t<br \/>Boyut: 10.5 x 16.5 cm<\/p>","protected":false},"excerpt":{"rendered":"<p>Yay\u0131n Tarihi: 19.09.2017ISBN: 9789752420199Dil: T\u00dcRK\u00c7ESayfa Say\u0131s\u0131: 944Cilt Tipi: Karton KapakKa\u011f\u0131t Cinsi: 1. Hm. Ka\u011f\u0131tBoyut: 10.5 x 16.5 cm<\/p>","protected":false},"featured_media":22375,"template":"","meta":{"spay_email":""},"product_cat":[174],"product_tag":[],"item":[699],"acf":[],"_links":{"self":[{"href":"https:\/\/mgvpublications.com\/de\/wp-json\/wp\/v2\/product\/22376"}],"collection":[{"href":"https:\/\/mgvpublications.com\/de\/wp-json\/wp\/v2\/product"}],"about":[{"href":"https:\/\/mgvpublications.com\/de\/wp-json\/wp\/v2\/types\/product"}],"wp:featuredmedia":[{"embeddable":true,"href":"https:\/\/mgvpublications.com\/de\/wp-json\/wp\/v2\/media\/22375"}],"wp:attachment":[{"href":"https:\/\/mgvpublications.com\/de\/wp-json\/wp\/v2\/media?parent=22376"}],"wp:term":[{"taxonomy":"product_cat","embeddable":true,"href":"https:\/\/mgvpublications.com\/de\/wp-json\/wp\/v2\/product_cat?post=22376"},{"taxonomy":"product_tag","embeddable":true,"href":"https:\/\/mgvpublications.com\/de\/wp-json\/wp\/v2\/product_tag?post=22376"},{"taxonomy":"item","embeddable":true,"href":"https:\/\/mgvpublications.com\/de\/wp-json\/wp\/v2\/item?post=22376"}],"curies":[{"name":"wp","href":"https:\/\/api.w.org\/{rel}","templated":true}]}}