{"id":22372,"date":"2022-03-06T16:11:21","date_gmt":"2022-03-06T15:11:21","guid":{"rendered":"https:\/\/mgvpublications.com\/produkt\/kurani-kerim-ve-yuce-meali-bilgisayar-hatli-cep-boy-fermuarli\/"},"modified":"2022-03-13T15:42:46","modified_gmt":"2022-03-13T14:42:46","slug":"kurani-kerim-ve-yuce-meali-bilgisayar-hatli-cep-boy-fermuarli","status":"publish","type":"product","link":"https:\/\/mgvpublications.com\/de\/kurani-kerim-ve-yuce-meali-bilgisayar-hatli-cep-boy-fermuarli\/","title":{"rendered":"Kuran\u0131 Kerim ve Y\u00fcce Meali Bilgisayar Hatl\u0131 Cep Boy Fermuarl\u0131"},"content":{"rendered":"<p>Yay\u0131n Tarihi: 24.08.2020<br \/>ISBN: 9789944219136<br \/>Dil: T\u00dcRK\u00c7E<br \/>Sayfa Say\u0131s\u0131: 620<br \/>Cilt Tipi: Karton Kapak<br \/>Ka\u011f\u0131t Cinsi: Kitap Ka\u011f\u0131d\u0131<br \/>Boyut: 10 x 14 cm<\/p>","protected":false},"excerpt":{"rendered":"<p>Kuran\u0131 Kerim ve Y\u00fcce Meali Bilgisayar Hatl\u0131 Cep Boy Fermuarl\u0131 1. Kalite \u015eamua Ka\u011f\u0131t, 2 Renk Ofset Bask\u0131&#8230; Elmal\u0131l\u0131 Hamd\u0131 Yaz\u0131r Meali&#8230; Sadele\u015ftiren..: KASIM YAYLA ( M\u0131s\u0131r El-Ezher \u00dcniversitesi mezunu) D\u00fcnyada En Kolay Okunan Bilgisayar Hatt\u0131 ile Haz\u0131rland\u0131&#8230; Se\u00e7ilen yaz\u0131 hem estetik hem de harflerin temel karakterlerini koruyan ve kolay okunmalar\u0131n\u0131 sa\u011flayan \u00f6zel bir hatt\u0131r&#8230; Harekeler ait olduklar\u0131 harflerin hemen alt\u0131nda ya da \u00fcst\u00fcnde s\u0131ralanm\u0131\u015f, \u00f6zellikle okumaya yeni ba\u015flayanlar hareke kar\u0131\u015f\u0131kl\u0131klar\u0131na meydan vermeyecek \u015fekilde d\u00fczenlenmi\u015ftir&#8230; Sayfa \u00fcstlerinde kullan\u0131lan k\u0131lavuzlarda surelerin ve c\u00fczlerin isimleriyle beraber numaralar\u0131 da verilerek okuyucunun arad\u0131\u011f\u0131 sure ve c\u00fcz&#8217;\u00fc numaras\u0131ndan da rahatl\u0131kla bulabilmeleri ama\u00e7lanm\u0131\u015ft\u0131r&#8230; Her bir sure ba\u015fl\u0131\u011f\u0131nda, surenin ad\u0131, nazil oldu\u011fu yer ve ayet say\u0131s\u0131, rakam ve yaz\u0131 ile belirtilerek sure hakk\u0131nda bir \u00f6n bilgi verilmi\u015ftir&#8230;<\/p>","protected":false},"featured_media":22371,"template":"","meta":{"spay_email":""},"product_cat":[174],"product_tag":[],"item":[1541],"acf":[],"_links":{"self":[{"href":"https:\/\/mgvpublications.com\/de\/wp-json\/wp\/v2\/product\/22372"}],"collection":[{"href":"https:\/\/mgvpublications.com\/de\/wp-json\/wp\/v2\/product"}],"about":[{"href":"https:\/\/mgvpublications.com\/de\/wp-json\/wp\/v2\/types\/product"}],"wp:featuredmedia":[{"embeddable":true,"href":"https:\/\/mgvpublications.com\/de\/wp-json\/wp\/v2\/media\/22371"}],"wp:attachment":[{"href":"https:\/\/mgvpublications.com\/de\/wp-json\/wp\/v2\/media?parent=22372"}],"wp:term":[{"taxonomy":"product_cat","embeddable":true,"href":"https:\/\/mgvpublications.com\/de\/wp-json\/wp\/v2\/product_cat?post=22372"},{"taxonomy":"product_tag","embeddable":true,"href":"https:\/\/mgvpublications.com\/de\/wp-json\/wp\/v2\/product_tag?post=22372"},{"taxonomy":"item","embeddable":true,"href":"https:\/\/mgvpublications.com\/de\/wp-json\/wp\/v2\/item?post=22372"}],"curies":[{"name":"wp","href":"https:\/\/api.w.org\/{rel}","templated":true}]}}