{"id":22366,"date":"2022-03-06T16:11:07","date_gmt":"2022-03-06T15:11:07","guid":{"rendered":"https:\/\/mgvpublications.com\/produkt\/tavsancan-ile-faresu-dogum-gunu-kutlamasi\/"},"modified":"2022-08-29T15:37:54","modified_gmt":"2022-08-29T13:37:54","slug":"tavsancan-ile-faresu-dogum-gunu-kutlamasi","status":"publish","type":"product","link":"https:\/\/mgvpublications.com\/de\/tavsancan-ile-faresu-dogum-gunu-kutlamasi\/","title":{"rendered":"Tav\u015fancan ile Faresu Do\u011fum G\u00fcn\u00fc Kutlamas\u0131"},"content":{"rendered":"<p>\u00c7evirmen: Berrak Buhara \u0130diman<br \/>Yay\u0131n Tarihi: 05.10.2021<br \/>ISBN: 9786051924403<br \/>Dil: T\u00dcRK\u00c7E<br \/>Sayfa Say\u0131s\u0131: 28<br \/>Cilt Tipi: Karton Kapak<br \/>Ka\u011f\u0131t Cinsi: Kitap Ka\u011f\u0131d\u0131<br \/>Boyut: 22 x 22 cm<br \/>\u00c7izer: Axel Scheffler<\/p>","protected":false},"excerpt":{"rendered":"<p>Faresu\u2019nun do\u011fum g\u00fcn\u00fc gelip \u00e7atar. Tav\u015fancan ise her \u015feyi haz\u0131rlam\u0131\u015ft\u0131r. G\u00fczel mi g\u00fczel bir hediye sonras\u0131nda oynanan \u00e7e\u015fit \u00e7e\u015fit oyunlar ve \u00e7ay saati derken\u2026 Kaza geliyorum demez. G\u00fcn\u00fc kurtarmakla ilgili harika bir hik\u00e2ye.<\/p>","protected":false},"featured_media":22365,"template":"","meta":{"spay_email":""},"product_cat":[172],"product_tag":[],"item":[1377],"acf":[],"_links":{"self":[{"href":"https:\/\/mgvpublications.com\/de\/wp-json\/wp\/v2\/product\/22366"}],"collection":[{"href":"https:\/\/mgvpublications.com\/de\/wp-json\/wp\/v2\/product"}],"about":[{"href":"https:\/\/mgvpublications.com\/de\/wp-json\/wp\/v2\/types\/product"}],"wp:featuredmedia":[{"embeddable":true,"href":"https:\/\/mgvpublications.com\/de\/wp-json\/wp\/v2\/media\/22365"}],"wp:attachment":[{"href":"https:\/\/mgvpublications.com\/de\/wp-json\/wp\/v2\/media?parent=22366"}],"wp:term":[{"taxonomy":"product_cat","embeddable":true,"href":"https:\/\/mgvpublications.com\/de\/wp-json\/wp\/v2\/product_cat?post=22366"},{"taxonomy":"product_tag","embeddable":true,"href":"https:\/\/mgvpublications.com\/de\/wp-json\/wp\/v2\/product_tag?post=22366"},{"taxonomy":"item","embeddable":true,"href":"https:\/\/mgvpublications.com\/de\/wp-json\/wp\/v2\/item?post=22366"}],"curies":[{"name":"wp","href":"https:\/\/api.w.org\/{rel}","templated":true}]}}