{"id":22364,"date":"2022-03-06T16:11:05","date_gmt":"2022-03-06T15:11:05","guid":{"rendered":"https:\/\/mgvpublications.com\/produkt\/tavsancan-ile-faresu-yilbasi-agaci\/"},"modified":"2022-03-08T22:58:02","modified_gmt":"2022-03-08T21:58:02","slug":"tavsancan-ile-faresu-yilbasi-agaci","status":"publish","type":"product","link":"https:\/\/mgvpublications.com\/de\/tavsancan-ile-faresu-yilbasi-agaci\/","title":{"rendered":"Tav\u015fancan ile Faresu \/ Y\u0131lba\u015f\u0131 A\u011fac\u0131"},"content":{"rendered":"<p>Yay\u0131n Tarihi: 07.04.2021<br \/>ISBN: 9786051922713<br \/>Dil: T\u00dcRK\u00c7E<br \/>Sayfa Say\u0131s\u0131: 28<br \/>Cilt Tipi: Karton Kapak<br \/>Ka\u011f\u0131t Cinsi: Kitap Ka\u011f\u0131d\u0131<br \/>Boyut: 22 x 22 cm<\/p>","protected":false},"excerpt":{"rendered":"<p>T\u00fcm d\u00fcnyada \u00e7ocuklar\u0131n\u0131n zevkle okudu\u011fu, elliden fazla dile \u00e7evrilen Gruffalo\u2019nun \u00e7izeri Axel Scheffler\u2019in yaz\u0131p resimledi\u011fi Tav\u015fancan ile Faresu\u2019nun maceralar\u0131nda \u00e7ocuklar\u0131n d\u00fcnyas\u0131na \u00f6zg\u00fc konular ele al\u0131n\u0131yor. Tav\u015fancan ile Faresu Y\u0131lba\u015f\u0131 A\u011fac\u0131 Tav\u015fancan ile Faresu y\u0131lba\u015f\u0131 a\u011fa\u00e7lar\u0131 i\u00e7in kurabiye s\u00fcsler yaparlar ama s\u00fcsler ortadan kaybolur. \u00c7ok ge\u00e7meden Tav\u015fancan kendini \u00e7ok ama \u00e7ok hasta hissetmeye ba\u015flar. Nedenini tahmin edebiliyor musunuz? Do\u011fruyu s\u00f6ylemek ve iyi kalpli olmak \u00fczerine s\u0131cac\u0131k bir hik\u00e2ye&#8230;<\/p>","protected":false},"featured_media":22363,"template":"","meta":{"spay_email":""},"product_cat":[172],"product_tag":[],"item":[1377],"acf":[],"_links":{"self":[{"href":"https:\/\/mgvpublications.com\/de\/wp-json\/wp\/v2\/product\/22364"}],"collection":[{"href":"https:\/\/mgvpublications.com\/de\/wp-json\/wp\/v2\/product"}],"about":[{"href":"https:\/\/mgvpublications.com\/de\/wp-json\/wp\/v2\/types\/product"}],"wp:featuredmedia":[{"embeddable":true,"href":"https:\/\/mgvpublications.com\/de\/wp-json\/wp\/v2\/media\/22363"}],"wp:attachment":[{"href":"https:\/\/mgvpublications.com\/de\/wp-json\/wp\/v2\/media?parent=22364"}],"wp:term":[{"taxonomy":"product_cat","embeddable":true,"href":"https:\/\/mgvpublications.com\/de\/wp-json\/wp\/v2\/product_cat?post=22364"},{"taxonomy":"product_tag","embeddable":true,"href":"https:\/\/mgvpublications.com\/de\/wp-json\/wp\/v2\/product_tag?post=22364"},{"taxonomy":"item","embeddable":true,"href":"https:\/\/mgvpublications.com\/de\/wp-json\/wp\/v2\/item?post=22364"}],"curies":[{"name":"wp","href":"https:\/\/api.w.org\/{rel}","templated":true}]}}