{"id":22362,"date":"2022-03-06T16:10:59","date_gmt":"2022-03-06T15:10:59","guid":{"rendered":"https:\/\/mgvpublications.com\/produkt\/duygular\/"},"modified":"2022-03-08T22:58:00","modified_gmt":"2022-03-08T21:58:00","slug":"duygular","status":"publish","type":"product","link":"https:\/\/mgvpublications.com\/de\/duygular\/","title":{"rendered":"Duygular"},"content":{"rendered":"<p>\u00c7evirmen: Mahir \u00dcnsal Eri\u015f<br \/>Yay\u0131n Tarihi: 02.02.2022<br \/>ISBN: 9786051923932<br \/>Dil: T\u00dcRK\u00c7E<br \/>Sayfa Say\u0131s\u0131: 32<br \/>Cilt Tipi: Karton Kapak<br \/>Ka\u011f\u0131t Cinsi: Kitap Ka\u011f\u0131d\u0131<br \/>Boyut: 22.5 x 27.5 cm<\/p>","protected":false},"excerpt":{"rendered":"<p>Duygular\u0131n d\u00fcnyas\u0131na bir yolculuk\u2026 G\u00f6ze g\u00f6r\u00fcnmeseler de duygular g\u00fc\u00e7l\u00fc ve ger\u00e7ektir. \u00c7ocuklar bu kitab\u0131n her bir sayfas\u0131nda farkl\u0131 bir duygunun kap\u0131s\u0131n\u0131 aralayacak. Herkes birbirinden farkl\u0131d\u0131r ve duygular\u0131 da ayn\u0131 de\u011fildir. Kendinizi ba\u015fkalar\u0131n\u0131n yerine koyup onlar\u0131n nas\u0131l hissetti\u011fini anlamaya \u00e7al\u0131\u015f\u0131n.<\/p>","protected":false},"featured_media":22361,"template":"","meta":{"spay_email":""},"product_cat":[172],"product_tag":[],"item":[1377],"acf":[],"_links":{"self":[{"href":"https:\/\/mgvpublications.com\/de\/wp-json\/wp\/v2\/product\/22362"}],"collection":[{"href":"https:\/\/mgvpublications.com\/de\/wp-json\/wp\/v2\/product"}],"about":[{"href":"https:\/\/mgvpublications.com\/de\/wp-json\/wp\/v2\/types\/product"}],"wp:featuredmedia":[{"embeddable":true,"href":"https:\/\/mgvpublications.com\/de\/wp-json\/wp\/v2\/media\/22361"}],"wp:attachment":[{"href":"https:\/\/mgvpublications.com\/de\/wp-json\/wp\/v2\/media?parent=22362"}],"wp:term":[{"taxonomy":"product_cat","embeddable":true,"href":"https:\/\/mgvpublications.com\/de\/wp-json\/wp\/v2\/product_cat?post=22362"},{"taxonomy":"product_tag","embeddable":true,"href":"https:\/\/mgvpublications.com\/de\/wp-json\/wp\/v2\/product_tag?post=22362"},{"taxonomy":"item","embeddable":true,"href":"https:\/\/mgvpublications.com\/de\/wp-json\/wp\/v2\/item?post=22362"}],"curies":[{"name":"wp","href":"https:\/\/api.w.org\/{rel}","templated":true}]}}