{"id":22360,"date":"2022-03-06T16:10:58","date_gmt":"2022-03-06T15:10:58","guid":{"rendered":"https:\/\/mgvpublications.com\/produkt\/hos-geldim\/"},"modified":"2022-03-08T22:58:00","modified_gmt":"2022-03-08T21:58:00","slug":"hos-geldim","status":"publish","type":"product","link":"https:\/\/mgvpublications.com\/de\/hos-geldim\/","title":{"rendered":"Ho\u015f Geldim"},"content":{"rendered":"<p>Yay\u0131n Tarihi: 29.09.2021<br \/>ISBN: 9786051923390<br \/>Dil: T\u00dcRK\u00c7E<br \/>Sayfa Say\u0131s\u0131: 40<br \/>Cilt Tipi: Karton Kapak<br \/>Ka\u011f\u0131t Cinsi: 1. Hm. Ka\u011f\u0131t<br \/>Boyut: 22 x 22 cm<br \/>\u00c7izer: Onur Sipahi<br \/>Di\u011fer \u00d6zellik: 5 Ya\u015f <\/p>","protected":false},"excerpt":{"rendered":"<p>\u00c7ocuklar\u0131n s\u0131k\u00e7a sordu\u011fu sorular listelenirse en \u00fcst s\u0131rada d\u00fcnyaya nas\u0131l geldikleri sorusu yer al\u0131r. Bu soruya nas\u0131l cevap verecekleri ise yeti\u015fkinler i\u00e7in bir muamma&#8230; Kimi bu soruyu duymazdan gelir kimi leylekler getirdi deyip ge\u00e7i\u015ftirir kimi d\u00fcr\u00fcstl\u00fckten yanad\u0131r kimi de \u00e7ok fazla ayr\u0131nt\u0131ya girer. Ho\u015f Geldim, nas\u0131l do\u011fdu\u011funu sorgulayan \u00e7ocuklar\u0131n merak\u0131n\u0131 giderdi\u011fi gibi bu soruya nas\u0131l yan\u0131t verece\u011fini bilemeyen yeti\u015fkinlere de rehberlik ediyor. Seksolog Rayka Kumru, \u00e7ocuklar kadar yeti\u015fkinleri de ayd\u0131nlat\u0131yor.<\/p>","protected":false},"featured_media":22359,"template":"","meta":{"spay_email":""},"product_cat":[172],"product_tag":[],"item":[1377],"acf":[],"_links":{"self":[{"href":"https:\/\/mgvpublications.com\/de\/wp-json\/wp\/v2\/product\/22360"}],"collection":[{"href":"https:\/\/mgvpublications.com\/de\/wp-json\/wp\/v2\/product"}],"about":[{"href":"https:\/\/mgvpublications.com\/de\/wp-json\/wp\/v2\/types\/product"}],"wp:featuredmedia":[{"embeddable":true,"href":"https:\/\/mgvpublications.com\/de\/wp-json\/wp\/v2\/media\/22359"}],"wp:attachment":[{"href":"https:\/\/mgvpublications.com\/de\/wp-json\/wp\/v2\/media?parent=22360"}],"wp:term":[{"taxonomy":"product_cat","embeddable":true,"href":"https:\/\/mgvpublications.com\/de\/wp-json\/wp\/v2\/product_cat?post=22360"},{"taxonomy":"product_tag","embeddable":true,"href":"https:\/\/mgvpublications.com\/de\/wp-json\/wp\/v2\/product_tag?post=22360"},{"taxonomy":"item","embeddable":true,"href":"https:\/\/mgvpublications.com\/de\/wp-json\/wp\/v2\/item?post=22360"}],"curies":[{"name":"wp","href":"https:\/\/api.w.org\/{rel}","templated":true}]}}