{"id":22358,"date":"2022-03-06T16:10:52","date_gmt":"2022-03-06T15:10:52","guid":{"rendered":"https:\/\/mgvpublications.com\/produkt\/tavsancan-ile-faresu-karli-gun\/"},"modified":"2022-03-08T22:58:00","modified_gmt":"2022-03-08T21:58:00","slug":"tavsancan-ile-faresu-karli-gun","status":"publish","type":"product","link":"https:\/\/mgvpublications.com\/de\/tavsancan-ile-faresu-karli-gun\/","title":{"rendered":"Tav\u015fancan ile Faresu \/ Karl\u0131 G\u00fcn"},"content":{"rendered":"<p>Yay\u0131n Tarihi: 16.08.2021<br \/>ISBN: 9786051920047<br \/>Dil: T\u00dcRK\u00c7E<br \/>Sayfa Say\u0131s\u0131: 28<br \/>Cilt Tipi: Karton Kapak<br \/>Ka\u011f\u0131t Cinsi: Kitap Ka\u011f\u0131d\u0131<br \/>Boyut: 22 x 22 cm<\/p>","protected":false},"excerpt":{"rendered":"<p>T\u00fcm d\u00fcnyada \u00e7ocuklar\u0131n\u0131n zevkle okudu\u011fu, elliden fazla dile \u00e7evrilen ve y\u0131llard\u0131r \u00e7oksatanlar listesinden d\u00fc\u015fmeyen Gruffalo\u2019nun \u00e7izeri Axel Scheffler\u2019in yaz\u0131p resimledi\u011fi Tav\u015fancan ile Faresu\u2019nun maceralar\u0131nda \u00e7ocuklar\u0131n d\u00fcnyas\u0131na \u00f6zg\u00fc konular ele al\u0131n\u0131yor. Arkada\u015fl\u0131k, payla\u015fma, sorunlara \u00e7\u00f6z\u00fcm bulma temalar\u0131n\u0131n \u00f6ne \u00e7\u0131kt\u0131\u011f\u0131 kitaplar\u0131n resimleri de \u00e7ocuklara g\u00f6rsel bir \u015f\u00f6len sunuyor. Tav\u015fancan ile Faresu, Karl\u0131 G\u00fcn Tav\u015fancan ile Faresu karda oynamaya bay\u0131l\u0131rlar ama nas\u0131l bir kardanadam yapacaklar\u0131na bir t\u00fcrl\u00fc karar veremezler. Bu tatl\u0131 hik\u00e2yede iki arkada\u015f\u0131n nas\u0131l anla\u015fmaya vard\u0131\u011f\u0131n\u0131, nas\u0131l birlikte e\u011flendi\u011fini okuyacaks\u0131n\u0131z.<\/p>","protected":false},"featured_media":22357,"template":"","meta":{"spay_email":""},"product_cat":[172],"product_tag":[],"item":[1377],"acf":[],"_links":{"self":[{"href":"https:\/\/mgvpublications.com\/de\/wp-json\/wp\/v2\/product\/22358"}],"collection":[{"href":"https:\/\/mgvpublications.com\/de\/wp-json\/wp\/v2\/product"}],"about":[{"href":"https:\/\/mgvpublications.com\/de\/wp-json\/wp\/v2\/types\/product"}],"wp:featuredmedia":[{"embeddable":true,"href":"https:\/\/mgvpublications.com\/de\/wp-json\/wp\/v2\/media\/22357"}],"wp:attachment":[{"href":"https:\/\/mgvpublications.com\/de\/wp-json\/wp\/v2\/media?parent=22358"}],"wp:term":[{"taxonomy":"product_cat","embeddable":true,"href":"https:\/\/mgvpublications.com\/de\/wp-json\/wp\/v2\/product_cat?post=22358"},{"taxonomy":"product_tag","embeddable":true,"href":"https:\/\/mgvpublications.com\/de\/wp-json\/wp\/v2\/product_tag?post=22358"},{"taxonomy":"item","embeddable":true,"href":"https:\/\/mgvpublications.com\/de\/wp-json\/wp\/v2\/item?post=22358"}],"curies":[{"name":"wp","href":"https:\/\/api.w.org\/{rel}","templated":true}]}}