{"id":22356,"date":"2022-03-06T16:10:51","date_gmt":"2022-03-06T15:10:51","guid":{"rendered":"https:\/\/mgvpublications.com\/produkt\/tavsancan-ile-faresu-bak-ve-soyle\/"},"modified":"2022-04-02T17:32:28","modified_gmt":"2022-04-02T15:32:28","slug":"tavsancan-ile-faresu-bak-ve-soyle","status":"publish","type":"product","link":"https:\/\/mgvpublications.com\/de\/tavsancan-ile-faresu-bak-ve-soyle\/","title":{"rendered":"Tav\u015fancan ile Faresu Bak ve S\u00f6yle"},"content":{"rendered":"<p>\u00c7evirmen: Berrak Buhara \u0130diman<br \/>Yay\u0131n Tarihi: 02.02.2022<br \/>ISBN: 9786051924038<br \/>Dil: T\u00dcRK\u00c7E<br \/>Sayfa Say\u0131s\u0131: 28<br \/>Cilt Tipi: Karton Kapak<br \/>Ka\u011f\u0131t Cinsi: Kitap Ka\u011f\u0131d\u0131<br \/>Boyut: 17.5 x 22 cm<br \/>\u00c7izer: Axel Scheffler<\/p>","protected":false},"excerpt":{"rendered":"<p>Axel Scheffler\u2019in ne\u015feli kahramanlar\u0131 Tav\u015fancan ile Faresu\u2019dan e\u011flenceli bir ara bul kitab\u0131! Tav\u015fancan ile Faresu Bak ve S\u00f6yle\u2019nin e\u011flenceli, kalabal\u0131k sahneleri sayesinde merakl\u0131 ufakl\u0131klar ho\u015f\u00e7a vakit ge\u00e7irecek. Okul \u00f6ncesi d\u00f6nemdeki \u00e7ocuklara seslenen Tav\u015fancan ile Faresu\u2019nun maceralar\u0131nda, \u00e7ocuklar\u0131n d\u00fcnyas\u0131na \u00f6zg\u00fc konular ele al\u0131n\u0131yor.<\/p>","protected":false},"featured_media":22355,"template":"","meta":{"spay_email":""},"product_cat":[172],"product_tag":[],"item":[1377],"acf":[],"_links":{"self":[{"href":"https:\/\/mgvpublications.com\/de\/wp-json\/wp\/v2\/product\/22356"}],"collection":[{"href":"https:\/\/mgvpublications.com\/de\/wp-json\/wp\/v2\/product"}],"about":[{"href":"https:\/\/mgvpublications.com\/de\/wp-json\/wp\/v2\/types\/product"}],"wp:featuredmedia":[{"embeddable":true,"href":"https:\/\/mgvpublications.com\/de\/wp-json\/wp\/v2\/media\/22355"}],"wp:attachment":[{"href":"https:\/\/mgvpublications.com\/de\/wp-json\/wp\/v2\/media?parent=22356"}],"wp:term":[{"taxonomy":"product_cat","embeddable":true,"href":"https:\/\/mgvpublications.com\/de\/wp-json\/wp\/v2\/product_cat?post=22356"},{"taxonomy":"product_tag","embeddable":true,"href":"https:\/\/mgvpublications.com\/de\/wp-json\/wp\/v2\/product_tag?post=22356"},{"taxonomy":"item","embeddable":true,"href":"https:\/\/mgvpublications.com\/de\/wp-json\/wp\/v2\/item?post=22356"}],"curies":[{"name":"wp","href":"https:\/\/api.w.org\/{rel}","templated":true}]}}