{"id":22352,"date":"2022-03-06T16:10:43","date_gmt":"2022-03-06T15:10:43","guid":{"rendered":"https:\/\/mgvpublications.com\/produkt\/tavsancan-ile-faresu-kucuk-su-birikintisi\/"},"modified":"2022-03-08T22:58:00","modified_gmt":"2022-03-08T21:58:00","slug":"tavsancan-ile-faresu-kucuk-su-birikintisi","status":"publish","type":"product","link":"https:\/\/mgvpublications.com\/de\/tavsancan-ile-faresu-kucuk-su-birikintisi\/","title":{"rendered":"Tav\u015fancan ile Faresu \/ K\u00fc\u00e7\u00fck Su Birikintisi"},"content":{"rendered":"<p>Yay\u0131n Tarihi: 08.06.2021<br \/>ISBN: 9786051920061<br \/>Dil: T\u00dcRK\u00c7E<br \/>Sayfa Say\u0131s\u0131: 28<br \/>Cilt Tipi: Karton Kapak<br \/>Ka\u011f\u0131t Cinsi: Kitap Ka\u011f\u0131d\u0131<br \/>Boyut: 22 x 22 cm<\/p>","protected":false},"excerpt":{"rendered":"<p>T\u00fcm d\u00fcnyada \u00e7ocuklar\u0131n\u0131n zevkle okudu\u011fu, elliden fazla dile \u00e7evrilen ve y\u0131llard\u0131r \u00e7oksatanlar listesinden d\u00fc\u015fmeyen Gruffalo\u2019nun \u00e7izeri Axel Scheffler\u2019in yaz\u0131p resimledi\u011fi Tav\u015fancan ile Faresu\u2019nun maceralar\u0131nda \u00e7ocuklar\u0131n d\u00fcnyas\u0131na \u00f6zg\u00fc konular ele al\u0131n\u0131yor. Arkada\u015fl\u0131k, payla\u015fma, sorunlara \u00e7\u00f6z\u00fcm bulma temalar\u0131n\u0131n \u00f6ne \u00e7\u0131kt\u0131\u011f\u0131 kitaplar\u0131n resimleri de \u00e7ocuklara g\u00f6rsel bir \u015f\u00f6len sunuyor. Tav\u015fancan ile Faresu, K\u00fc\u00e7\u00fck Su Birikintisi Tav\u015fancan ile Faresu oyun oynarken o kadar e\u011flenirler ki Tav\u015fancan tuvalete gitmeyi unutur. Bir anda yerde k\u00fc\u00e7\u00fck bir su birikintisi belirir. Tuvalet e\u011fitiminin zorluklar\u0131n\u0131 anlatan bu hik\u00e2yede iki arkada\u015f\u0131n birbirini utand\u0131rmadan bu olay\u0131n \u00fcstesinden nas\u0131l geldi\u011fini g\u00f6receksiniz.<\/p>","protected":false},"featured_media":22351,"template":"","meta":{"spay_email":""},"product_cat":[172],"product_tag":[],"item":[1377],"acf":[],"_links":{"self":[{"href":"https:\/\/mgvpublications.com\/de\/wp-json\/wp\/v2\/product\/22352"}],"collection":[{"href":"https:\/\/mgvpublications.com\/de\/wp-json\/wp\/v2\/product"}],"about":[{"href":"https:\/\/mgvpublications.com\/de\/wp-json\/wp\/v2\/types\/product"}],"wp:featuredmedia":[{"embeddable":true,"href":"https:\/\/mgvpublications.com\/de\/wp-json\/wp\/v2\/media\/22351"}],"wp:attachment":[{"href":"https:\/\/mgvpublications.com\/de\/wp-json\/wp\/v2\/media?parent=22352"}],"wp:term":[{"taxonomy":"product_cat","embeddable":true,"href":"https:\/\/mgvpublications.com\/de\/wp-json\/wp\/v2\/product_cat?post=22352"},{"taxonomy":"product_tag","embeddable":true,"href":"https:\/\/mgvpublications.com\/de\/wp-json\/wp\/v2\/product_tag?post=22352"},{"taxonomy":"item","embeddable":true,"href":"https:\/\/mgvpublications.com\/de\/wp-json\/wp\/v2\/item?post=22352"}],"curies":[{"name":"wp","href":"https:\/\/api.w.org\/{rel}","templated":true}]}}