{"id":22350,"date":"2022-03-06T16:10:38","date_gmt":"2022-03-06T15:10:38","guid":{"rendered":"https:\/\/mgvpublications.com\/produkt\/tavsancan-ile-faresu-yeni-arkadas\/"},"modified":"2022-03-08T22:58:00","modified_gmt":"2022-03-08T21:58:00","slug":"tavsancan-ile-faresu-yeni-arkadas","status":"publish","type":"product","link":"https:\/\/mgvpublications.com\/de\/tavsancan-ile-faresu-yeni-arkadas\/","title":{"rendered":"Tav\u015fancan ile Faresu \/ Yeni Arkada\u015f"},"content":{"rendered":"<p>\u00c7evirmen: Berrak \u0130diman<br \/>Yay\u0131n Tarihi: 24.05.2021<br \/>Orijinal Ad\u0131: Pip and Posy<br \/>ISBN: 9786051920153<br \/>Dil: T\u00dcRK\u00c7E<br \/>Sayfa Say\u0131s\u0131: 28<br \/>Cilt Tipi: Karton Kapak<br \/>Ka\u011f\u0131t Cinsi: Kitap Ka\u011f\u0131d\u0131<br \/>Boyut: 22 x 22 cm<\/p>","protected":false},"excerpt":{"rendered":"<p>T\u00fcm d\u00fcnyada \u00e7ocuklar\u0131n\u0131n zevkle okudu\u011fu, elliden fazla dile \u00e7evrilen ve y\u0131llard\u0131r \u00e7oksatanlar listesinden d\u00fc\u015fmeyen Gruffalo\u2019nun \u00e7izeri Axel Scheffler\u2019in yaz\u0131p resimledi\u011fi Tav\u015fancan ile Faresu\u2019nun maceralar\u0131nda \u00e7ocuklar\u0131n d\u00fcnyas\u0131na \u00f6zg\u00fc konular ele al\u0131n\u0131yor. Arkada\u015fl\u0131k, payla\u015fma, sorunlara \u00e7\u00f6z\u00fcm bulma temalar\u0131n\u0131n \u00f6ne \u00e7\u0131kt\u0131\u011f\u0131 kitaplar\u0131n resimleri de \u00e7ocuklara g\u00f6rsel bir \u015f\u00f6len sunuyor. Tav\u015fancan ile Faresu, Yeni Arkada\u015f Tav\u015fancan yeni bir arkada\u015f edinince Faresu kendini d\u0131\u015flanm\u0131\u015f hisseder. Aman Tanr\u0131m, zavall\u0131 Faresu! Ama dondurma almaya gittiklerinde Tav\u015fancan, Faresu ve Benek b\u00fcy\u00fck bir s\u00fcrprizle kar\u015f\u0131la\u015f\u0131rlar. Ger\u00e7ek arkada\u015fl\u0131\u011f\u0131n ne demek oldu\u011funu anlatan e\u011flenceli bir hik\u00e2ye.<\/p>","protected":false},"featured_media":22349,"template":"","meta":{"spay_email":""},"product_cat":[172],"product_tag":[],"item":[1377],"acf":[],"_links":{"self":[{"href":"https:\/\/mgvpublications.com\/de\/wp-json\/wp\/v2\/product\/22350"}],"collection":[{"href":"https:\/\/mgvpublications.com\/de\/wp-json\/wp\/v2\/product"}],"about":[{"href":"https:\/\/mgvpublications.com\/de\/wp-json\/wp\/v2\/types\/product"}],"wp:featuredmedia":[{"embeddable":true,"href":"https:\/\/mgvpublications.com\/de\/wp-json\/wp\/v2\/media\/22349"}],"wp:attachment":[{"href":"https:\/\/mgvpublications.com\/de\/wp-json\/wp\/v2\/media?parent=22350"}],"wp:term":[{"taxonomy":"product_cat","embeddable":true,"href":"https:\/\/mgvpublications.com\/de\/wp-json\/wp\/v2\/product_cat?post=22350"},{"taxonomy":"product_tag","embeddable":true,"href":"https:\/\/mgvpublications.com\/de\/wp-json\/wp\/v2\/product_tag?post=22350"},{"taxonomy":"item","embeddable":true,"href":"https:\/\/mgvpublications.com\/de\/wp-json\/wp\/v2\/item?post=22350"}],"curies":[{"name":"wp","href":"https:\/\/api.w.org\/{rel}","templated":true}]}}