{"id":22348,"date":"2022-03-06T16:10:36","date_gmt":"2022-03-06T15:10:36","guid":{"rendered":"https:\/\/mgvpublications.com\/produkt\/pekicik\/"},"modified":"2022-03-15T16:01:28","modified_gmt":"2022-03-15T15:01:28","slug":"pekicik","status":"publish","type":"product","link":"https:\/\/mgvpublications.com\/de\/pekicik\/","title":{"rendered":"Pekicik"},"content":{"rendered":"<p>Yay\u0131n Tarihi: 23.11.2021<br \/>ISBN: 9786254160417<br \/>Dil: T\u00dcRK\u00c7E<br \/>Sayfa Say\u0131s\u0131: 52<br \/>Cilt Tipi: Karton Kapak<br \/>Ka\u011f\u0131t Cinsi: Kitap Ka\u011f\u0131d\u0131<br \/>Boyut: 13.5 x 19.5 cm<br \/>\u00c7izer: G\u00fcl Sar\u0131<\/p>","protected":false},"excerpt":{"rendered":"<p>\u201cPekicik, bana su getir!\u201d \u201cPeki babac\u0131\u011f\u0131m.\u201d \u201cPekicik odan\u0131 topla!\u201d \u201cPeki anneci\u011fim.\u201d \u201cPekicik yeme\u011fini ye.\u201d \u201cPeki anneci\u011fim.\u201d Ah, zavall\u0131 Pekicik! Anne babas\u0131 onu d\u00fcnyan\u0131n en uslu \u00e7ocu\u011fu olarak yeti\u015ftirdi. Ad\u0131n\u0131 neden Pekicik koydular san\u0131yorsunuz! Her \u015feye \u201cPeki\u201d demesi i\u00e7in. Oysa Pekicik istemedi\u011fi \u015feyleri her zaman yapmak zorunda m\u0131? Kendi ihtiya\u00e7lar\u0131n\u0131n ve isteklerinin fark\u0131nda de\u011fil mi? Onun da kalbinde p\u0131t p\u0131t atan heyecanlar\u0131 ve hayalleri yok mu? Sizce? Edebiyat\u0131m\u0131z\u0131n \u00e7ok sevilen yazar\u0131 \u015eermin Ya\u015far i\u00e7ten anlat\u0131m\u0131, \u00e7ocuk d\u00fcnyas\u0131n\u0131 \u00f6zg\u00fcn ve derin kavray\u0131\u015f\u0131yla \u00e7ocuk edebiyat\u0131n\u0131 \u00f6zg\u00fcrle\u015ftirmeye devam ediyor. Pekicik\u2019i okudu\u011funuzda onu hemen tan\u0131yacak; \u00e7ok ama \u00e7ok seveceksiniz!<\/p>","protected":false},"featured_media":22347,"template":"","meta":{"spay_email":""},"product_cat":[172],"product_tag":[],"item":[563],"acf":[],"_links":{"self":[{"href":"https:\/\/mgvpublications.com\/de\/wp-json\/wp\/v2\/product\/22348"}],"collection":[{"href":"https:\/\/mgvpublications.com\/de\/wp-json\/wp\/v2\/product"}],"about":[{"href":"https:\/\/mgvpublications.com\/de\/wp-json\/wp\/v2\/types\/product"}],"wp:featuredmedia":[{"embeddable":true,"href":"https:\/\/mgvpublications.com\/de\/wp-json\/wp\/v2\/media\/22347"}],"wp:attachment":[{"href":"https:\/\/mgvpublications.com\/de\/wp-json\/wp\/v2\/media?parent=22348"}],"wp:term":[{"taxonomy":"product_cat","embeddable":true,"href":"https:\/\/mgvpublications.com\/de\/wp-json\/wp\/v2\/product_cat?post=22348"},{"taxonomy":"product_tag","embeddable":true,"href":"https:\/\/mgvpublications.com\/de\/wp-json\/wp\/v2\/product_tag?post=22348"},{"taxonomy":"item","embeddable":true,"href":"https:\/\/mgvpublications.com\/de\/wp-json\/wp\/v2\/item?post=22348"}],"curies":[{"name":"wp","href":"https:\/\/api.w.org\/{rel}","templated":true}]}}