{"id":22346,"date":"2022-03-06T16:10:30","date_gmt":"2022-03-06T15:10:30","guid":{"rendered":"https:\/\/mgvpublications.com\/produkt\/uzuntu-kapini-caldiginda\/"},"modified":"2022-03-08T22:57:59","modified_gmt":"2022-03-08T21:57:59","slug":"uzuntu-kapini-caldiginda","status":"publish","type":"product","link":"https:\/\/mgvpublications.com\/de\/uzuntu-kapini-caldiginda\/","title":{"rendered":"\u00dcz\u00fcnt\u00fc Kap\u0131n\u0131 \u00c7ald\u0131\u011f\u0131nda"},"content":{"rendered":"<p>\u00c7evirmen: Sibel \u00c7elik<br \/>Yay\u0131n Tarihi: 09.07.2021<br \/>ISBN: 9786051866369<br \/>Dil: T\u00dcRK\u00c7E<br \/>Sayfa Say\u0131s\u0131: 32<br \/>Cilt Tipi: Ciltli<br \/>Ka\u011f\u0131t Cinsi: Kitap Ka\u011f\u0131d\u0131<br \/>Boyut: 21.5 x 24 cm<\/p>","protected":false},"excerpt":{"rendered":"<p>Bazen \u00fcz\u00fcnt\u00fc hi\u00e7 beklemedi\u011fin bir anda ziyarete gelir. Onu i\u00e7eri ald\u0131\u011f\u0131nda, bu ilgin\u00e7 misafirin g\u00f6r\u00fcnd\u00fc\u011f\u00fc gibi korkutucu olmad\u0131\u011f\u0131n\u0131 ke\u015ffedeceksin&#8230;<\/p>","protected":false},"featured_media":22345,"template":"","meta":{"spay_email":""},"product_cat":[172],"product_tag":[],"item":[1214],"acf":[],"_links":{"self":[{"href":"https:\/\/mgvpublications.com\/de\/wp-json\/wp\/v2\/product\/22346"}],"collection":[{"href":"https:\/\/mgvpublications.com\/de\/wp-json\/wp\/v2\/product"}],"about":[{"href":"https:\/\/mgvpublications.com\/de\/wp-json\/wp\/v2\/types\/product"}],"wp:featuredmedia":[{"embeddable":true,"href":"https:\/\/mgvpublications.com\/de\/wp-json\/wp\/v2\/media\/22345"}],"wp:attachment":[{"href":"https:\/\/mgvpublications.com\/de\/wp-json\/wp\/v2\/media?parent=22346"}],"wp:term":[{"taxonomy":"product_cat","embeddable":true,"href":"https:\/\/mgvpublications.com\/de\/wp-json\/wp\/v2\/product_cat?post=22346"},{"taxonomy":"product_tag","embeddable":true,"href":"https:\/\/mgvpublications.com\/de\/wp-json\/wp\/v2\/product_tag?post=22346"},{"taxonomy":"item","embeddable":true,"href":"https:\/\/mgvpublications.com\/de\/wp-json\/wp\/v2\/item?post=22346"}],"curies":[{"name":"wp","href":"https:\/\/api.w.org\/{rel}","templated":true}]}}