{"id":22344,"date":"2022-03-06T16:10:28","date_gmt":"2022-03-06T15:10:28","guid":{"rendered":"https:\/\/mgvpublications.com\/produkt\/mutlulugun-basladigi-yer\/"},"modified":"2022-03-08T22:57:59","modified_gmt":"2022-03-08T21:57:59","slug":"mutlulugun-basladigi-yer","status":"publish","type":"product","link":"https:\/\/mgvpublications.com\/de\/mutlulugun-basladigi-yer\/","title":{"rendered":"Mutlulu\u011fun Ba\u015flad\u0131\u011f\u0131 Yer"},"content":{"rendered":"<p>\u00c7evirmen: Sibel \u00c7elik<br \/>Yay\u0131n Tarihi: 09.07.2021<br \/>Orijinal Ad\u0131: Where Happiness Begins<br \/>ISBN: 9786050321364<br \/>Dil: T\u00dcRK\u00c7E<br \/>Sayfa Say\u0131s\u0131: 32<br \/>Cilt Tipi: Karton Kapak<br \/>Ka\u011f\u0131t Cinsi: Kitap Ka\u011f\u0131d\u0131<br \/>Boyut: 21.5 x 24 cm<\/p>","protected":false},"excerpt":{"rendered":"<p>Herkes Mutlulu\u011fa ihtiya\u00e7 duyar. Onu bulmak zor olabilir ve bazen senden \u00c7ok uzaktaym\u0131\u015f gibi g\u00f6r\u00fcn\u00fcr. Ama mutlulu\u011fun her zaman bulunabilece\u011fi Bir yer vard\u0131r; i\u015fte geri d\u00f6nmemiz Gereken yer buras\u0131d\u0131r.<\/p>","protected":false},"featured_media":22343,"template":"","meta":{"spay_email":""},"product_cat":[172],"product_tag":[],"item":[1214],"acf":[],"_links":{"self":[{"href":"https:\/\/mgvpublications.com\/de\/wp-json\/wp\/v2\/product\/22344"}],"collection":[{"href":"https:\/\/mgvpublications.com\/de\/wp-json\/wp\/v2\/product"}],"about":[{"href":"https:\/\/mgvpublications.com\/de\/wp-json\/wp\/v2\/types\/product"}],"wp:featuredmedia":[{"embeddable":true,"href":"https:\/\/mgvpublications.com\/de\/wp-json\/wp\/v2\/media\/22343"}],"wp:attachment":[{"href":"https:\/\/mgvpublications.com\/de\/wp-json\/wp\/v2\/media?parent=22344"}],"wp:term":[{"taxonomy":"product_cat","embeddable":true,"href":"https:\/\/mgvpublications.com\/de\/wp-json\/wp\/v2\/product_cat?post=22344"},{"taxonomy":"product_tag","embeddable":true,"href":"https:\/\/mgvpublications.com\/de\/wp-json\/wp\/v2\/product_tag?post=22344"},{"taxonomy":"item","embeddable":true,"href":"https:\/\/mgvpublications.com\/de\/wp-json\/wp\/v2\/item?post=22344"}],"curies":[{"name":"wp","href":"https:\/\/api.w.org\/{rel}","templated":true}]}}