{"id":22338,"date":"2022-03-06T16:10:15","date_gmt":"2022-03-06T15:10:15","guid":{"rendered":"https:\/\/mgvpublications.com\/produkt\/basmakaleler-4-ideal-yol\/"},"modified":"2022-03-08T22:57:58","modified_gmt":"2022-03-08T21:57:58","slug":"basmakaleler-4-ideal-yol","status":"publish","type":"product","link":"https:\/\/mgvpublications.com\/de\/basmakaleler-4-ideal-yol\/","title":{"rendered":"Ba\u015fmakaleler 4 \/ \u0130deal Yol"},"content":{"rendered":"<p>Yay\u0131n Tarihi: 19.03.2020<br \/>ISBN: 9789758757145<br \/>Dil: T\u00dcRK\u00c7E<br \/>Sayfa Say\u0131s\u0131: 224<br \/>Cilt Tipi: Karton Kapak<br \/>Ka\u011f\u0131t Cinsi: Kitap Ka\u011f\u0131d\u0131<br \/>Boyut: 15 x 22 cm<\/p>","protected":false},"excerpt":{"rendered":"<p>Yay\u0131n Tarihi: 19.03.2020ISBN: 9789758757145Dil: T\u00dcRK\u00c7ESayfa Say\u0131s\u0131: 224Cilt Tipi: Karton KapakKa\u011f\u0131t Cinsi: Kitap Ka\u011f\u0131d\u0131Boyut: 15 x 22 cm<\/p>","protected":false},"featured_media":22337,"template":"","meta":{"spay_email":""},"product_cat":[174],"product_tag":[],"item":[699],"acf":[],"_links":{"self":[{"href":"https:\/\/mgvpublications.com\/de\/wp-json\/wp\/v2\/product\/22338"}],"collection":[{"href":"https:\/\/mgvpublications.com\/de\/wp-json\/wp\/v2\/product"}],"about":[{"href":"https:\/\/mgvpublications.com\/de\/wp-json\/wp\/v2\/types\/product"}],"wp:featuredmedia":[{"embeddable":true,"href":"https:\/\/mgvpublications.com\/de\/wp-json\/wp\/v2\/media\/22337"}],"wp:attachment":[{"href":"https:\/\/mgvpublications.com\/de\/wp-json\/wp\/v2\/media?parent=22338"}],"wp:term":[{"taxonomy":"product_cat","embeddable":true,"href":"https:\/\/mgvpublications.com\/de\/wp-json\/wp\/v2\/product_cat?post=22338"},{"taxonomy":"product_tag","embeddable":true,"href":"https:\/\/mgvpublications.com\/de\/wp-json\/wp\/v2\/product_tag?post=22338"},{"taxonomy":"item","embeddable":true,"href":"https:\/\/mgvpublications.com\/de\/wp-json\/wp\/v2\/item?post=22338"}],"curies":[{"name":"wp","href":"https:\/\/api.w.org\/{rel}","templated":true}]}}