{"id":22336,"date":"2022-03-06T16:10:13","date_gmt":"2022-03-06T15:10:13","guid":{"rendered":"https:\/\/mgvpublications.com\/produkt\/dilimiz-ve-kulturumuz\/"},"modified":"2022-03-08T22:57:58","modified_gmt":"2022-03-08T21:57:58","slug":"dilimiz-ve-kulturumuz","status":"publish","type":"product","link":"https:\/\/mgvpublications.com\/de\/dilimiz-ve-kulturumuz\/","title":{"rendered":"Dilimiz ve K\u00fclt\u00fcr\u00fcm\u00fcz"},"content":{"rendered":"<p>Yay\u0131n Tarihi: 01.01.2008<br \/>ISBN: 9789758757060<br \/>Dil: T\u00dcRK\u00c7E<br \/>Sayfa Say\u0131s\u0131: 101<br \/>Cilt Tipi: Karton Kapak<br \/>Ka\u011f\u0131t Cinsi: Kitap Ka\u011f\u0131d\u0131<br \/>Boyut: 15 x 22 cm<\/p>","protected":false},"excerpt":{"rendered":"<p>Yay\u0131n Tarihi: 01.01.2008ISBN: 9789758757060Dil: T\u00dcRK\u00c7ESayfa Say\u0131s\u0131: 101Cilt Tipi: Karton KapakKa\u011f\u0131t Cinsi: Kitap Ka\u011f\u0131d\u0131Boyut: 15 x 22 cm<\/p>","protected":false},"featured_media":22335,"template":"","meta":{"spay_email":""},"product_cat":[174],"product_tag":[],"item":[699],"acf":[],"_links":{"self":[{"href":"https:\/\/mgvpublications.com\/de\/wp-json\/wp\/v2\/product\/22336"}],"collection":[{"href":"https:\/\/mgvpublications.com\/de\/wp-json\/wp\/v2\/product"}],"about":[{"href":"https:\/\/mgvpublications.com\/de\/wp-json\/wp\/v2\/types\/product"}],"wp:featuredmedia":[{"embeddable":true,"href":"https:\/\/mgvpublications.com\/de\/wp-json\/wp\/v2\/media\/22335"}],"wp:attachment":[{"href":"https:\/\/mgvpublications.com\/de\/wp-json\/wp\/v2\/media?parent=22336"}],"wp:term":[{"taxonomy":"product_cat","embeddable":true,"href":"https:\/\/mgvpublications.com\/de\/wp-json\/wp\/v2\/product_cat?post=22336"},{"taxonomy":"product_tag","embeddable":true,"href":"https:\/\/mgvpublications.com\/de\/wp-json\/wp\/v2\/product_tag?post=22336"},{"taxonomy":"item","embeddable":true,"href":"https:\/\/mgvpublications.com\/de\/wp-json\/wp\/v2\/item?post=22336"}],"curies":[{"name":"wp","href":"https:\/\/api.w.org\/{rel}","templated":true}]}}