{"id":22332,"date":"2022-03-06T16:10:05","date_gmt":"2022-03-06T15:10:05","guid":{"rendered":"https:\/\/mgvpublications.com\/produkt\/cocuklarla-basbasa-ciltsiz\/"},"modified":"2022-03-08T22:57:57","modified_gmt":"2022-03-08T21:57:57","slug":"cocuklarla-basbasa-ciltsiz","status":"publish","type":"product","link":"https:\/\/mgvpublications.com\/de\/cocuklarla-basbasa-ciltsiz\/","title":{"rendered":"\u00c7ocuklarla Ba\u015fba\u015fa (Ciltsiz)"},"content":{"rendered":"<p>Yay\u0131n Tarihi: 06.03.2019<br \/>ISBN: 9789758757169<br \/>Dil: T\u00dcRK\u00c7E<br \/>Sayfa Say\u0131s\u0131: 106<br \/>Cilt Tipi: Karton Kapak<br \/>Ka\u011f\u0131t Cinsi: Kitap Ka\u011f\u0131d\u0131<br \/>Boyut: 15 x 22 cm<\/p>","protected":false},"excerpt":{"rendered":"<p>Yay\u0131n Tarihi: 06.03.2019ISBN: 9789758757169Dil: T\u00dcRK\u00c7ESayfa Say\u0131s\u0131: 106Cilt Tipi: Karton KapakKa\u011f\u0131t Cinsi: Kitap Ka\u011f\u0131d\u0131Boyut: 15 x 22 cm<\/p>","protected":false},"featured_media":22331,"template":"","meta":{"spay_email":""},"product_cat":[174],"product_tag":[],"item":[699],"acf":[],"_links":{"self":[{"href":"https:\/\/mgvpublications.com\/de\/wp-json\/wp\/v2\/product\/22332"}],"collection":[{"href":"https:\/\/mgvpublications.com\/de\/wp-json\/wp\/v2\/product"}],"about":[{"href":"https:\/\/mgvpublications.com\/de\/wp-json\/wp\/v2\/types\/product"}],"wp:featuredmedia":[{"embeddable":true,"href":"https:\/\/mgvpublications.com\/de\/wp-json\/wp\/v2\/media\/22331"}],"wp:attachment":[{"href":"https:\/\/mgvpublications.com\/de\/wp-json\/wp\/v2\/media?parent=22332"}],"wp:term":[{"taxonomy":"product_cat","embeddable":true,"href":"https:\/\/mgvpublications.com\/de\/wp-json\/wp\/v2\/product_cat?post=22332"},{"taxonomy":"product_tag","embeddable":true,"href":"https:\/\/mgvpublications.com\/de\/wp-json\/wp\/v2\/product_tag?post=22332"},{"taxonomy":"item","embeddable":true,"href":"https:\/\/mgvpublications.com\/de\/wp-json\/wp\/v2\/item?post=22332"}],"curies":[{"name":"wp","href":"https:\/\/api.w.org\/{rel}","templated":true}]}}