{"id":22328,"date":"2022-03-06T16:09:57","date_gmt":"2022-03-06T15:09:57","guid":{"rendered":"https:\/\/mgvpublications.com\/produkt\/eyvah-kalbim-kirildi\/"},"modified":"2022-03-08T22:57:57","modified_gmt":"2022-03-08T21:57:57","slug":"eyvah-kalbim-kirildi","status":"publish","type":"product","link":"https:\/\/mgvpublications.com\/de\/eyvah-kalbim-kirildi\/","title":{"rendered":"Eyvah Kalbim K\u0131r\u0131ld\u0131!"},"content":{"rendered":"<p>Yay\u0131n Tarihi: 19.03.2016<br \/>ISBN: 9786059781169<br \/>Dil: T\u00dcRK\u00c7E<br \/>Cilt Tipi: Karton Kapak<br \/>Ka\u011f\u0131t Cinsi: Ku\u015fe Ka\u011f\u0131t<br \/>Boyut: 20 x 20 cm<\/p>","protected":false},"excerpt":{"rendered":"<p>Kalben, zeytin dallar\u0131yla dolu, mavi beyaz bir Ege kasabas\u0131nda ya\u015fayan k\u00fc\u00e7\u00fck bir k\u0131zd\u0131r. Bir g\u00fcn arkada\u015flar\u0131 oyun oynarken onu aralar\u0131na almay\u0131nca minik kalbi k\u0131r\u0131l\u0131verir. Elif Yemenici\u2019nin yaz\u0131p resimledi\u011fi bu kitapta Kalben\u2019in kitap boyunca kalbini tamir etmek i\u00e7in arad\u0131\u011f\u0131 farkl\u0131 yollar, esprili bir \u015fekilde okura anlat\u0131l\u0131yor. Sanat\u00e7\u0131n\u0131n bu ilk kitab\u0131nda zengin Ege manzaralar\u0131 hem i\u00e7inizi \u0131s\u0131tacak hem de size yaz\u0131 \u00f6zletecek. Ya\u015fan\u0131lan \u00fcz\u00fcnt\u00fcler, arkada\u015flar aras\u0131 k\u0131rg\u0131nl\u0131k ve kalp k\u0131r\u0131lmas\u0131 gibi konular k\u00fc\u00e7\u00fck ya\u015ftaki \u00e7ocuklar i\u00e7in kafa kar\u0131\u015ft\u0131r\u0131c\u0131 olabilir. Bu \u00f6yk\u00fcyle birlikte \u00e7ocuklar hem bu duygular\u0131 daha yak\u0131ndan tan\u0131yacak hem de payla\u015fman\u0131n \u00f6nemini ke\u015ffedecekler. K\u0131r\u0131k bir kalp nas\u0131l tamir edilir?<\/p>","protected":false},"featured_media":22327,"template":"","meta":{"spay_email":""},"product_cat":[172],"product_tag":[],"item":[1978],"acf":[],"_links":{"self":[{"href":"https:\/\/mgvpublications.com\/de\/wp-json\/wp\/v2\/product\/22328"}],"collection":[{"href":"https:\/\/mgvpublications.com\/de\/wp-json\/wp\/v2\/product"}],"about":[{"href":"https:\/\/mgvpublications.com\/de\/wp-json\/wp\/v2\/types\/product"}],"wp:featuredmedia":[{"embeddable":true,"href":"https:\/\/mgvpublications.com\/de\/wp-json\/wp\/v2\/media\/22327"}],"wp:attachment":[{"href":"https:\/\/mgvpublications.com\/de\/wp-json\/wp\/v2\/media?parent=22328"}],"wp:term":[{"taxonomy":"product_cat","embeddable":true,"href":"https:\/\/mgvpublications.com\/de\/wp-json\/wp\/v2\/product_cat?post=22328"},{"taxonomy":"product_tag","embeddable":true,"href":"https:\/\/mgvpublications.com\/de\/wp-json\/wp\/v2\/product_tag?post=22328"},{"taxonomy":"item","embeddable":true,"href":"https:\/\/mgvpublications.com\/de\/wp-json\/wp\/v2\/item?post=22328"}],"curies":[{"name":"wp","href":"https:\/\/api.w.org\/{rel}","templated":true}]}}