{"id":22322,"date":"2022-03-06T16:09:43","date_gmt":"2022-03-06T15:09:43","guid":{"rendered":"https:\/\/mgvpublications.com\/produkt\/baglanma\/"},"modified":"2022-03-08T22:57:55","modified_gmt":"2022-03-08T21:57:55","slug":"baglanma","status":"publish","type":"product","link":"https:\/\/mgvpublications.com\/de\/baglanma\/","title":{"rendered":"Ba\u011flanma"},"content":{"rendered":"<p>Yay\u0131n Tarihi: 01.09.2012<br \/>ISBN: 9789757013235<br \/>Dil: T\u00dcRK\u00c7E<br \/>Sayfa Say\u0131s\u0131: 80<br \/>Cilt Tipi: Karton Kapak<br \/>Ka\u011f\u0131t Cinsi: Kitap Ka\u011f\u0131d\u0131<br \/>Boyut: 13 x 21 cm<\/p>","protected":false},"excerpt":{"rendered":"<p>\u201cDostluk, kar\u015f\u0131l\u0131kl\u0131 birbirine bakmak de\u011fil, ayn\u0131 y\u00f6ne birlikte bakmakt\u0131r\u201d der Exup\u00e9ry. Yapayaln\u0131z dola\u015f\u0131yor bu \u00e7a\u011f\u0131n insan\u0131. \u00c7\u00fcnk\u00fc birlikte y\u00fcr\u00fcyecek kadar g\u00fcvenmiyor kimse birbirine. \u0130nsanlar\u0131 birbirine sevdirmek gerekiyor \u00f6ncelikle, bunun i\u00e7in. Resm\u00ee \u00f6\u011freti \u00f6nce g\u00fcveni sarst\u0131 T\u00fcrk ulusunda. B\u00f6ylece eylemsizli\u011fe itti onu. Nas\u0131l birlikte y\u00fcr\u00fcn\u00fcr g\u00fcven olmadan? Herkes kendi d\u0131\u015f\u0131nda birinden gelen \u015feylere kar\u015f\u0131 bir g\u00fcvensizli\u011fe itilmi\u015f ki konu\u015fmalarda kar\u015f\u0131l\u0131kl\u0131 s\u00f6zlerin birbiriyle ilintili oldu\u011fu g\u00f6r\u00fclm\u00fcyor dense \u00e7ok olmaz san\u0131r\u0131m. Ki\u015filer devletten gelene kar\u015f\u0131 da ku\u015fkulu, ki\u015filerden gelene kar\u015f\u0131 da. Ama, ne gelirse gelsin. Her \u015feye kar\u015f\u0131. G\u00fcven olmazsa dostluk olur mu? Dostluk olmazsa ba\u011flanma olur mu? Ba\u011flanma olmazsa eylem olur mu? Tarihte \u00f6rnekleri var; bakal\u0131m t\u00fcm devrimlere, eylemlere: hangi temel de\u011ferlere, y\u00f6ntemlere yaslan\u0131yor? Nuri Pakdil\u2019in \u201cFethi Gemuhluo\u011flu\u2019nun B\u00fcy\u00fck an\u0131s\u0131na\u201d yazd\u0131\u011f\u0131 \u2018Ba\u011flanma\u2019 kitab\u0131 bir de bu yakla\u015f\u0131mla okunmal\u0131. \/ \u00d6mer Do\u011fru<\/p>","protected":false},"featured_media":22321,"template":"","meta":{"spay_email":""},"product_cat":[168],"product_tag":[],"item":[408],"acf":[],"_links":{"self":[{"href":"https:\/\/mgvpublications.com\/de\/wp-json\/wp\/v2\/product\/22322"}],"collection":[{"href":"https:\/\/mgvpublications.com\/de\/wp-json\/wp\/v2\/product"}],"about":[{"href":"https:\/\/mgvpublications.com\/de\/wp-json\/wp\/v2\/types\/product"}],"wp:featuredmedia":[{"embeddable":true,"href":"https:\/\/mgvpublications.com\/de\/wp-json\/wp\/v2\/media\/22321"}],"wp:attachment":[{"href":"https:\/\/mgvpublications.com\/de\/wp-json\/wp\/v2\/media?parent=22322"}],"wp:term":[{"taxonomy":"product_cat","embeddable":true,"href":"https:\/\/mgvpublications.com\/de\/wp-json\/wp\/v2\/product_cat?post=22322"},{"taxonomy":"product_tag","embeddable":true,"href":"https:\/\/mgvpublications.com\/de\/wp-json\/wp\/v2\/product_tag?post=22322"},{"taxonomy":"item","embeddable":true,"href":"https:\/\/mgvpublications.com\/de\/wp-json\/wp\/v2\/item?post=22322"}],"curies":[{"name":"wp","href":"https:\/\/api.w.org\/{rel}","templated":true}]}}