{"id":22318,"date":"2022-03-06T16:09:36","date_gmt":"2022-03-06T15:09:36","guid":{"rendered":"https:\/\/mgvpublications.com\/produkt\/erken-orta-cag-avrupasinda-hayat\/"},"modified":"2022-03-08T22:57:55","modified_gmt":"2022-03-08T21:57:55","slug":"erken-orta-cag-avrupasinda-hayat","status":"publish","type":"product","link":"https:\/\/mgvpublications.com\/de\/erken-orta-cag-avrupasinda-hayat\/","title":{"rendered":"Erken Orta \u00c7a\u011f Avrupas\u0131nda Hayat"},"content":{"rendered":"<p>Yay\u0131n Tarihi: 09.10.2021<br \/>ISBN: 9786050842357<br \/>Dil: T\u00dcRK\u00c7E<br \/>Sayfa Say\u0131s\u0131: 144<br \/>Cilt Tipi: Karton Kapak<br \/>Ka\u011f\u0131t Cinsi: Kitap Ka\u011f\u0131d\u0131<br \/>Boyut: 16.5 x 24 cm<\/p>","protected":false},"excerpt":{"rendered":"<p>T\u00fcrkiye&#8217;de Orta \u00c7a\u011f Avrupa tarihi \u00fczerine yap\u0131lan \u00e7al\u0131\u015fmalar genellikle Ge\u00e7 Orta \u00c7a\u011f&#8217;a odaklan\u0131rken yapt\u0131\u011f\u0131 ba\u015far\u0131l\u0131 \u00e7al\u0131\u015fmalarla dikkatleri \u00fczerine \u00e7eken Do\u00e7. Dr. \u00d6zlem Gen\u00e7, bu eserinde Erken Orta \u00c7a\u011f Avrupas\u0131&#8217;n\u0131n \u00f6nde gelen toplumlar\u0131ndan biri olan Franklar \u00fczerine yo\u011funla\u015fm\u0131\u015ft\u0131r. Yazar, Erken Orta \u00c7a\u011f Avrupas\u0131\u2019nda Hayat isimli bu \u00e7al\u0131\u015fmas\u0131nda, Franklar\u0131n tarih sahnesinde g\u00f6r\u00fclmeye ba\u015flad\u0131klar\u0131 andan onlar\u0131 merkez\u00ee bir g\u00fc\u00e7 alt\u0131nda birle\u015ftiren Clovis`e kadar siyasi faaliyetleri, Roma \u0130mparatorlu\u011fu ile ili\u015fkileri ve en \u00f6nemlisi Orta \u00c7a\u011f Avrupas\u0131`na etkilerini de\u011ferlendirmi\u015ftir. Bu etki, Clovis d\u00f6neminde derlendi\u011fi d\u00fc\u015f\u00fcn\u00fclen ve Franklar\u0131n bilinen ilk yasalar\u0131 olan Pactus Legis Salicae \u00fczerinden incelenmi\u015ftir. Bu metni orijinal dili Latinceden T\u00fcrk\u00e7eye \u00e7eviren \u00d6zlem Gen\u00e7, b\u00f6ylece \u00fclkemizde hem kaynak azl\u0131\u011f\u0131ndan yeterince bilinmeyen Erken Orta \u00c7a\u011f`\u0131n hem de Frank tarihinin daha iyi anla\u015f\u0131lmas\u0131na katk\u0131 sa\u011flamaya \u00e7al\u0131\u015fm\u0131\u015ft\u0131r. \u00d6zlem Gen\u00e7\u2019in uzun s\u00fcreli ve me\u015fakkatli \u00e7abalar\u0131n\u0131n sonucu olan bu eser, T\u00fcrk\u00e7e literat\u00fcrde Erken Orta \u00c7a\u011f Avrupas\u0131 hakk\u0131nda \u00f6nemli bir bo\u015flu\u011fu dolduracakt\u0131r.<\/p>","protected":false},"featured_media":22317,"template":"","meta":{"spay_email":""},"product_cat":[170],"product_tag":[],"item":[360],"acf":[],"_links":{"self":[{"href":"https:\/\/mgvpublications.com\/de\/wp-json\/wp\/v2\/product\/22318"}],"collection":[{"href":"https:\/\/mgvpublications.com\/de\/wp-json\/wp\/v2\/product"}],"about":[{"href":"https:\/\/mgvpublications.com\/de\/wp-json\/wp\/v2\/types\/product"}],"wp:featuredmedia":[{"embeddable":true,"href":"https:\/\/mgvpublications.com\/de\/wp-json\/wp\/v2\/media\/22317"}],"wp:attachment":[{"href":"https:\/\/mgvpublications.com\/de\/wp-json\/wp\/v2\/media?parent=22318"}],"wp:term":[{"taxonomy":"product_cat","embeddable":true,"href":"https:\/\/mgvpublications.com\/de\/wp-json\/wp\/v2\/product_cat?post=22318"},{"taxonomy":"product_tag","embeddable":true,"href":"https:\/\/mgvpublications.com\/de\/wp-json\/wp\/v2\/product_tag?post=22318"},{"taxonomy":"item","embeddable":true,"href":"https:\/\/mgvpublications.com\/de\/wp-json\/wp\/v2\/item?post=22318"}],"curies":[{"name":"wp","href":"https:\/\/api.w.org\/{rel}","templated":true}]}}