{"id":22316,"date":"2022-03-06T16:09:35","date_gmt":"2022-03-06T15:09:35","guid":{"rendered":"https:\/\/mgvpublications.com\/produkt\/tarihcilik-ve-yontem-uzerine\/"},"modified":"2022-03-08T22:57:55","modified_gmt":"2022-03-08T21:57:55","slug":"tarihcilik-ve-yontem-uzerine","status":"publish","type":"product","link":"https:\/\/mgvpublications.com\/de\/tarihcilik-ve-yontem-uzerine\/","title":{"rendered":"Tarih\u00e7ilik ve Y\u00f6ntem \u00dczerine"},"content":{"rendered":"<p>Yay\u0131n Tarihi: 09.10.2021<br \/>ISBN: 9786050842326<br \/>Dil: T\u00dcRK\u00c7E<br \/>Sayfa Say\u0131s\u0131: 224<br \/>Cilt Tipi: Karton Kapak<br \/>Ka\u011f\u0131t Cinsi: Kitap Ka\u011f\u0131d\u0131<br \/>Boyut: 16.5 x 24 cm<\/p>","protected":false},"excerpt":{"rendered":"<p>Osmanl\u0131 tarihi \u00fczerine yapt\u0131\u011f\u0131 dikkat \u00e7ekici \u00e7al\u0131\u015fmalarla \u00f6n plana \u00e7\u0131kan Prof. Dr. Ali Aky\u0131ld\u0131z, Tarih\u00e7ilik ve Y\u00f6ntem \u00dczerine ad\u0131n\u0131 verdi\u011fi ve tarih\u00e7ilik mesle\u011fi ile tarih\u00e7ili\u011fin y\u00f6ntemine dair yazd\u0131\u011f\u0131 makalelerini bir araya getirdi\u011fi bu eseriyle tarih \u00f6\u011frencileri ve gen\u00e7 tarih\u00e7iler i\u00e7in bir rehber olu\u015fturmaktad\u0131r. Osmanl\u0131 tarihi ara\u015ft\u0131rmalar\u0131 s\u0131ras\u0131nda kar\u015f\u0131la\u015f\u0131lan baz\u0131 problemler ve bunlara dair ileri s\u00fcr\u00fclen \u00e7\u00f6z\u00fcm yollar\u0131n\u0131 i\u00e7eren bu makaleler, tarih ara\u015ft\u0131rmac\u0131lar\u0131 i\u00e7in ufuk a\u00e7\u0131c\u0131 analizler i\u00e7ermektedir. Tarih yaz\u0131m\u0131nda y\u00fckselen trendlerden biri olan biyografi yaz\u0131c\u0131l\u0131\u011f\u0131n\u0131n Osmanl\u0131 d\u00fcnyas\u0131ndaki k\u0131s\u0131t ve imk\u00e2nlar\u0131, hanedan tarihi \u00e7al\u0131\u015fman\u0131n problem ve tuzaklar\u0131, tarih ara\u015ft\u0131rmalar\u0131na temel te\u015fkil eden belgelerin niteli\u011fi, g\u00fcvenilirli\u011fi ve neyi s\u00f6yleyip neyi s\u00f6ylemedi\u011fi, Hicri takvimin zaman zaman tarihi yanl\u0131\u015f g\u00f6stermesi ve bu sorunu a\u015fmak i\u00e7in \u00f6nerilen \u00e7\u00f6z\u00fcm yollar\u0131, Yak\u0131n\u00e7a\u011f Osmanl\u0131 sosyo-ekonomik tarihinde kar\u015f\u0131la\u015f\u0131lan kaynak sorunlar\u0131 gibi konular bu kitapta \u00fczerinde durulan ba\u015fl\u0131klardan birka\u00e7\u0131d\u0131r. Bu eser, tarih\u00e7ilerin ve tarih\u00e7ili\u011fe ad\u0131m atan gen\u00e7 ara\u015ft\u0131rmac\u0131lar\u0131n bu uzun ve me\u015fakkatli yolda kar\u015f\u0131la\u015facaklar\u0131 problemlere dikkat \u00e7eken bilgi ve analizlerle dolu bir el kitab\u0131 mahiyetindedir.<\/p>","protected":false},"featured_media":22315,"template":"","meta":{"spay_email":""},"product_cat":[170],"product_tag":[],"item":[360],"acf":[],"_links":{"self":[{"href":"https:\/\/mgvpublications.com\/de\/wp-json\/wp\/v2\/product\/22316"}],"collection":[{"href":"https:\/\/mgvpublications.com\/de\/wp-json\/wp\/v2\/product"}],"about":[{"href":"https:\/\/mgvpublications.com\/de\/wp-json\/wp\/v2\/types\/product"}],"wp:featuredmedia":[{"embeddable":true,"href":"https:\/\/mgvpublications.com\/de\/wp-json\/wp\/v2\/media\/22315"}],"wp:attachment":[{"href":"https:\/\/mgvpublications.com\/de\/wp-json\/wp\/v2\/media?parent=22316"}],"wp:term":[{"taxonomy":"product_cat","embeddable":true,"href":"https:\/\/mgvpublications.com\/de\/wp-json\/wp\/v2\/product_cat?post=22316"},{"taxonomy":"product_tag","embeddable":true,"href":"https:\/\/mgvpublications.com\/de\/wp-json\/wp\/v2\/product_tag?post=22316"},{"taxonomy":"item","embeddable":true,"href":"https:\/\/mgvpublications.com\/de\/wp-json\/wp\/v2\/item?post=22316"}],"curies":[{"name":"wp","href":"https:\/\/api.w.org\/{rel}","templated":true}]}}