{"id":22304,"date":"2022-03-06T16:09:11","date_gmt":"2022-03-06T15:09:11","guid":{"rendered":"https:\/\/mgvpublications.com\/produkt\/mevlid-kandili-ve-peygamber-sevgisi\/"},"modified":"2022-03-08T22:57:54","modified_gmt":"2022-03-08T21:57:54","slug":"mevlid-kandili-ve-peygamber-sevgisi","status":"publish","type":"product","link":"https:\/\/mgvpublications.com\/de\/mevlid-kandili-ve-peygamber-sevgisi\/","title":{"rendered":"Mevlid Kandili ve Peygamber Sevgisi"},"content":{"rendered":"<p>Yay\u0131n Tarihi: 15.10.2021<br \/>ISBN: 9786257626156<br \/>Dil: T\u00dcRK\u00c7E<br \/>Sayfa Say\u0131s\u0131: 200<br \/>Cilt Tipi: Karton Kapak<br \/>Ka\u011f\u0131t Cinsi: 1. Hm. Ka\u011f\u0131t<br \/>Boyut: 13 x 20.5 cm<\/p>","protected":false},"excerpt":{"rendered":"<p>Yay\u0131n Tarihi: 15.10.2021ISBN: 9786257626156Dil: T\u00dcRK\u00c7ESayfa Say\u0131s\u0131: 200Cilt Tipi: Karton KapakKa\u011f\u0131t Cinsi: 1. Hm. Ka\u011f\u0131tBoyut: 13 x 20.5 cm<\/p>","protected":false},"featured_media":22303,"template":"","meta":{"spay_email":""},"product_cat":[174],"product_tag":[],"item":[699],"acf":[],"_links":{"self":[{"href":"https:\/\/mgvpublications.com\/de\/wp-json\/wp\/v2\/product\/22304"}],"collection":[{"href":"https:\/\/mgvpublications.com\/de\/wp-json\/wp\/v2\/product"}],"about":[{"href":"https:\/\/mgvpublications.com\/de\/wp-json\/wp\/v2\/types\/product"}],"wp:featuredmedia":[{"embeddable":true,"href":"https:\/\/mgvpublications.com\/de\/wp-json\/wp\/v2\/media\/22303"}],"wp:attachment":[{"href":"https:\/\/mgvpublications.com\/de\/wp-json\/wp\/v2\/media?parent=22304"}],"wp:term":[{"taxonomy":"product_cat","embeddable":true,"href":"https:\/\/mgvpublications.com\/de\/wp-json\/wp\/v2\/product_cat?post=22304"},{"taxonomy":"product_tag","embeddable":true,"href":"https:\/\/mgvpublications.com\/de\/wp-json\/wp\/v2\/product_tag?post=22304"},{"taxonomy":"item","embeddable":true,"href":"https:\/\/mgvpublications.com\/de\/wp-json\/wp\/v2\/item?post=22304"}],"curies":[{"name":"wp","href":"https:\/\/api.w.org\/{rel}","templated":true}]}}