{"id":22298,"date":"2022-03-06T16:08:57","date_gmt":"2022-03-06T15:08:57","guid":{"rendered":"https:\/\/mgvpublications.com\/produkt\/irade-terbiyesi-icin-bir-aylik-kurs-ramazan\/"},"modified":"2022-03-08T22:57:52","modified_gmt":"2022-03-08T21:57:52","slug":"irade-terbiyesi-icin-bir-aylik-kurs-ramazan","status":"publish","type":"product","link":"https:\/\/mgvpublications.com\/de\/irade-terbiyesi-icin-bir-aylik-kurs-ramazan\/","title":{"rendered":"\u0130rade Terbiyesi \u0130\u00e7in Bir Ayl\u0131k Kurs Ramazan"},"content":{"rendered":"<p>Yay\u0131n Tarihi: 30.11.2021<br \/>ISBN: 9786257626194<br \/>Dil: T\u00dcRK\u00c7E<br \/>Sayfa Say\u0131s\u0131: 252<br \/>Cilt Tipi: Karton Kapak<br \/>Ka\u011f\u0131t Cinsi: Kitap Ka\u011f\u0131d\u0131<br \/>Boyut: 13 x 20.5 cm<\/p>","protected":false},"excerpt":{"rendered":"<p>Bu eser, merhum Prof. Dr. Mahmud Es&#8217;ad Co\u015fan&#8217;\u0131n Ramazan ay\u0131 dolay\u0131s\u0131yla yapm\u0131\u015f oldu\u011fu sohbetlerin derlemesi olup bu konuda kaleme alm\u0131\u015f oldu\u011fu ba\u015fyaz\u0131 ve makaleler ile Ramazan ay\u0131n\u0131n ihyas\u0131 ve Ramazan ay\u0131nda yapm\u0131\u015f oldu\u011fu dua ve yakar\u0131\u015flar\u0131 da i\u00e7ermektedir. Eser haz\u0131rlan\u0131rken konu\u015fma dili korunarak m\u00fcmk\u00fcn oldu\u011funca tekrarlardan ka\u00e7\u0131n\u0131lm\u0131\u015f, ba\u015fyaz\u0131 ve makaleler aynen yer alm\u0131\u015ft\u0131r. Ayet ve hadisler \u0131\u015f\u0131\u011f\u0131nda ibretli ve hikmetli noktalar\u0131 g\u00fczelce izah eden, g\u00fcnceli yakalayan, \u00f6zl\u00fc bilgiler veren, son derece sade, ak\u0131c\u0131 ve anla\u015f\u0131l\u0131r bir \u00fcsluba ve g\u00f6n\u00fcl diline sahip olan bu eser manevi yolculu\u011funuza rehberlik edecektir.<\/p>","protected":false},"featured_media":22297,"template":"","meta":{"spay_email":""},"product_cat":[168],"product_tag":[],"item":[699],"acf":[],"_links":{"self":[{"href":"https:\/\/mgvpublications.com\/de\/wp-json\/wp\/v2\/product\/22298"}],"collection":[{"href":"https:\/\/mgvpublications.com\/de\/wp-json\/wp\/v2\/product"}],"about":[{"href":"https:\/\/mgvpublications.com\/de\/wp-json\/wp\/v2\/types\/product"}],"wp:featuredmedia":[{"embeddable":true,"href":"https:\/\/mgvpublications.com\/de\/wp-json\/wp\/v2\/media\/22297"}],"wp:attachment":[{"href":"https:\/\/mgvpublications.com\/de\/wp-json\/wp\/v2\/media?parent=22298"}],"wp:term":[{"taxonomy":"product_cat","embeddable":true,"href":"https:\/\/mgvpublications.com\/de\/wp-json\/wp\/v2\/product_cat?post=22298"},{"taxonomy":"product_tag","embeddable":true,"href":"https:\/\/mgvpublications.com\/de\/wp-json\/wp\/v2\/product_tag?post=22298"},{"taxonomy":"item","embeddable":true,"href":"https:\/\/mgvpublications.com\/de\/wp-json\/wp\/v2\/item?post=22298"}],"curies":[{"name":"wp","href":"https:\/\/api.w.org\/{rel}","templated":true}]}}