{"id":22294,"date":"2022-03-06T16:08:50","date_gmt":"2022-03-06T15:08:50","guid":{"rendered":"https:\/\/mgvpublications.com\/produkt\/cahiliye-zihniyetinin-kuranla-degisimi\/"},"modified":"2022-12-11T10:05:50","modified_gmt":"2022-12-11T09:05:50","slug":"cahiliye-zihniyetinin-kuranla-degisimi","status":"publish","type":"product","link":"https:\/\/mgvpublications.com\/de\/cahiliye-zihniyetinin-kuranla-degisimi\/","title":{"rendered":"Cahiliye Zihniyetinin Kur\u2019an\u2019la De\u011fi\u015fimi"},"content":{"rendered":"<p>Yay\u0131n Tarihi: 20.11.2020<br \/>\nISBN: 9786053262886<br \/>\nDil: T\u00dcRK\u00c7E<br \/>\nSayfa Say\u0131s\u0131: 160<br \/>\nCilt Tipi: Ciltli<br \/>\nKa\u011f\u0131t Cinsi: Kitap Ka\u011f\u0131d\u0131<br \/>\nBoyut: 13.5 x 21 cm<\/p>","protected":false},"excerpt":{"rendered":"<p>Prof. Dr. Hasan Tahsin Feyizli \u0130nsanlar\u0131 c\u00e2hil veya bilgin olarak ay\u0131r\u0131mda kriter ne olmal\u0131d\u0131r? Yaln\u0131z d\u00fcnyal\u0131\u011f\u0131 kazand\u0131ran bilgiler mi, yoksa m\u00e2nev\u00ee de\u011ferlerle birle\u015fmi\u015f bilgiler mi? Tarih\u00ee ve sosyal olaylar g\u00f6steriyor ki, bir\u00e7ok tahsilli insanlar veya meden\u00ee denen milletler, \u00e7\u0131karlar\u0131 u\u011fruna kimilerinin kan\u0131n\u0131 d\u00f6km\u00fc\u015fler, kimilerini s\u00f6m\u00fcrge yaparak h\u00fcrriyetlerine mal\/m\u00fclk ve gelir kaynaklar\u0131na el koymu\u015flard\u0131r. \u0130\u015fte ceh\u00e2letin g\u00f6r\u00fcnmez y\u00fczlerinden biri de budur. C\u00e2hillik, g\u00f6r\u00fcld\u00fc\u011f\u00fc gibi yaln\u0131z bilgisizlik de\u011fildir; c\u00e2hillik gerek il\u00e2h\u00ee otoriteye gerek insanlara kar\u015f\u0131 sorumsuzluk, d\u00fczensizlik, ahl\u00e2ka uymayan haller ve d\u00fc\u015f\u00fcncesizlik i\u00e7inde her t\u00fcrl\u00fc olumsuz hareketlerde bulunmay\u0131 i\u00e7erir ki bu da zihn\u00ee k\u00f6rl\u00fck demektir. Bu kitab\u0131m\u0131zda, \u015firke dayal\u0131 c\u00e2hiliye toplumunun, Kur\u2019\u00e2n\u2019\u0131n getirdi\u011fi ahl\u00e2k ve hukuk esaslar\u0131 sayesinde, eski \u00f6rf-\u00e2detlerine ba\u011fl\u0131 ya\u015fant\u0131 ve zihniyetlerinden, i\u00e7g\u00fcd\u00fcsel duygu ve i\u015ftahlar\u0131ndan, putlar\u0131ndan nas\u0131l uzakla\u015f\u0131p Allah ve Ras\u00fbl\u00fcne ba\u011fl\u0131, kendisinden fayda do\u011fan, tevh\u00eed ilkeli bir \u0130sl\u00e2m toplumuna d\u00f6n\u00fc\u015ft\u00fc\u011f\u00fcn\u00fc g\u00f6rece\u011fiz.<\/p>","protected":false},"featured_media":22293,"template":"","meta":{"spay_email":""},"product_cat":[174],"product_tag":[],"item":[1932,689],"acf":[],"_links":{"self":[{"href":"https:\/\/mgvpublications.com\/de\/wp-json\/wp\/v2\/product\/22294"}],"collection":[{"href":"https:\/\/mgvpublications.com\/de\/wp-json\/wp\/v2\/product"}],"about":[{"href":"https:\/\/mgvpublications.com\/de\/wp-json\/wp\/v2\/types\/product"}],"wp:featuredmedia":[{"embeddable":true,"href":"https:\/\/mgvpublications.com\/de\/wp-json\/wp\/v2\/media\/22293"}],"wp:attachment":[{"href":"https:\/\/mgvpublications.com\/de\/wp-json\/wp\/v2\/media?parent=22294"}],"wp:term":[{"taxonomy":"product_cat","embeddable":true,"href":"https:\/\/mgvpublications.com\/de\/wp-json\/wp\/v2\/product_cat?post=22294"},{"taxonomy":"product_tag","embeddable":true,"href":"https:\/\/mgvpublications.com\/de\/wp-json\/wp\/v2\/product_tag?post=22294"},{"taxonomy":"item","embeddable":true,"href":"https:\/\/mgvpublications.com\/de\/wp-json\/wp\/v2\/item?post=22294"}],"curies":[{"name":"wp","href":"https:\/\/api.w.org\/{rel}","templated":true}]}}