{"id":22288,"date":"2022-03-06T16:08:40","date_gmt":"2022-03-06T15:08:40","guid":{"rendered":"https:\/\/mgvpublications.com\/produkt\/film-mi-oynatiyoruz-burda\/"},"modified":"2022-03-08T22:57:51","modified_gmt":"2022-03-08T21:57:51","slug":"film-mi-oynatiyoruz-burda","status":"publish","type":"product","link":"https:\/\/mgvpublications.com\/de\/film-mi-oynatiyoruz-burda\/","title":{"rendered":"Film Mi Oynat\u0131yoruz Burda?"},"content":{"rendered":"<p>Yay\u0131n Tarihi: 01.11.2017<br \/>ISBN: 9786056812750<br \/>Dil: T\u00dcRK\u00c7E<br \/>Sayfa Say\u0131s\u0131: 152<br \/>Cilt Tipi: Karton Kapak<br \/>Ka\u011f\u0131t Cinsi: Kitap Ka\u011f\u0131d\u0131<br \/>Boyut: 13.5 x 21 cm<\/p>","protected":false},"excerpt":{"rendered":"<p>&#8220;Ekran\u0131n d\u00fcnyas\u0131 ile bizim d\u00fcnyam\u0131z ayn\u0131 kefeye konulamaz. Evrenin kapsam\u0131 uzamsald\u0131r.\u201d Oysa sistem bize en ba\u015fta her \u00fcr\u00fcn\u00fcn al\u0131c\u0131s\u0131 oldu\u011funu \u00f6\u011fretmi\u015ftir. Do\u011frusu, herhangi bir \u015fey i\u00e7in ve nedenle ifade mecburiyeti olmayan\u0131n s\u00f6z\u00fcne ihtiya\u00e7 yoktur. Kar\u015f\u0131l\u0131k gelen ihtiyaca binaen de konu\u015fulmaz; s\u00f6z kendisini s\u00f6yletir, eser ortaya \u00e7\u0131k\u0131\u015f\u0131n\u0131 kendisi haz\u0131rlar; bir varolu\u015f sava\u015f\u0131m\u0131d\u0131r bu. Bu v\u00fccuda geli\u015fte tempo hi\u00e7 aksamaz, beceriksizce kotar\u0131lm\u0131\u015f bir n\u00fcve bile sanata dair izler ta\u015f\u0131r. Husule eren eserde bir somutluk, nesnellik ya da kendini do\u011frudan ele veren bir cihet aranmaz. Onun sanata y\u00f6nelik k\u0131sm\u0131 imgeselli\u011fidir ve \u00f6ze dair s\u00f6z\u00fcn, d\u00fc\u015f\u00fcncenin, tahayy\u00fcl\u00fcn \u00e7o\u011falt\u0131lmas\u0131yla zenginle\u015fecek, geli\u015fecektir. Bu bak\u0131mdan sanattan elde edilen \u00e7\u0131kar\u0131mlar\u0131n hi\u00e7biri netle\u015ftirilemez. Yani sanat i\u00e7in ortaya konmu\u015f eser, \u00e7o\u011funlukla buldurmaz ama oldurur, olgunla\u015ft\u0131r\u0131r. \u00dcstelik hem al\u0131c\u0131s\u0131 hem de \u00fcreticisi a\u00e7\u0131s\u0131ndan bir olu\u015ftur bu. Biraz ruh s\u00fck\u00fbnu, biraz da anlamland\u0131rma, anla\u015fma ve anla\u015f\u0131lma \u00e7abas\u0131. &#8220;Mutlu ki\u015finin zevki, g\u00f6stermek ve hikmeti yerinde kullanmakla a\u00e7\u0131\u011fa \u00e7\u0131kar. \u0130yi bir usta, g\u00fczel bir sanat\u00e7\u0131 ve \u00fcst\u00fcn bir musiki\u015finas da b\u00f6yledir.<\/p>","protected":false},"featured_media":22287,"template":"","meta":{"spay_email":""},"product_cat":[168],"product_tag":[],"item":[1090],"acf":[],"_links":{"self":[{"href":"https:\/\/mgvpublications.com\/de\/wp-json\/wp\/v2\/product\/22288"}],"collection":[{"href":"https:\/\/mgvpublications.com\/de\/wp-json\/wp\/v2\/product"}],"about":[{"href":"https:\/\/mgvpublications.com\/de\/wp-json\/wp\/v2\/types\/product"}],"wp:featuredmedia":[{"embeddable":true,"href":"https:\/\/mgvpublications.com\/de\/wp-json\/wp\/v2\/media\/22287"}],"wp:attachment":[{"href":"https:\/\/mgvpublications.com\/de\/wp-json\/wp\/v2\/media?parent=22288"}],"wp:term":[{"taxonomy":"product_cat","embeddable":true,"href":"https:\/\/mgvpublications.com\/de\/wp-json\/wp\/v2\/product_cat?post=22288"},{"taxonomy":"product_tag","embeddable":true,"href":"https:\/\/mgvpublications.com\/de\/wp-json\/wp\/v2\/product_tag?post=22288"},{"taxonomy":"item","embeddable":true,"href":"https:\/\/mgvpublications.com\/de\/wp-json\/wp\/v2\/item?post=22288"}],"curies":[{"name":"wp","href":"https:\/\/api.w.org\/{rel}","templated":true}]}}