{"id":22286,"date":"2022-03-06T16:08:33","date_gmt":"2022-03-06T15:08:33","guid":{"rendered":"https:\/\/mgvpublications.com\/produkt\/kufur-cephesinde-yeni-bir-sey-yok\/"},"modified":"2022-03-15T16:06:30","modified_gmt":"2022-03-15T15:06:30","slug":"kufur-cephesinde-yeni-bir-sey-yok","status":"publish","type":"product","link":"https:\/\/mgvpublications.com\/de\/kufur-cephesinde-yeni-bir-sey-yok\/","title":{"rendered":"K\u00fcf\u00fcr Cephesinde Yeni Bir \u015eey Yok"},"content":{"rendered":"<p>Yay\u0131n Tarihi: 02.05.2020<br \/>ISBN: 9786058334779<br \/>Dil: T\u00dcRK\u00c7E<br \/>Sayfa Say\u0131s\u0131: 184<br \/>Cilt Tipi: Karton Kapak<br \/>Ka\u011f\u0131t Cinsi: Kitap Ka\u011f\u0131d\u0131<br \/>Boyut: 13.5 x 21 cm<\/p>","protected":false},"excerpt":{"rendered":"<p>Yay\u0131n Tarihi: 02.05.2020ISBN: 9786058334779Dil: T\u00dcRK\u00c7ESayfa Say\u0131s\u0131: 184Cilt Tipi: Karton KapakKa\u011f\u0131t Cinsi: Kitap Ka\u011f\u0131d\u0131Boyut: 13.5 x 21 cm<\/p>","protected":false},"featured_media":22285,"template":"","meta":{"spay_email":""},"product_cat":[174],"product_tag":[],"item":[699],"acf":[],"_links":{"self":[{"href":"https:\/\/mgvpublications.com\/de\/wp-json\/wp\/v2\/product\/22286"}],"collection":[{"href":"https:\/\/mgvpublications.com\/de\/wp-json\/wp\/v2\/product"}],"about":[{"href":"https:\/\/mgvpublications.com\/de\/wp-json\/wp\/v2\/types\/product"}],"wp:featuredmedia":[{"embeddable":true,"href":"https:\/\/mgvpublications.com\/de\/wp-json\/wp\/v2\/media\/22285"}],"wp:attachment":[{"href":"https:\/\/mgvpublications.com\/de\/wp-json\/wp\/v2\/media?parent=22286"}],"wp:term":[{"taxonomy":"product_cat","embeddable":true,"href":"https:\/\/mgvpublications.com\/de\/wp-json\/wp\/v2\/product_cat?post=22286"},{"taxonomy":"product_tag","embeddable":true,"href":"https:\/\/mgvpublications.com\/de\/wp-json\/wp\/v2\/product_tag?post=22286"},{"taxonomy":"item","embeddable":true,"href":"https:\/\/mgvpublications.com\/de\/wp-json\/wp\/v2\/item?post=22286"}],"curies":[{"name":"wp","href":"https:\/\/api.w.org\/{rel}","templated":true}]}}