{"id":22282,"date":"2022-03-06T16:08:25","date_gmt":"2022-03-06T15:08:25","guid":{"rendered":"https:\/\/mgvpublications.com\/produkt\/bay-baskan\/"},"modified":"2024-09-10T09:57:16","modified_gmt":"2024-09-10T07:57:16","slug":"bay-baskan","status":"publish","type":"product","link":"https:\/\/mgvpublications.com\/de\/bay-baskan\/","title":{"rendered":"Bay Ba\u015fkan"},"content":{"rendered":"<p>Yay\u0131n Tarihi: 10.11.2020<br \/>\nISBN: 9786050681079<br \/>\nDil: T\u00dcRK\u00c7E<br \/>\nSayfa Say\u0131s\u0131: 128<br \/>\nCilt Tipi: Karton Kapak<br \/>\nKa\u011f\u0131t Cinsi: Kitap Ka\u011f\u0131d\u0131<br \/>\nBoyut: 13.5 x 19.5 cm<\/p>","protected":false},"excerpt":{"rendered":"<p>\u201cBu hikayeyi ba\u015fkas\u0131n\u0131n anlatmas\u0131na izin mi verseydim?\u201d \u201cBiz k\u00f6kl\u00fc bir tarihe ve medeniyete sahibiz. Korkacak neyimiz olabilir?\u201d \u201cD\u00fcnyaya, ak\u0131nt\u0131ya kar\u015f\u0131 duran\u0131n mevcut d\u00fczen oldu\u011funu hat\u0131rlataca\u011f\u0131m.\u201d Okudu\u011funuz \/ okuyaca\u011f\u0131n\u0131z bu kitaptan d\u0131\u015far\u0131 \u00e7\u0131kan, hayk\u0131ran, \u201cart\u0131k herkes duysun, bilsin, s\u00f6ylesin bizi\u201d diyen \u00fc\u00e7 c\u00fcmle\u2026 Son 300 y\u0131l\u0131m\u0131z \u201cyapt\u0131rmazlar\u201d kelimesinin kavramla\u015fmas\u0131yla ge\u00e7mi\u015f. Oryantalizmin zerk edildi\u011fi zihinlerimizde \u201cbizden\u201d olan her \u015fey marjinal geliyor art\u0131k\u2026 BAY BA\u015eKAN, d\u00fcnyan\u0131n en ger\u00e7ek hayalini kuruyor asl\u0131nda. Bizde olan\u0131 bize hat\u0131rlat\u0131yor. Hem de tek bir soruyla. \u201cNeden?\u201d Sorunlar\u0131 ki\u015fiselle\u015ftiren, sorumlular\u0131 de\u011fil, sorunlardan zarar g\u00f6renleri kutupla\u015ft\u0131ran bu d\u00fczende daha g\u00fczel bir d\u00fcnya i\u00e7in \u00e7\u00f6z\u00fclmesi gereken \u201cbir\u201d soruna \u201c\u00e7\u00f6z\u00fcm\u00fc\u201d olan bir \u201cadam\u0131n\u201d hikayesi\u2026 \u201cYeni bir d\u00fcnyan\u0131n\u201d var olabilece\u011finin \u201cbizden\u201d bir kan\u0131t\u0131\u2026 Yeni bir d\u00fcnya i\u00e7in gerekli olanlar\u0131n \u00f6zeti olan kitap bize; kendi hikayemiz olmas\u0131 gerekti\u011fini, kendi hikayemizi kendimizin anlatmas\u0131 gerekti\u011fini, kendimizi tan\u0131mam\u0131z gerekti\u011fini s\u00f6yl\u00fcyor. Dedi\u011fi \u00e7ok do\u011fru olan ve her birimizin \u201cevet ya\u201d demesi gereken \u015fey ise: Bug\u00fcn soka\u011fa \u00e7\u0131k\u0131p soral\u0131m; kim ya\u015fad\u0131\u011f\u0131 hayattan, kurulu d\u00fczenden, adaletten, haktan, payla\u015f\u0131mdan memnun? Kimse de\u011fil mi? O zaman neden de\u011fi\u015ftirmiyoruz bu d\u00fczeni? De\u011fi\u015ftirmememiz ne kadar anlams\u0131z de\u011fil mi? Yapt\u0131rmazlar dedi\u011finizi duyuyorum\u2026 BAY BA\u015eKAN, yapt\u0131rmazlar diyenlere, \u201cneden\u201d diye soruyor\u2026 Nas\u0131l yap\u0131laca\u011f\u0131n\u0131..<\/p>","protected":false},"featured_media":22281,"template":"","meta":{"spay_email":""},"product_cat":[168],"product_tag":[],"item":[1090],"acf":[],"_links":{"self":[{"href":"https:\/\/mgvpublications.com\/de\/wp-json\/wp\/v2\/product\/22282"}],"collection":[{"href":"https:\/\/mgvpublications.com\/de\/wp-json\/wp\/v2\/product"}],"about":[{"href":"https:\/\/mgvpublications.com\/de\/wp-json\/wp\/v2\/types\/product"}],"wp:featuredmedia":[{"embeddable":true,"href":"https:\/\/mgvpublications.com\/de\/wp-json\/wp\/v2\/media\/22281"}],"wp:attachment":[{"href":"https:\/\/mgvpublications.com\/de\/wp-json\/wp\/v2\/media?parent=22282"}],"wp:term":[{"taxonomy":"product_cat","embeddable":true,"href":"https:\/\/mgvpublications.com\/de\/wp-json\/wp\/v2\/product_cat?post=22282"},{"taxonomy":"product_tag","embeddable":true,"href":"https:\/\/mgvpublications.com\/de\/wp-json\/wp\/v2\/product_tag?post=22282"},{"taxonomy":"item","embeddable":true,"href":"https:\/\/mgvpublications.com\/de\/wp-json\/wp\/v2\/item?post=22282"}],"curies":[{"name":"wp","href":"https:\/\/api.w.org\/{rel}","templated":true}]}}