{"id":22280,"date":"2022-03-06T16:08:23","date_gmt":"2022-03-06T15:08:23","guid":{"rendered":"https:\/\/mgvpublications.com\/produkt\/tasavvuf-tedbirleri\/"},"modified":"2022-03-08T22:57:48","modified_gmt":"2022-03-08T21:57:48","slug":"tasavvuf-tedbirleri","status":"publish","type":"product","link":"https:\/\/mgvpublications.com\/de\/tasavvuf-tedbirleri\/","title":{"rendered":"Tasavvuf Tedbirleri"},"content":{"rendered":"<p>Yay\u0131n Tarihi: 05.05.2021<br \/>ISBN: 9786050681093<br \/>Dil: T\u00dcRK\u00c7E<br \/>Sayfa Say\u0131s\u0131: 176<br \/>Cilt Tipi: Karton Kapak<br \/>Ka\u011f\u0131t Cinsi: Kitap Ka\u011f\u0131d\u0131<br \/>Boyut: 13.5 x 19.5 cm<\/p>","protected":false},"excerpt":{"rendered":"<p>Elinden, dilinden, belinden ba\u015fkalar\u0131n\u0131 emin k\u0131l\u0131yorsan tasavvufun tam s\u00f6yledi\u011fi yerdesindir. \u00c7okluk de\u011fil kanaat pe\u015finde olan ki\u015fi ger\u00e7ek m\u00fcr\u015fidini bulmu\u015f demektir. M\u00fclkiyetle arana s\u00fctre koymay\u0131 ba\u015farm\u0131\u015fsan, d\u00fcnyan\u0131n fani oldu\u011funa, insan\u0131n \u00f6l\u00fcml\u00fcl\u00fc\u011f\u00fcne hakkal yakin, ilmel yakin ve de ayne lyakin inanm\u0131\u015f isen m\u00fcrit olmasan ne \u00e7\u0131kar? Yalan\u0131 ve de yanl\u0131\u015f\u0131 kutsamayan, menfaatleri taraf\u0131ndan k\u0131lavuzlanmayan sahici bir insansan\u0131z \u015feytan sizden \u00fcmidi \u00e7oktan kesmi\u015f demektir. Ac\u0131 ve \u0131st\u0131raplara bir imtihan bilinciyle tahamm\u00fcl ve sab\u0131r g\u00f6sterdi\u011fin kadar cennet nimet, haz ve mutlulu\u011funa i\u015ftiyak hissedip \u00f6zlem duyabiliyorsan ruhbanl\u0131\u011fa de\u011fil z\u00fchde yak\u0131n oldu\u011fun konusunda \u015f\u00fcphen olmas\u0131n. \u015eirk de \u015firket de bu mecrada birlikte at ko\u015ftururlar, sen sen ol ikisine de tamah etme. D\u00fc\u015feni kald\u0131r. Kalkan\u0131 kalk\u0131nd\u0131r, bilmeyeni ayd\u0131nlat, k\u00f6t\u00fcye k\u00f6t\u00fcl\u00fck etme, iyinin iyili\u011fini ortaya sa\u00e7ma. \u201cBen\u201d deme fark\u0131nda olmadan benlik davas\u0131n\u0131n \u00f6tesine ge\u00e7emezsin. Kalabal\u0131klar\u0131n akl\u0131n\u0131 ipotek alt\u0131na alma. Akl\u0131n\u0131 kullanmayan kendini kulland\u0131r\u0131r. Akl\u0131n\u0131 M\u00fcsl\u00fcman k\u0131l, \u00f6nce kendi nefsini ir\u015fat et, kendinle rab\u0131ta kur.<\/p>","protected":false},"featured_media":22279,"template":"","meta":{"spay_email":""},"product_cat":[168],"product_tag":[],"item":[1090],"acf":[],"_links":{"self":[{"href":"https:\/\/mgvpublications.com\/de\/wp-json\/wp\/v2\/product\/22280"}],"collection":[{"href":"https:\/\/mgvpublications.com\/de\/wp-json\/wp\/v2\/product"}],"about":[{"href":"https:\/\/mgvpublications.com\/de\/wp-json\/wp\/v2\/types\/product"}],"wp:featuredmedia":[{"embeddable":true,"href":"https:\/\/mgvpublications.com\/de\/wp-json\/wp\/v2\/media\/22279"}],"wp:attachment":[{"href":"https:\/\/mgvpublications.com\/de\/wp-json\/wp\/v2\/media?parent=22280"}],"wp:term":[{"taxonomy":"product_cat","embeddable":true,"href":"https:\/\/mgvpublications.com\/de\/wp-json\/wp\/v2\/product_cat?post=22280"},{"taxonomy":"product_tag","embeddable":true,"href":"https:\/\/mgvpublications.com\/de\/wp-json\/wp\/v2\/product_tag?post=22280"},{"taxonomy":"item","embeddable":true,"href":"https:\/\/mgvpublications.com\/de\/wp-json\/wp\/v2\/item?post=22280"}],"curies":[{"name":"wp","href":"https:\/\/api.w.org\/{rel}","templated":true}]}}