{"id":22262,"date":"2022-03-06T16:07:45","date_gmt":"2022-03-06T15:07:45","guid":{"rendered":"https:\/\/mgvpublications.com\/produkt\/fizikotesi-acisindan-ufuklar-ve-daha-otesi-1\/"},"modified":"2022-03-08T22:57:47","modified_gmt":"2022-03-08T21:57:47","slug":"fizikotesi-acisindan-ufuklar-ve-daha-otesi-1","status":"publish","type":"product","link":"https:\/\/mgvpublications.com\/de\/fizikotesi-acisindan-ufuklar-ve-daha-otesi-1\/","title":{"rendered":"Fizik\u00f6tesi A\u00e7\u0131s\u0131ndan Ufuklar Ve Daha \u00d6tesi 1"},"content":{"rendered":"<p>Yay\u0131n Tarihi: 01.01.2015<br \/>ISBN: 9789123441563<br \/>Dil: T\u00dcRK\u00c7E<br \/>Sayfa Say\u0131s\u0131: 163<br \/>Cilt Tipi: Karton Kapak<br \/>Ka\u011f\u0131t Cinsi: Kitap Ka\u011f\u0131d\u0131<br \/>Boyut: 13 x 19.5 cm<\/p>","protected":false},"excerpt":{"rendered":"<p>Yay\u0131n Tarihi: 01.01.2015ISBN: 9789123441563Dil: T\u00dcRK\u00c7ESayfa Say\u0131s\u0131: 163Cilt Tipi: Karton KapakKa\u011f\u0131t Cinsi: Kitap Ka\u011f\u0131d\u0131Boyut: 13 x 19.5 cm<\/p>","protected":false},"featured_media":22261,"template":"","meta":{"spay_email":""},"product_cat":[174],"product_tag":[],"item":[705],"acf":[],"_links":{"self":[{"href":"https:\/\/mgvpublications.com\/de\/wp-json\/wp\/v2\/product\/22262"}],"collection":[{"href":"https:\/\/mgvpublications.com\/de\/wp-json\/wp\/v2\/product"}],"about":[{"href":"https:\/\/mgvpublications.com\/de\/wp-json\/wp\/v2\/types\/product"}],"wp:featuredmedia":[{"embeddable":true,"href":"https:\/\/mgvpublications.com\/de\/wp-json\/wp\/v2\/media\/22261"}],"wp:attachment":[{"href":"https:\/\/mgvpublications.com\/de\/wp-json\/wp\/v2\/media?parent=22262"}],"wp:term":[{"taxonomy":"product_cat","embeddable":true,"href":"https:\/\/mgvpublications.com\/de\/wp-json\/wp\/v2\/product_cat?post=22262"},{"taxonomy":"product_tag","embeddable":true,"href":"https:\/\/mgvpublications.com\/de\/wp-json\/wp\/v2\/product_tag?post=22262"},{"taxonomy":"item","embeddable":true,"href":"https:\/\/mgvpublications.com\/de\/wp-json\/wp\/v2\/item?post=22262"}],"curies":[{"name":"wp","href":"https:\/\/api.w.org\/{rel}","templated":true}]}}