{"id":22260,"date":"2022-03-06T16:07:44","date_gmt":"2022-03-06T15:07:44","guid":{"rendered":"https:\/\/mgvpublications.com\/produkt\/ideolocya-orgusu-kod36\/"},"modified":"2022-03-08T22:57:42","modified_gmt":"2022-03-08T21:57:42","slug":"ideolocya-orgusu-kod36","status":"publish","type":"product","link":"https:\/\/mgvpublications.com\/de\/ideolocya-orgusu-kod36\/","title":{"rendered":"\u0130deolocya \u00d6rg\u00fcs\u00fc (kod36)"},"content":{"rendered":"<p>ISBN: 9789758180325<br \/>Dil: T\u00dcRK\u00c7E<br \/>Sayfa Say\u0131s\u0131: 576<br \/>Cilt Tipi: Karton Kapak<br \/>Ka\u011f\u0131t Cinsi: Kitap Ka\u011f\u0131d\u0131<br \/>Boyut: 12 x 20 cm<\/p>","protected":false},"excerpt":{"rendered":"<p>Do\u011funun ruh k\u00f6k\u00fc \u00fczerinde, \u00f6z g\u00f6vdesi ve dallar\u0131yla i\u00e7i\u00e7e, Bat\u0131n\u0131n maddi a\u011fac\u0131n\u0131 yeti\u015ftiren, b\u00f6ylece Do\u011fu alemi i\u00e7inden bir B\u00fcy\u00fck Do\u011fu&#8217;nun f\u0131\u015fk\u0131rmas\u0131n\u0131 hedef tutan bir mefkure senfonyas\u0131 \u00e7al\u0131n\u0131yor!.. Her i\u015fi b\u0131rak\u0131p bunu dinleyiniz!<\/p>","protected":false},"featured_media":22259,"template":"","meta":{"spay_email":""},"product_cat":[174],"product_tag":[],"item":[383],"acf":[],"_links":{"self":[{"href":"https:\/\/mgvpublications.com\/de\/wp-json\/wp\/v2\/product\/22260"}],"collection":[{"href":"https:\/\/mgvpublications.com\/de\/wp-json\/wp\/v2\/product"}],"about":[{"href":"https:\/\/mgvpublications.com\/de\/wp-json\/wp\/v2\/types\/product"}],"wp:featuredmedia":[{"embeddable":true,"href":"https:\/\/mgvpublications.com\/de\/wp-json\/wp\/v2\/media\/22259"}],"wp:attachment":[{"href":"https:\/\/mgvpublications.com\/de\/wp-json\/wp\/v2\/media?parent=22260"}],"wp:term":[{"taxonomy":"product_cat","embeddable":true,"href":"https:\/\/mgvpublications.com\/de\/wp-json\/wp\/v2\/product_cat?post=22260"},{"taxonomy":"product_tag","embeddable":true,"href":"https:\/\/mgvpublications.com\/de\/wp-json\/wp\/v2\/product_tag?post=22260"},{"taxonomy":"item","embeddable":true,"href":"https:\/\/mgvpublications.com\/de\/wp-json\/wp\/v2\/item?post=22260"}],"curies":[{"name":"wp","href":"https:\/\/api.w.org\/{rel}","templated":true}]}}