{"id":22258,"date":"2022-03-06T16:07:38","date_gmt":"2022-03-06T15:07:38","guid":{"rendered":"https:\/\/mgvpublications.com\/produkt\/bir-omur-ramazan-ruhun-ziyafeti\/"},"modified":"2022-03-25T15:07:26","modified_gmt":"2022-03-25T14:07:26","slug":"bir-omur-ramazan-ruhun-ziyafeti","status":"publish","type":"product","link":"https:\/\/mgvpublications.com\/de\/bir-omur-ramazan-ruhun-ziyafeti\/","title":{"rendered":"Bir \u00d6m\u00fcr Ramazan Ruhun Ziyafeti"},"content":{"rendered":"<p>Yay\u0131n Tarihi: 14.05.2020<br \/>ISBN: 9786257014885<br \/>Dil: T\u00dcRK\u00c7E<br \/>Sayfa Say\u0131s\u0131: 216<br \/>Cilt Tipi: Karton Kapak<br \/>Ka\u011f\u0131t Cinsi: Kitap Ka\u011f\u0131d\u0131<br \/>Boyut: 13.5 x 21 cm<\/p>","protected":false},"excerpt":{"rendered":"<p>\u00d6MR\u00dc RAMAZAN OLANIN AH\u0130RET\u0130 BAYRAM OLUR Kemal \u00d6zer, modern d\u00fcnyan\u0131n dayatt\u0131klar\u0131na inat Ramazan ruhuna uygun beslenme anlay\u0131\u015f\u0131n\u0131 sofralar\u0131m\u0131z\u0131n ba\u015f k\u00f6\u015fesine buyur ediyor. Bu sofra sadece bir ar\u0131nma de\u011fil ayn\u0131 zamanda ebed\u00ee bir bayram\u0131n m\u00fcjdecisi. \u201cG\u00fcn\u00fcm\u00fczde insanlar hem iftar hem de sahurda di\u011fer g\u00fcnlerden daha fazla yiyerek orucun s\u0131hhatine zarar verebiliyor. Ramazan\u2019a 75 kilo giren bir kimse Ramazan\u2019\u0131 kilo alarak tamaml\u0131yorsa veya bayrama h\u00e2l\u00e2 75 kilo olarak ula\u015f\u0131yorsa, o ki\u015fi orucun kendisine sa\u011flayaca\u011f\u0131 yararlardan bedenini mahrum etmi\u015f demektir. Bilakis bedenin istirahat ve ar\u0131nma hakk\u0131n\u0131 engellemi\u015f ve kendine zulmetmi\u015ftir. \u015eayet Ramazan ay\u0131 ile di\u011fer aylar aras\u0131nda hem fizyolojik hem de ruh\u00ee bir de\u011fi\u015fim olmayacaksa oru\u00e7 tutman\u0131n bir m\u00e2n\u00e2s\u0131 olabilir mi? Kullar\u0131n\u0131n a\u00e7 kalmas\u0131ndan Allah\u2019\u0131n h\u00e2\u015f\u00e2 bir menfaati olmad\u0131\u011f\u0131na g\u00f6re, oru\u00e7 tutarak a\u00e7 kalmam\u0131z madd\u00ee ve m\u00e2nev\u00ee bir ar\u0131nma sa\u011flamayacak ise niye kendimizi baz\u0131 nimetlerden mahrum edelim ki? O h\u00e2lde orucu nas\u0131l tutmal\u0131? Orucun madd\u00ee ve m\u00e2nev\u00ee ar\u0131nmas\u0131ndan nas\u0131l yararlanmal\u0131? Normal g\u00fcnlerde \u00e7o\u011fu kimse i\u00e7in iki \u00f6\u011f\u00fcn yeterken oru\u00e7lu iken d\u00f6rt be\u015f \u00f6\u011f\u00fcn yemekten nas\u0131l korunabiliriz? Bu sorular\u0131n cevab\u0131n\u0131 Ramazan sofralar\u0131m\u0131z ile t\u00fcketme bi\u00e7imimizi g\u00f6zden ge\u00e7irerek verebiliriz.\u201d<\/p>","protected":false},"featured_media":22257,"template":"","meta":{"spay_email":""},"product_cat":[1352],"product_tag":[],"item":[392],"acf":[],"_links":{"self":[{"href":"https:\/\/mgvpublications.com\/de\/wp-json\/wp\/v2\/product\/22258"}],"collection":[{"href":"https:\/\/mgvpublications.com\/de\/wp-json\/wp\/v2\/product"}],"about":[{"href":"https:\/\/mgvpublications.com\/de\/wp-json\/wp\/v2\/types\/product"}],"wp:featuredmedia":[{"embeddable":true,"href":"https:\/\/mgvpublications.com\/de\/wp-json\/wp\/v2\/media\/22257"}],"wp:attachment":[{"href":"https:\/\/mgvpublications.com\/de\/wp-json\/wp\/v2\/media?parent=22258"}],"wp:term":[{"taxonomy":"product_cat","embeddable":true,"href":"https:\/\/mgvpublications.com\/de\/wp-json\/wp\/v2\/product_cat?post=22258"},{"taxonomy":"product_tag","embeddable":true,"href":"https:\/\/mgvpublications.com\/de\/wp-json\/wp\/v2\/product_tag?post=22258"},{"taxonomy":"item","embeddable":true,"href":"https:\/\/mgvpublications.com\/de\/wp-json\/wp\/v2\/item?post=22258"}],"curies":[{"name":"wp","href":"https:\/\/api.w.org\/{rel}","templated":true}]}}