{"id":22252,"date":"2022-03-06T16:07:29","date_gmt":"2022-03-06T15:07:29","guid":{"rendered":"https:\/\/mgvpublications.com\/produkt\/postmodern-dunyada-kibleyi-bulmak\/"},"modified":"2022-04-08T21:45:22","modified_gmt":"2022-04-08T19:45:22","slug":"postmodern-dunyada-kibleyi-bulmak","status":"publish","type":"product","link":"https:\/\/mgvpublications.com\/de\/postmodern-dunyada-kibleyi-bulmak\/","title":{"rendered":"Postmodern D\u00fcnyada K\u0131bleyi Bulmak"},"content":{"rendered":"<p>Yay\u0131n Tarihi: 28.04.2016<br \/>ISBN: 9789752634879<br \/>Dil: T\u00dcRK\u00c7E<br \/>Sayfa Say\u0131s\u0131: 336<br \/>Cilt Tipi: Karton Kapak<br \/>Ka\u011f\u0131t Cinsi: Kitap Ka\u011f\u0131d\u0131<br \/>Boyut: 13.5 x 21 cm<\/p>","protected":false},"excerpt":{"rendered":"<p>Kim ki l\u00fctuflar i\u00e7in \u015f\u00fckretmez, O\u2019nu kaybetme riskiyle kar\u015f\u0131 kar\u015f\u0131yad\u0131r; Kim ki \u015f\u00fckreder, o l\u00fctuflar\u0131 manevi ba\u011flarla Kendine ba\u011flam\u0131\u015f olur. (\u0130bn At\u00e2ullah) \u015eehir bo\u011fuluyor, \u015fehrin sakinleri de \u00f6yle. G\u00fczide dima\u011flar\u0131n pervas\u0131zl\u0131\u011f\u0131, anlay\u0131\u015fs\u0131zl\u0131\u011fa d\u00f6n\u00fc\u015fm\u00fc\u015f. Modern hayat\u0131n cazibesi k\u0131sa s\u00fcreli\u011fine ba\u015f\u0131m\u0131z\u0131 g\u00f6\u011fe erdiriyor; ama ard\u0131 s\u0131ra, k\u00fclleri kal\u0131yor geriye ve insanl\u0131k bo\u015fanma, intihar, depresyon ve uyu\u015fturucu y\u00fckl\u00fc ki\u015fisel ve sosyal kabristana d\u00fc\u015f\u00fcyor. \u0130lerlemeye dair sloganlar\u0131m\u0131za ra\u011fmen, Machado\u2019yla birlikte ac\u0131 \u00e7ekiyoruz: \u201c\u0130nsanlarla bar\u0131\u015f i\u00e7inde, ama i\u00e7 organlar\u0131m\u0131zla sava\u015f i\u00e7inde ya\u015fay\u0131\u015f.\u201d Ve Nabokov gibi, \u201cbe\u015fi\u011fin dipsiz bir kuyuya do\u011fru yuvarland\u0131\u011f\u0131\u201dna k\u00e2niyiz. Tevhidin tarihi, kurtulu\u015f anlar\u0131n\u0131 dinler ad\u0131n\u0131 verdi\u011fimiz parlak ve eri\u015filebilir \u0131\u015f\u0131\u011f\u0131n bur\u00e7lar\u0131n\u0131, yahut kadim ihti\u015fam\u0131n kat\u0131\u015f\u0131ks\u0131z bakiyelerini belgeliyor. \u0130sl\u00e2m, b\u00fct\u00fcn ihti\u015fam\u0131yla, ba\u015flang\u0131\u00e7ta bize verilen insaniyetimize, f\u0131trat\u0131m\u0131za yeniden eri\u015fme imk\u00e2n\u0131 sa\u011fl\u0131yor. Postmodern ya\u015fay\u0131\u015f okyanuslar\u0131 boyunca selametle yol almam\u0131z\u0131 m\u00fcmk\u00fcn k\u0131lan bir cankurtaran gemisi olarak k\u0131lavuzluk ediyor. Modern insan daima bekleme odas\u0131nda duran, daha ger\u00e7ek bir gelecek umudu ta\u015f\u0131yan, ama asla buna tam\u0131 tam\u0131na eri\u015femeyen puer aeternus olarak g\u00f6z\u00fck\u00fcyor; oysa \u0130sl\u00e2m insan\u0131, homo Islamicus kemale ermi\u015f biridir, makinelerin ve nefsinin getiremedi\u011fi t\u00fcrden bir seyr u s\u00fcl\u00fbku tecr\u00fcbe etmi\u015f bir yeti\u015fkindir. Sosyalli\u011fin yurdu, i\u015fte buras\u0131d\u0131r: Erkekler ve kad\u0131nlar, \u00e7ocuklar ve ya\u015fl\u0131lar aras\u0131ndaki ili\u015fkiler i\u00e7in mevcut bir norm, ki\u015fisel ar\u0131nma ve nefis terbiyesi aray\u0131\u015f\u0131n\u0131n y\u00fcreklendirdi\u011fi, kutlu hayat tecr\u00fcbesine dair i\u00e7tenlikli ve ne\u015fe y\u00fckl\u00fc bir vizyon. T. J. Winter (Abd\u00fclhakim Murad), postmodernitenin ve b\u00fct\u00fcn sahte kurtulu\u015flar\u0131n kadehinden i\u00e7mi\u015f ve sonra \u0130sl\u00e2m\u2019\u0131 insan\u0131n anlam aray\u0131\u015f\u0131na g\u00f6t\u00fcren kesin bir anahtar olarak tan\u0131m\u0131\u015f bulunan bir postmodern d\u00f6nem \u00e7a\u011fda\u015f\u0131 ve d\u00fc\u015f\u00fcn\u00fcr olarak Allah\u2019\u0131 b\u00fct\u00fcn isimleriyle \u00f6\u011freten tek dinin potansiyel ihti\u015fam\u0131n\u0131 ortaya seriyor.<\/p>","protected":false},"featured_media":22251,"template":"","meta":{"spay_email":""},"product_cat":[1537],"product_tag":[],"item":[360],"acf":[],"_links":{"self":[{"href":"https:\/\/mgvpublications.com\/de\/wp-json\/wp\/v2\/product\/22252"}],"collection":[{"href":"https:\/\/mgvpublications.com\/de\/wp-json\/wp\/v2\/product"}],"about":[{"href":"https:\/\/mgvpublications.com\/de\/wp-json\/wp\/v2\/types\/product"}],"wp:featuredmedia":[{"embeddable":true,"href":"https:\/\/mgvpublications.com\/de\/wp-json\/wp\/v2\/media\/22251"}],"wp:attachment":[{"href":"https:\/\/mgvpublications.com\/de\/wp-json\/wp\/v2\/media?parent=22252"}],"wp:term":[{"taxonomy":"product_cat","embeddable":true,"href":"https:\/\/mgvpublications.com\/de\/wp-json\/wp\/v2\/product_cat?post=22252"},{"taxonomy":"product_tag","embeddable":true,"href":"https:\/\/mgvpublications.com\/de\/wp-json\/wp\/v2\/product_tag?post=22252"},{"taxonomy":"item","embeddable":true,"href":"https:\/\/mgvpublications.com\/de\/wp-json\/wp\/v2\/item?post=22252"}],"curies":[{"name":"wp","href":"https:\/\/api.w.org\/{rel}","templated":true}]}}