{"id":22250,"date":"2022-03-06T16:07:22","date_gmt":"2022-03-06T15:07:22","guid":{"rendered":"https:\/\/mgvpublications.com\/produkt\/dijital-mahremiyet-yeni-medya-ve-gozetim-toplumu\/"},"modified":"2022-04-25T11:07:14","modified_gmt":"2022-04-25T09:07:14","slug":"dijital-mahremiyet-yeni-medya-ve-gozetim-toplumu","status":"publish","type":"product","link":"https:\/\/mgvpublications.com\/de\/dijital-mahremiyet-yeni-medya-ve-gozetim-toplumu\/","title":{"rendered":"Dijital Mahremiyet Yeni Medya ve G\u00f6zetim Toplumu"},"content":{"rendered":"<p>Yay\u0131n Tarihi: 10.10.2018<br \/>ISBN: 9786053371762<br \/>Dil: T\u00dcRK\u00c7E<br \/>Sayfa Say\u0131s\u0131: 200<br \/>Cilt Tipi: Karton Kapak<br \/>Ka\u011f\u0131t Cinsi: Kitap Ka\u011f\u0131d\u0131<br \/>Boyut: 13.5 x 21.5 cm<\/p>","protected":false},"excerpt":{"rendered":"<p>Dijital Mahremiyet, modern insan\u0131n mahremiyet aray\u0131\u015f\u0131nda g\u00fcn\u00fcm\u00fcz\u00fcn en etkin medyas\u0131 olan internet ve sosyal medyan\u0131n nas\u0131l bir rol \u00fcstlendi\u011fini, ge\u00e7mi\u015ften bug\u00fcne \u00e7e\u015fitli \u00f6rnekler \u00fczerinden ele al\u0131rken ayn\u0131 zamanda liberal teorisyenler taraf\u0131ndan ileri s\u00fcr\u00fclen medyan\u0131n demokratikle\u015ftirici ve \u00f6zg\u00fcrle\u015ftirici niteliklerini tart\u0131\u015fmaya a\u00e7maktad\u0131r. Yeni ileti\u015fim ve g\u00f6zetim teknolojileri bir yandan bireyin mutlak fark\u0131ndal\u0131\u011f\u0131ndan yoksun ve r\u0131zas\u0131 d\u0131\u015f\u0131nda mahremiyetinin t\u00fcm detaylar\u0131n\u0131 metala\u015ft\u0131r\u0131p dola\u015f\u0131m\u0131n\u0131 sa\u011flarken, di\u011fer yandan sundu\u011fu m\u00fcthi\u015f kitleselle\u015fme vaadiyle bireyin r\u0131zas\u0131n\u0131 \u00fcreterek mahremiyetini kamusalla\u015ft\u0131rmaktad\u0131r. End\u00fcstri, \u00f6zellikle sosyal payla\u015f\u0131m platformlar\u0131 arac\u0131l\u0131\u011f\u0131yla bireye egemenlik alan\u0131 sunmakta, varl\u0131\u011f\u0131n\u0131 kitlelere hayk\u0131rmak isteyen birey, esas\u0131nda mahremini end\u00fcstrinin egemenli\u011fine arma\u011fan etmektedir. \u0130ster r\u0131zas\u0131 d\u00e2hilinde, ister r\u0131zas\u0131 haricinde olsun bireyi nesnele\u015ftiren dijital teknolojiler, ki\u015fisel verilerden beslenmekte ve bireyin mahremiyetini ihlal ederek end\u00fcstriyi yeniden \u00fcretmektedir. Bu kitapta kar\u015f\u0131 kar\u015f\u0131ya oldu\u011fumuz bu tehdit, pek \u00e7ok g\u00fcncel \u00f6rnek \u00fczerinden detaylar\u0131 ile tart\u0131\u015f\u0131lm\u0131\u015f ve daha \u00f6zg\u00fcr bir d\u00fcnya i\u00e7in mahremiyet hakk\u0131n\u0131n \u00f6nemi ve gereklili\u011fi vurgulanm\u0131\u015ft\u0131r.<\/p>","protected":false},"featured_media":23225,"template":"","meta":{"spay_email":""},"product_cat":[169],"product_tag":[],"item":[1979],"acf":[],"_links":{"self":[{"href":"https:\/\/mgvpublications.com\/de\/wp-json\/wp\/v2\/product\/22250"}],"collection":[{"href":"https:\/\/mgvpublications.com\/de\/wp-json\/wp\/v2\/product"}],"about":[{"href":"https:\/\/mgvpublications.com\/de\/wp-json\/wp\/v2\/types\/product"}],"wp:featuredmedia":[{"embeddable":true,"href":"https:\/\/mgvpublications.com\/de\/wp-json\/wp\/v2\/media\/23225"}],"wp:attachment":[{"href":"https:\/\/mgvpublications.com\/de\/wp-json\/wp\/v2\/media?parent=22250"}],"wp:term":[{"taxonomy":"product_cat","embeddable":true,"href":"https:\/\/mgvpublications.com\/de\/wp-json\/wp\/v2\/product_cat?post=22250"},{"taxonomy":"product_tag","embeddable":true,"href":"https:\/\/mgvpublications.com\/de\/wp-json\/wp\/v2\/product_tag?post=22250"},{"taxonomy":"item","embeddable":true,"href":"https:\/\/mgvpublications.com\/de\/wp-json\/wp\/v2\/item?post=22250"}],"curies":[{"name":"wp","href":"https:\/\/api.w.org\/{rel}","templated":true}]}}