{"id":22248,"date":"2022-03-06T16:07:20","date_gmt":"2022-03-06T15:07:20","guid":{"rendered":"https:\/\/mgvpublications.com\/produkt\/cetin-ceviz-ve-cetonya\/"},"modified":"2022-03-08T22:57:42","modified_gmt":"2022-03-08T21:57:42","slug":"cetin-ceviz-ve-cetonya","status":"publish","type":"product","link":"https:\/\/mgvpublications.com\/de\/cetin-ceviz-ve-cetonya\/","title":{"rendered":"\u00c7etin Ceviz ve \u00c7etonya"},"content":{"rendered":"<p>Yay\u0131n Tarihi: 08.01.2022<br \/>ISBN: 9786257395090<br \/>Dil: T\u00dcRK\u00c7E<br \/>Sayfa Say\u0131s\u0131: 64<br \/>Cilt Tipi: Karton Kapak<br \/>Ka\u011f\u0131t Cinsi: Kitap Ka\u011f\u0131d\u0131<br \/>Boyut: 12.5 x 19.5 cm<br \/>\u00c7izer: B\u00fc\u015fra \u00c7akmak<\/p>","protected":false},"excerpt":{"rendered":"<p>\u201cT\u0131pk\u0131 D\u00fcnya\u2019m\u0131za benzeyen bir gezegenin \u00fczerindeydim. Yerde toprak, toprak \u00fczerinde bitkiler vard\u0131. Bitkiler oldu\u011funa g\u00f6re, su ve oksijen de olmal\u0131yd\u0131. Bunlar\u0131, bir saniyeden daha k\u0131sa bir s\u00fcrede kafamdan ge\u00e7irirken maskelerimize gelen uyar\u0131 ile oksijenin varl\u0131\u011f\u0131n\u0131 da anlam\u0131\u015f olduk. \u0130kimiz de maskelerimizi \u00e7\u0131kard\u0131k ve y\u00fcr\u00fcmeyi yeni \u00f6\u011frenen bir bebek \u015fa\u015fk\u0131nl\u0131\u011f\u0131yla etraf\u0131m\u0131z\u0131 incelemeye ba\u015flad\u0131k. Kocaman ve bombo\u015f bir gezegenin \u00fczerinde, sadece iki ki\u015fiydik. Her \u015feyi en ba\u015ftan ba\u015flatabilirdik.\u201d Sinan Ya\u015far\u2019\u0131n sevilen karakteri \u00c7etin Ceviz\u2019in soluksuz ilerleyen maceras\u0131 \u00c7etin Ceviz ve \u00c7etonya \u2013 S\u0131ra D\u0131\u015f\u0131 Bir Uzay Hik\u00e2yesi\u2019nde uzay\u0131n bilinmezliklerini, dede-torunun cesaretleriyle besledikleri umutlar\u0131n\u0131, bilim insanlar\u0131n\u0131n ke\u015fif yapmaya dair o dinmek bilmez i\u015ftahlar\u0131n\u0131 ve ba\u015fka gezegenlere yolculuk ettik\u00e7e D\u00fcnya\u2019m\u0131zdaki ya\u015fam\u0131n o m\u00fcthi\u015f benzersizli\u011fini okuyacaks\u0131n\u0131z.<\/p>","protected":false},"featured_media":22247,"template":"","meta":{"spay_email":""},"product_cat":[172],"product_tag":[],"item":[1895],"acf":[],"_links":{"self":[{"href":"https:\/\/mgvpublications.com\/de\/wp-json\/wp\/v2\/product\/22248"}],"collection":[{"href":"https:\/\/mgvpublications.com\/de\/wp-json\/wp\/v2\/product"}],"about":[{"href":"https:\/\/mgvpublications.com\/de\/wp-json\/wp\/v2\/types\/product"}],"wp:featuredmedia":[{"embeddable":true,"href":"https:\/\/mgvpublications.com\/de\/wp-json\/wp\/v2\/media\/22247"}],"wp:attachment":[{"href":"https:\/\/mgvpublications.com\/de\/wp-json\/wp\/v2\/media?parent=22248"}],"wp:term":[{"taxonomy":"product_cat","embeddable":true,"href":"https:\/\/mgvpublications.com\/de\/wp-json\/wp\/v2\/product_cat?post=22248"},{"taxonomy":"product_tag","embeddable":true,"href":"https:\/\/mgvpublications.com\/de\/wp-json\/wp\/v2\/product_tag?post=22248"},{"taxonomy":"item","embeddable":true,"href":"https:\/\/mgvpublications.com\/de\/wp-json\/wp\/v2\/item?post=22248"}],"curies":[{"name":"wp","href":"https:\/\/api.w.org\/{rel}","templated":true}]}}