{"id":22232,"date":"2022-03-05T19:12:08","date_gmt":"2022-03-05T18:12:08","guid":{"rendered":"https:\/\/mgvpublications.com\/?post_type=product&#038;p=22232"},"modified":"2022-03-15T21:13:46","modified_gmt":"2022-03-15T20:13:46","slug":"52-wege-die-in-das-herz-deiner-frau-fuhren","status":"publish","type":"product","link":"https:\/\/mgvpublications.com\/de\/52-wege-die-in-das-herz-deiner-frau-fuhren\/","title":{"rendered":"52 Wege, die in das Herz deiner Frau f\u00fchren"},"content":{"rendered":"<table class=\"table table-sm table-striped table-bordered-outline\">\n<tbody>\n<tr>\n<td class=\"h6\">Verlag:<\/td>\n<td class=\"attr-characteristic\"><a class=\"badge badge-light\" href=\"https:\/\/www.basari.de\/Ilm-verlag_2\" target=\"_blank\" rel=\"noopener\">Ilm verlag<\/a><\/td>\n<\/tr>\n<tr>\n<td class=\"h6\">Sprache:<\/td>\n<td class=\"attr-characteristic\"><a class=\"badge badge-light\" href=\"https:\/\/www.basari.de\/Deutsch\" target=\"_blank\" rel=\"noopener\">Deutsch<\/a><\/td>\n<\/tr>\n<tr>\n<td class=\"h6\">Buchtitel:<\/td>\n<td class=\"attr-characteristic\"><a class=\"badge badge-light\" href=\"https:\/\/www.basari.de\/52-Wege-die-in-das-Herz-deiner-Frau-fuehren\" target=\"_blank\" rel=\"noopener\">52 Wege, die in das Herz deiner Frau f\u00fchren<\/a><\/td>\n<\/tr>\n<tr>\n<td class=\"h6\">ISBN:<\/td>\n<td class=\"attr-characteristic\"><a class=\"badge badge-light\" href=\"https:\/\/www.basari.de\/9783944537023\" target=\"_blank\" rel=\"noopener\">9783944537023<\/a><\/td>\n<\/tr>\n<\/tbody>\n<\/table>\n<p>Autor: Adel Fathi Abdullah<br \/>\nEinband: Paperback<br \/>\n1. Auflage<br \/>\nFormat: 21 x 13 cm<br \/>\nISBN: 9783944537023<br \/>\nSeitenzahl: 110<br \/>\nSprache: Deutsch<\/p>","protected":false},"excerpt":{"rendered":"<p style=\"font-weight: 400;\">Allah, erhaben und gepriesen ist Er, schuf den Menschen als Mann und Frau. Und f\u00fcr den Fortbestand der Nachkommenschaft des Adamssohnes und auch um die psychischen wie auch k\u00f6rperlichen Bed\u00fcrfnisse des Menschen auf angemessene Art und Weise zu stillen, bestimmte Er f\u00fcr ihn die Ehe. Im ehrw\u00fcrdigen Quran sagte Allah sinngem\u00e4\u00df:<\/p>\n<p style=\"font-weight: 400;\"><em>Und es geh\u00f6rt zu Seinen Zeichen, dass Er euch aus euch selbst Gattinnen erschaffen hat, damit ihr bei ihnen Geborgenheit findet; und Er hat Zuneigung und Barmherzigkeit zwischen euch gesetzt. Darin sind wahrlich Zeichen f\u00fcr Leute, die nachdenken. Ar-Rum: 21<\/em><\/p>\n<p style=\"font-weight: 400;\">Und Allahs Gesandter s.a.s., den unser Herr als Vorbild und Gnade f\u00fcr die Menschen entsandte, lehrte und lebte uns selbst vor, wie eine gottgef\u00e4llige Ehe zu f\u00fchren ist. Wie in allen Bereich des Lebens zeigte er uns auch in diesem Bereich das bestm\u00f6gliche Verhalten, das ein Menschen an den Tag legen kann.<\/p>\n<p style=\"font-weight: 400;\">Der ehrenwerte Prophet veranschaulichte den M\u00e4nnern einen guten Umgang mit Ehefrauen. Er stellte ein eigenh\u00e4ndiges Beispiel f\u00fcr einen guten Ehemann dar. Er war sehr barmherzig gegen\u00fcber seinen Frauen. Er kannte die Gewohnheiten seiner Gattinnen gut und erf\u00fcllte ihre Bed\u00fcrfnisse auf gerechte Art und Weise. Er behandelte sie weder r\u00fccksichtslos noch grob. Er war kein Tyrann und Unterdr\u00fccker. Vielmehr war er ein Wegweiser, ein Beispiel der Barmherzigkeit und damit die gr\u00f6\u00dfte Gabe, die der Menschheit je zuteil wurde.<\/p>\n<p style=\"font-weight: 400;\">Selbst wenn wir den Versuch unternehmen w\u00fcrden, die Lebensgeschichte unseres Propheten\u00a0s.a.s. in Bezug auf seine Rolle als Ehemann, seine charakterlichen Besonderheiten, pers\u00f6nlichen Eigenschaften und die Beziehungen mit seinen Gattinnen seitenweise zu schildern, so werden wir nicht im Stande sein, ein vollst\u00e4ndiges Bild abzugeben.<\/p>\n<p style=\"font-weight: 400;\">Im folgenden Buch finden sie daher einige Ausz\u00fcge und zum Nachdenken anregende Geschichten bez\u00fcglich der guten Eigenschaften des Gesandten Allahs\u00a0s.a.s. und seiner unvergleichlichen Vorbildlichkeit anf\u00fchren.<\/p>\n<p style=\"font-weight: 400;\">M\u00f6ge Allah uns alle von diesen Beispielen und Lehren profitieren lassen! Amin!<\/p>","protected":false},"featured_media":22233,"template":"","meta":{"spay_email":""},"product_cat":[231],"product_tag":[],"item":[690],"acf":[],"_links":{"self":[{"href":"https:\/\/mgvpublications.com\/de\/wp-json\/wp\/v2\/product\/22232"}],"collection":[{"href":"https:\/\/mgvpublications.com\/de\/wp-json\/wp\/v2\/product"}],"about":[{"href":"https:\/\/mgvpublications.com\/de\/wp-json\/wp\/v2\/types\/product"}],"wp:featuredmedia":[{"embeddable":true,"href":"https:\/\/mgvpublications.com\/de\/wp-json\/wp\/v2\/media\/22233"}],"wp:attachment":[{"href":"https:\/\/mgvpublications.com\/de\/wp-json\/wp\/v2\/media?parent=22232"}],"wp:term":[{"taxonomy":"product_cat","embeddable":true,"href":"https:\/\/mgvpublications.com\/de\/wp-json\/wp\/v2\/product_cat?post=22232"},{"taxonomy":"product_tag","embeddable":true,"href":"https:\/\/mgvpublications.com\/de\/wp-json\/wp\/v2\/product_tag?post=22232"},{"taxonomy":"item","embeddable":true,"href":"https:\/\/mgvpublications.com\/de\/wp-json\/wp\/v2\/item?post=22232"}],"curies":[{"name":"wp","href":"https:\/\/api.w.org\/{rel}","templated":true}]}}