{"id":22228,"date":"2022-03-05T18:54:05","date_gmt":"2022-03-05T17:54:05","guid":{"rendered":"https:\/\/mgvpublications.com\/?post_type=product&#038;p=22228"},"modified":"2022-03-15T21:14:57","modified_gmt":"2022-03-15T20:14:57","slug":"hayatus-sahaba-fur-kinder-die-geschichten-der-edlen-prophetengefahrten","status":"publish","type":"product","link":"https:\/\/mgvpublications.com\/de\/hayatus-sahaba-fur-kinder-die-geschichten-der-edlen-prophetengefahrten\/","title":{"rendered":"Hayatus Sahaba f\u00fcr Kinder: Die Geschichten der edlen Prophetengef\u00e4hrten"},"content":{"rendered":"<table class=\"table table-sm table-striped table-bordered-outline\">\n<tbody>\n<tr>\n<td class=\"h6\">Verlag:<\/td>\n<td class=\"attr-characteristic\"><a class=\"badge badge-light\" href=\"https:\/\/www.basari.de\/Ilm-verlag_2\" target=\"_blank\" rel=\"noopener\">Ilm verlag<\/a><\/td>\n<\/tr>\n<tr>\n<td class=\"h6\">Sprache:<\/td>\n<td class=\"attr-characteristic\"><a class=\"badge badge-light\" href=\"https:\/\/www.basari.de\/Deutsch\" target=\"_blank\" rel=\"noopener\">Deutsch<\/a><\/td>\n<\/tr>\n<tr>\n<td class=\"h6\">ISBN:<\/td>\n<td class=\"attr-characteristic\"><a class=\"badge badge-light\" href=\"https:\/\/www.basari.de\/9783944537252\" target=\"_blank\" rel=\"noopener\">9783944537252<\/a><\/td>\n<\/tr>\n<tr>\n<td class=\"h6\">Autor:<\/td>\n<td class=\"attr-characteristic\"><a class=\"badge badge-light\" href=\"https:\/\/www.basari.de\/Salahuddin-Mahmud-as-Said\" target=\"_blank\" rel=\"noopener\">Salahuddin Mahmud as Said<\/a><\/td>\n<\/tr>\n<tr>\n<td class=\"h6\">Buchtitel:<\/td>\n<td class=\"attr-characteristic\"><a class=\"badge badge-light\" href=\"https:\/\/www.basari.de\/Hayatus-Sahaba-fuer-Kinder-Die-Geschichten-der-edlen-Prophetengefaehrten\" target=\"_blank\" rel=\"noopener\">Hayatus Sahaba f\u00fcr Kinder: Die Geschichten der edlen Prophetengef\u00e4hrten<\/a><\/td>\n<\/tr>\n<\/tbody>\n<\/table>\n<p>Autor: Salahuddin Mahmud as Said<br \/>\nISBN: 9783944537252<br \/>\nSeitenzahl: 199<br \/>\nEinband: Paperback<br \/>\nSprache: Deutsch<\/p>","protected":false},"excerpt":{"rendered":"<p>Hayatus Sahaba lil Awlad f\u00fcr Kinder. Die Geschichten der edlen Prophetengef\u00e4hrten mit wundersch\u00f6nen Illustrationen.<\/p>\n<p>Das vorliegende Werk Hayatus Sahaba, das Leben der Prophetengef\u00e4hrten, ist an unsere geliebten Kinder gerichtet. Dieses Buch soll ihnen die Vorz\u00fcge der Sahaba nahebringen und ihnen die M\u00f6glichkeit bieten, sich diese als Vorbilder zu nehmen. Denn nach dem Propheten waren sie die beste Gemeinschaft. Es waren seine edlen Gef\u00e4hrten, jene die erhabene Religion, den Islam an uns weitergaben. Das Verfassen dieser Arbeit ist f\u00fcr mich von gro\u00dfer Bedeutung. In erster Linie glaube ich, ihnen durch die Wiedergabe ihrer Lebensgeschichten meine Treue und Ergebenheit zu erweisen. Au\u00dferdem ist es von Bedeutung, Lehren aus ihren Leben zu ziehen und ihre besonderen Vorz\u00fcge hervorzuheben.<\/p>\n<p>In diesem Werk werden die Geschichten und Lehren aus dem Leben von 22 Sahaba auf eine wundersch\u00f6ne und kindgerechte Art und Weise vorgef\u00fchrt.<\/p>\n<p>Wundersch\u00f6ne und islamgerechte Illustrationen zu jedem Sahaba machen dieses Werk zu einer passenden Lekt\u00fcre f\u00fcr jede Angelegenheit, sei es f\u00fcr Gutenachtgeschichten vor dem Schlafengehen oder ein Arbeitsbuch f\u00fcr Unterrichtszwecke.<\/p>\n<p><em>Die Kinder der Gegenwart, sind das Erbe der Zukunft, wer sie erzieht, erzieht eine bl\u00fchende Generation.<\/em><\/p>\n<p><em>Der Erfolg f\u00fcr das Jenseits liegt in den Fu\u00dfstapfen der edlen Propheten und Gef\u00e4hrten.<\/em><\/p>\n<p>M\u00f6ge Allah, der Erhabene den Muslimen, Eltern und Kindern, den Gro\u00dfen und Kleinen, Geduld und Kraft geben. M\u00f6ge Allah, der Erhabene uns die Ehre geben, in die Fu\u00dfstapfen der edlen und frommen Propheten und Gef\u00e4hrten treten zu k\u00f6nnen und ihnen gegen\u00fcber ebenb\u00fcrtig zu sein.<\/p>\n<p>Allahumma Amin.<\/p>","protected":false},"featured_media":22229,"template":"","meta":{"spay_email":""},"product_cat":[231],"product_tag":[],"item":[690],"acf":[],"_links":{"self":[{"href":"https:\/\/mgvpublications.com\/de\/wp-json\/wp\/v2\/product\/22228"}],"collection":[{"href":"https:\/\/mgvpublications.com\/de\/wp-json\/wp\/v2\/product"}],"about":[{"href":"https:\/\/mgvpublications.com\/de\/wp-json\/wp\/v2\/types\/product"}],"wp:featuredmedia":[{"embeddable":true,"href":"https:\/\/mgvpublications.com\/de\/wp-json\/wp\/v2\/media\/22229"}],"wp:attachment":[{"href":"https:\/\/mgvpublications.com\/de\/wp-json\/wp\/v2\/media?parent=22228"}],"wp:term":[{"taxonomy":"product_cat","embeddable":true,"href":"https:\/\/mgvpublications.com\/de\/wp-json\/wp\/v2\/product_cat?post=22228"},{"taxonomy":"product_tag","embeddable":true,"href":"https:\/\/mgvpublications.com\/de\/wp-json\/wp\/v2\/product_tag?post=22228"},{"taxonomy":"item","embeddable":true,"href":"https:\/\/mgvpublications.com\/de\/wp-json\/wp\/v2\/item?post=22228"}],"curies":[{"name":"wp","href":"https:\/\/api.w.org\/{rel}","templated":true}]}}