{"id":22226,"date":"2022-03-05T18:48:06","date_gmt":"2022-03-05T17:48:06","guid":{"rendered":"https:\/\/mgvpublications.com\/?post_type=product&#038;p=22226"},"modified":"2022-03-17T20:47:56","modified_gmt":"2022-03-17T19:47:56","slug":"geschichten-aus-dem-leben-der-mutter-der-glaubigen-und-der-gefahrtinnen-des-propheten","status":"publish","type":"product","link":"https:\/\/mgvpublications.com\/de\/geschichten-aus-dem-leben-der-mutter-der-glaubigen-und-der-gefahrtinnen-des-propheten\/","title":{"rendered":"Geschichten aus dem Leben der M\u00fctter der Gl\u00e4ubigen und der Gef\u00e4hrtinnen des Propheten"},"content":{"rendered":"<table class=\"table table-sm table-striped table-bordered-outline\">\n<tbody>\n<tr>\n<td class=\"h6\">Verlag:<\/td>\n<td class=\"attr-characteristic\"><a class=\"badge badge-light\" href=\"https:\/\/www.basari.de\/Ilm-verlag_2\" target=\"_blank\" rel=\"noopener\">Ilm verlag<\/a><\/td>\n<\/tr>\n<tr>\n<td class=\"h6\">Sprache:<\/td>\n<td class=\"attr-characteristic\"><a class=\"badge badge-light\" href=\"https:\/\/www.basari.de\/Deutsch\" target=\"_blank\" rel=\"noopener\">Deutsch<\/a><\/td>\n<\/tr>\n<tr>\n<td class=\"h6\">Autor:<\/td>\n<td class=\"attr-characteristic\"><a class=\"badge badge-light\" href=\"https:\/\/www.basari.de\/Dr-Abdurrahman-Umaira\" target=\"_blank\" rel=\"noopener\">Dr. Abdurrahman Umaira<\/a><\/td>\n<\/tr>\n<tr>\n<td class=\"h6\">Buchtitel:<\/td>\n<td class=\"attr-characteristic\"><a class=\"badge badge-light\" href=\"https:\/\/www.basari.de\/Geschichten-aus-dem-Leben-der-Muetter-der-Glaeubigen-und-der-Gefaehrtinnen-des-Propheten\" target=\"_blank\" rel=\"noopener\">Geschichten aus dem Leben der M\u00fctter der Gl\u00e4ubigen und der Gef\u00e4hrtinnen des Propheten<\/a><\/td>\n<\/tr>\n<tr>\n<td class=\"h6\">ISBN:<\/td>\n<td class=\"attr-characteristic\"><a class=\"badge badge-light\" href=\"https:\/\/www.basari.de\/9783944537283\" target=\"_blank\" rel=\"noopener\">9783944537283<\/a><\/td>\n<\/tr>\n<\/tbody>\n<\/table>\n<p>Autor: Dr. Abdurrahman Umaira<br \/>\nHerrausgeber: Ilm Verlag<br \/>\nSeiten: 232<\/p>","protected":false},"excerpt":{"rendered":"<p><strong>Geschichten aus dem Leben der M\u00fctter der Gl\u00e4ubigen und der Gef\u00e4hrtinnen des Propheten<\/strong><\/p>\n<p>Die Frau gilt seit Jahrhunderten als Erzieherin der Kinder und eine St\u00fctze f\u00fcr ihren Ehemann. Mit einem liebevollen Gesichtsausdruck, einer warmherzigen Ber\u00fchrung und Worten der F\u00fcrsorge ist sie eine Partnerin, die das Leben versch\u00f6nert und die Unebenheiten des Weges und die Last der Arbeit erleichtert.<\/p>\n<p>Sie ist eine Schwester, die sowohl in guten als auch in schlechten Zeiten des Lebens zur Seite steht\u2026<\/p>\n<p>Sie ist eine Tochter, die ihr Zuhause mit Gl\u00fcckseligkeit und Freude erf\u00fcllt und das Augenlicht der Eltern ist\u2026<\/p>\n<p>Jedoch hat sich die Auffassung der Araber aus der Zeit der Unwissenheit in den K\u00f6pfen der Menschen verankert, welche die Frauen geringsch\u00e4tzten, deren Stellung missachteten und sie nicht an ihrem allgemeinen Leben teilhaben lie\u00dfen.<\/p>\n<p>Die Geringachtung von M\u00e4dchen und das lebendige Begraben von T\u00f6chtern war damals eine Praxis, die im edlen Quran thematisiert wird.<br \/>\nAllah, der Erhabene, sagt darin:\u00a0<em>Wenn einem von ihnen die frohe Botschaft von der Geburt eines M\u00e4dchens verk\u00fcndet wird, bleibt sein Gesicht finster, und er h\u00e4lt seinen Grimm zur\u00fcck. Er verbirgt sich vor den Leuten wegen der schlimmen Nachricht, die ihm verk\u00fcndet worden ist. Soll er es trotz der Schmach behalten oder es in die Erde stecken? Wie b\u00f6se ist, was sie urteilen!<\/em>\u00a0An Nahl, 16:58-59<\/p>\n<p>An einer anderen Stelle sagt Allah s.w.t. :\u00a0<em>\u2026und wenn das lebendig begrabene M\u00e4dchen gefragt wird, wegen welcher S\u00fcnde es get\u00f6tet wurde,\u2026<\/em>\u00a0At Takwir, 81:8-9<\/p>\n<p>In der Tat gab es eine Minderheit, die derartiges \u00dcbel verrichtete und sogar stolz darauf war. Allerdings bedeutet das nicht, dass dies eine allgemeine oder weit verbreitete Tradition war. Denn in der Vergangenheit, behandelte der Mann seine Gattin auch respektvoll und liebte sie, war eifers\u00fcchtig und besch\u00fctzte sie.<\/p>\n<p>Wenn ihre Helden in heftige Schlachten zogen, so behielten sie ihre Gattinnen, Schwestern oder M\u00fctter stets in ihren Gedanken und in ihren Herzen.<\/p>\n<p>Sie waren darin bestrebt, ihren Frauen ihre Tapferkeit und ihren Kampfgeist zu beweisen.<\/p>","protected":false},"featured_media":22227,"template":"","meta":{"spay_email":""},"product_cat":[231],"product_tag":[],"item":[690],"acf":[],"_links":{"self":[{"href":"https:\/\/mgvpublications.com\/de\/wp-json\/wp\/v2\/product\/22226"}],"collection":[{"href":"https:\/\/mgvpublications.com\/de\/wp-json\/wp\/v2\/product"}],"about":[{"href":"https:\/\/mgvpublications.com\/de\/wp-json\/wp\/v2\/types\/product"}],"wp:featuredmedia":[{"embeddable":true,"href":"https:\/\/mgvpublications.com\/de\/wp-json\/wp\/v2\/media\/22227"}],"wp:attachment":[{"href":"https:\/\/mgvpublications.com\/de\/wp-json\/wp\/v2\/media?parent=22226"}],"wp:term":[{"taxonomy":"product_cat","embeddable":true,"href":"https:\/\/mgvpublications.com\/de\/wp-json\/wp\/v2\/product_cat?post=22226"},{"taxonomy":"product_tag","embeddable":true,"href":"https:\/\/mgvpublications.com\/de\/wp-json\/wp\/v2\/product_tag?post=22226"},{"taxonomy":"item","embeddable":true,"href":"https:\/\/mgvpublications.com\/de\/wp-json\/wp\/v2\/item?post=22226"}],"curies":[{"name":"wp","href":"https:\/\/api.w.org\/{rel}","templated":true}]}}