{"id":22220,"date":"2022-03-05T18:09:40","date_gmt":"2022-03-05T17:09:40","guid":{"rendered":"https:\/\/mgvpublications.com\/?post_type=product&#038;p=22220"},"modified":"2022-03-17T20:46:43","modified_gmt":"2022-03-17T19:46:43","slug":"wie-entflieht-man-den-sunden","status":"publish","type":"product","link":"https:\/\/mgvpublications.com\/de\/wie-entflieht-man-den-sunden\/","title":{"rendered":"Wie entflieht man den S\u00fcnden"},"content":{"rendered":"<table class=\"table table-sm table-striped table-bordered-outline\">\n<tbody>\n<tr>\n<td class=\"h6\">Verlag:<\/td>\n<td class=\"attr-characteristic\"><a class=\"badge badge-light\" href=\"https:\/\/www.basari.de\/Ilm-verlag_2\" target=\"_blank\" rel=\"noopener\">Ilm verlag<\/a><\/td>\n<\/tr>\n<tr>\n<td class=\"h6\">Sprache:<\/td>\n<td class=\"attr-characteristic\"><a class=\"badge badge-light\" href=\"https:\/\/www.basari.de\/Deutsch\" target=\"_blank\" rel=\"noopener\">Deutsch<\/a><\/td>\n<\/tr>\n<tr>\n<td class=\"h6\">Autor:<\/td>\n<td class=\"attr-characteristic\"><a class=\"badge badge-light\" href=\"https:\/\/www.basari.de\/Ibn-al-Qayyim-al-Jauziyya_1\" target=\"_blank\" rel=\"noopener\">Ibn al Qayyim al Jauziyya<\/a><\/td>\n<\/tr>\n<tr>\n<td class=\"h6\">ISBN:<\/td>\n<td class=\"attr-characteristic\"><a class=\"badge badge-light\" href=\"https:\/\/www.basari.de\/9783944537139\" target=\"_blank\" rel=\"noopener\">9783944537139<\/a><\/td>\n<\/tr>\n<tr>\n<td class=\"h6\">Buchtitel:<\/td>\n<td class=\"attr-characteristic\"><a class=\"badge badge-light\" href=\"https:\/\/www.basari.de\/Wie-entflieht-man-den-Suenden\" target=\"_blank\" rel=\"noopener\">Wie entflieht man den S\u00fcnden<\/a><\/td>\n<\/tr>\n<\/tbody>\n<\/table>\n<p>Autor: Ibnul Qayyim Al Jauziyah<br \/>\nISBN: 9783944537139<br \/>\nSeiten: 88<\/p>","protected":false},"excerpt":{"rendered":"<p>WIE ENTFLIEHT MAN DEN S\u00dcNDEN<br \/>\nWege und Mittel, um den Ungehorsam Allah gegen\u00fcber zu vermeiden<br \/>\nBasierend auf den Worten von IMAM IBNUL QAYYIM<br \/>\nUddah as Sabirin wa Dhakhirah ash Shakirin<\/p>\n<p>DR. ABDUR RAZZAQ IBN ABDUL MUHSIN AL BADR<\/p>\n<p>Dieses Buch basiert auf den Worten des Werkes des gro\u00dfen islamischen Gelehrten Ibnul Qayyim Al Jauziah, n\u00e4mlich Uddah as Sabirin wa Dhakhirah ash Shakirin. Es handelt sich um ein Werk, das uns unter dem Titel, Wie entflieht man den S\u00fcnden, Wege und Mittel, um den Ungehorsam Allah gegen\u00fcber zu vermeiden, von Dr. Abdur Razzaq ibn Abdul Muhsin al Badr vorgestellt wird. Das Buch bezieht sich auf die Dinge oder die Gr\u00fcnde, die den Gl\u00e4ubigen dazu bringen zu bereuen und ihm dabei helfen, dies schnellstens zu tun und um S\u00fcnden zu vermeiden und sich weit von ihnen fernzuhalten, wenn immer sein Nafs ihn dazu verleitet.<br \/>\nAufgeteilt ist das Werk in zwanzig leicht verst\u00e4ndliche verschiedene motivierende Faktoren, in erstaunlicher Weise zusammengestellt, mit Pr\u00e4gnanz diskutiert und f\u00fcr den Gl\u00e4ubigen auf eine nutzbringende Art erkl\u00e4rt.<br \/>\nEin unentbehrliches Werk eines jeden Gl\u00e4ubigen.<\/p>","protected":false},"featured_media":22221,"template":"","meta":{"spay_email":""},"product_cat":[231],"product_tag":[],"item":[690],"acf":[],"_links":{"self":[{"href":"https:\/\/mgvpublications.com\/de\/wp-json\/wp\/v2\/product\/22220"}],"collection":[{"href":"https:\/\/mgvpublications.com\/de\/wp-json\/wp\/v2\/product"}],"about":[{"href":"https:\/\/mgvpublications.com\/de\/wp-json\/wp\/v2\/types\/product"}],"wp:featuredmedia":[{"embeddable":true,"href":"https:\/\/mgvpublications.com\/de\/wp-json\/wp\/v2\/media\/22221"}],"wp:attachment":[{"href":"https:\/\/mgvpublications.com\/de\/wp-json\/wp\/v2\/media?parent=22220"}],"wp:term":[{"taxonomy":"product_cat","embeddable":true,"href":"https:\/\/mgvpublications.com\/de\/wp-json\/wp\/v2\/product_cat?post=22220"},{"taxonomy":"product_tag","embeddable":true,"href":"https:\/\/mgvpublications.com\/de\/wp-json\/wp\/v2\/product_tag?post=22220"},{"taxonomy":"item","embeddable":true,"href":"https:\/\/mgvpublications.com\/de\/wp-json\/wp\/v2\/item?post=22220"}],"curies":[{"name":"wp","href":"https:\/\/api.w.org\/{rel}","templated":true}]}}