{"id":22200,"date":"2022-03-05T14:47:03","date_gmt":"2022-03-05T13:47:03","guid":{"rendered":"https:\/\/mgvpublications.com\/?post_type=product&#038;p=22200"},"modified":"2022-05-03T11:16:05","modified_gmt":"2022-05-03T09:16:05","slug":"al-buchari-muslim-4-bandig-al-lu-lu-u-wal-mardschan","status":"publish","type":"product","link":"https:\/\/mgvpublications.com\/de\/al-buchari-muslim-4-bandig-al-lu-lu-u-wal-mardschan\/","title":{"rendered":"Al-Buchari &#038; Muslim (4 B\u00e4ndig) (Al-Lu lu u wal-Mardschan)"},"content":{"rendered":"","protected":false},"excerpt":{"rendered":"<p><strong>Alle \u00dcberlieferungen, die beide Gelehrten (<\/strong>Al-Buchari und Muslim\u00a0<strong>)\u00a0als sahih bewerteten! Arabisch &amp; Deutsch<\/strong><br \/>\nJetzt erstmalig in deutscher Sprache erschienen, ist\u00a0<strong>&#8220;Al-Lu&#8217;lu&#8217; wal-Mardsch\u00e2n&#8221;<\/strong>\u00a0eines der authentischsten und sichersten Werke der islamischen Literatur nach dem edlen Quran. 4 B\u00e4nde mit zu 2000 Ahadith, die unsere Gro\u00dfgelehrten Al-Buchari und Muslim einstimmig als authentisch einstuften, in Arabisch und Deutsch.\u00dcbersetzung aus dem arabischen: Abdullah as-Samit Frank Bubenheim<br \/>\nDieses Buch beinhaltet nichts Geringeres als das nach dem Quran sicherste Wissen, das uns \u00fcber den abschlie\u00dfenden Propheten und Gesandten Allahs vorliegt.<\/p>","protected":false},"featured_media":22201,"template":"","meta":{"spay_email":""},"product_cat":[231],"product_tag":[],"item":[690],"acf":[],"_links":{"self":[{"href":"https:\/\/mgvpublications.com\/de\/wp-json\/wp\/v2\/product\/22200"}],"collection":[{"href":"https:\/\/mgvpublications.com\/de\/wp-json\/wp\/v2\/product"}],"about":[{"href":"https:\/\/mgvpublications.com\/de\/wp-json\/wp\/v2\/types\/product"}],"wp:featuredmedia":[{"embeddable":true,"href":"https:\/\/mgvpublications.com\/de\/wp-json\/wp\/v2\/media\/22201"}],"wp:attachment":[{"href":"https:\/\/mgvpublications.com\/de\/wp-json\/wp\/v2\/media?parent=22200"}],"wp:term":[{"taxonomy":"product_cat","embeddable":true,"href":"https:\/\/mgvpublications.com\/de\/wp-json\/wp\/v2\/product_cat?post=22200"},{"taxonomy":"product_tag","embeddable":true,"href":"https:\/\/mgvpublications.com\/de\/wp-json\/wp\/v2\/product_tag?post=22200"},{"taxonomy":"item","embeddable":true,"href":"https:\/\/mgvpublications.com\/de\/wp-json\/wp\/v2\/item?post=22200"}],"curies":[{"name":"wp","href":"https:\/\/api.w.org\/{rel}","templated":true}]}}