{"id":22135,"date":"2022-02-17T16:39:24","date_gmt":"2022-02-17T15:39:24","guid":{"rendered":"https:\/\/mgvpublications.com\/?post_type=product&#038;p=22135"},"modified":"2022-03-17T20:49:59","modified_gmt":"2022-03-17T19:49:59","slug":"an-nawawyys-vierzig-hadithe-mit-kommentar","status":"publish","type":"product","link":"https:\/\/mgvpublications.com\/de\/an-nawawyys-vierzig-hadithe-mit-kommentar\/","title":{"rendered":"An-Nawawyys Vierzig Hadithe mit Kommentar"},"content":{"rendered":"<p>aus dem Arabischen von<br \/>\n&#8216;Abdullah As-Samit Frank Bubenheim<br \/>\nSoftcover, 14,8 x 21 cm, 224 Seiten<\/p>","protected":false},"excerpt":{"rendered":"<p>Imam An-Nawawyy ist Muhyi-d-din Ibn ?arafiddin, geboren im Jahre 631 n. H. (1233 n. Chr.) in Nawa bei Damaskus. Dort genoss er eine vorbildliche Erziehung in seinem islamisch gepr\u00e4gten Elternhaus. Schon vor seiner Pubert\u00e4t konnte er den ganzen Qur&#8217;an auswendig vortragen und hatte bereits einige der Fiqh-B\u00fccher gelesen, welche sonst f\u00fcr sein Alter nicht leicht verdaulich sein d\u00fcrften.<br \/>\nDie von seinen Eltern fr\u00fchzeitig erkannte Veranlagung f\u00fcr das islamische Wissen veranlasste sie, ihn nach Damaskus zu schicken, wo er eine fundierte Ausbildung durchmachte (absolvierte) und anschlie\u00dfend in noch jungem Alter im Jahre 665 n. H. (1267 n. Chr.) als Scheich und Lehrer derselben Schule eingesetzt wurde.<br \/>\nEr pilgerte zweimal nach Makka und besuchte u. a. Jerusalem und kehrte zuletzt zu seinem Geburtsort zur\u00fcck, wo er nach einer Krankheit am 24. Ragab des Jahres 676 n. H. (1277 n. Chr.) starb.<br \/>\nObwohl er nicht mehr als 45 Jahre lebte, gilt sein Leben auf dieser Erde als sehr segensreich: unerm\u00fcdlich und unaufhaltsam lernte er selbst viel und strahlte sein Wissen auf die Mitmenschen in seiner Umwelt aus; er lehrte und schrieb seine gelehrsamen Werke, welche zu den wertvollsten Sch\u00e4tzen der islamischen Bibliothek geh\u00f6ren. Unumstritten war er ein gro\u00dfer Gelehrter mit tief fundiertem Wissen und vor allem mit edlem Charakter. Seine heldenhafte Tapferkeit und Zivilcourage gegen\u00fcber Machthabern um die Wahrheit und Gerechtigkeit sowie seine makellose Lebensf\u00fchrung sind f\u00fcr seine Sch\u00fcler beispielhaft.<\/p>","protected":false},"featured_media":22136,"template":"","meta":{"spay_email":""},"product_cat":[231],"product_tag":[],"item":[],"acf":[],"_links":{"self":[{"href":"https:\/\/mgvpublications.com\/de\/wp-json\/wp\/v2\/product\/22135"}],"collection":[{"href":"https:\/\/mgvpublications.com\/de\/wp-json\/wp\/v2\/product"}],"about":[{"href":"https:\/\/mgvpublications.com\/de\/wp-json\/wp\/v2\/types\/product"}],"wp:featuredmedia":[{"embeddable":true,"href":"https:\/\/mgvpublications.com\/de\/wp-json\/wp\/v2\/media\/22136"}],"wp:attachment":[{"href":"https:\/\/mgvpublications.com\/de\/wp-json\/wp\/v2\/media?parent=22135"}],"wp:term":[{"taxonomy":"product_cat","embeddable":true,"href":"https:\/\/mgvpublications.com\/de\/wp-json\/wp\/v2\/product_cat?post=22135"},{"taxonomy":"product_tag","embeddable":true,"href":"https:\/\/mgvpublications.com\/de\/wp-json\/wp\/v2\/product_tag?post=22135"},{"taxonomy":"item","embeddable":true,"href":"https:\/\/mgvpublications.com\/de\/wp-json\/wp\/v2\/item?post=22135"}],"curies":[{"name":"wp","href":"https:\/\/api.w.org\/{rel}","templated":true}]}}